{"id":1089,"date":"2021-04-30T11:25:02","date_gmt":"2021-04-30T08:25:02","guid":{"rendered":"http:\/\/hermes.demositeler.xyz\/?page_id=1089"},"modified":"2021-05-18T16:50:45","modified_gmt":"2021-05-18T13:50:45","slug":"ar-sliding-gate-operator","status":"publish","type":"page","link":"https:\/\/hermess.com.tr\/ar\/ar-sliding-gate-operator\/","title":{"rendered":"\u0623\u0648\u062a\u0648\u0645\u0627\u062a\u064a\u0629 \u0628\u0627\u0628 \u0627\u0644\u062d\u062f\u064a\u0642"},"content":{"rendered":"\t\t<div data-elementor-type=\"wp-page\" data-elementor-id=\"1089\" class=\"elementor elementor-1089\" data-elementor-settings=\"[]\">\n\t\t\t\t\t\t\t<div class=\"elementor-section-wrap\">\n\t\t\t\t\t\t\t<section class=\"elementor-section elementor-top-section elementor-element elementor-element-a18461b elementor-section-boxed elementor-section-height-default elementor-section-height-default\" data-id=\"a18461b\" data-element_type=\"section\">\n\t\t\t\t\t\t<div class=\"elementor-container elementor-column-gap-default\">\n\t\t\t\t\t<div class=\"elementor-column elementor-col-100 elementor-top-column elementor-element elementor-element-76f28c31\" data-id=\"76f28c31\" data-element_type=\"column\">\n\t\t\t<div class=\"elementor-widget-wrap elementor-element-populated\">\n\t\t\t\t\t\t\t\t<div class=\"elementor-element elementor-element-77067274 elementor-arrows-position-inside elementor-pagination-position-outside elementor-widget elementor-widget-image-carousel\" data-id=\"77067274\" data-element_type=\"widget\" data-settings=\"{&quot;image_spacing_custom&quot;:{&quot;unit&quot;:&quot;px&quot;,&quot;size&quot;:10,&quot;sizes&quot;:[]},&quot;navigation&quot;:&quot;both&quot;,&quot;autoplay&quot;:&quot;yes&quot;,&quot;pause_on_hover&quot;:&quot;yes&quot;,&quot;pause_on_interaction&quot;:&quot;yes&quot;,&quot;autoplay_speed&quot;:5000,&quot;infinite&quot;:&quot;yes&quot;,&quot;speed&quot;:500}\" data-widget_type=\"image-carousel.default\">\n\t\t\t\t<div class=\"elementor-widget-container\">\n\t\t\t\t\t<div class=\"elementor-image-carousel-wrapper swiper-container\" dir=\"ltr\">\n\t\t\t<div class=\"elementor-image-carousel swiper-wrapper\">\n\t\t\t\t<div class=\"swiper-slide\"><a data-elementor-open-lightbox=\"yes\" data-elementor-lightbox-slideshow=\"77067274\" data-elementor-lightbox-title=\"Bahc\u0327e-kap\u0131-motoru\" href=\"https:\/\/hermess.com.tr\/ar\/wp-content\/uploads\/2021\/04\/Bahc\u0327e-kapi-motoru.jpg\"><figure class=\"swiper-slide-inner\"><img decoding=\"async\" class=\"swiper-slide-image\" src=\"https:\/\/hermess.com.tr\/ar\/wp-content\/uploads\/elementor\/thumbs\/Bahc\u0327e-kapi-motoru-p5lqixn6c6x13ufxw4xi44ijbug8s3asrkuxmrp9v0.jpg\" alt=\"Bahc\u0327e-kap\u0131-motoru\" \/><\/figure><\/a><\/div><div class=\"swiper-slide\"><a data-elementor-open-lightbox=\"yes\" data-elementor-lightbox-slideshow=\"77067274\" data-elementor-lightbox-title=\"bahc\u0327e-motor-sistemi\" href=\"https:\/\/hermess.com.tr\/ar\/wp-content\/uploads\/2021\/04\/bahc\u0327e-motor-sistemi.jpg\"><figure class=\"swiper-slide-inner\"><img decoding=\"async\" class=\"swiper-slide-image\" src=\"https:\/\/hermess.com.tr\/ar\/wp-content\/uploads\/elementor\/thumbs\/bahc\u0327e-motor-sistemi-p5lqj71k8j9wby2ad8zrt2559p5wx2c44vdsfjbc4s.jpg\" alt=\"bahc\u0327e-motor-sistemi\" \/><\/figure><\/a><\/div><div class=\"swiper-slide\"><a data-elementor-open-lightbox=\"yes\" data-elementor-lightbox-slideshow=\"77067274\" data-elementor-lightbox-title=\"Bahc\u0327e-kap\u0131-motoru-Italyan1\" href=\"https:\/\/hermess.com.tr\/ar\/wp-content\/uploads\/2021\/04\/Bahc\u0327e-kapi-motoru-Italyan1.jpg\"><figure class=\"swiper-slide-inner\"><img decoding=\"async\" class=\"swiper-slide-image\" src=\"https:\/\/hermess.com.tr\/ar\/wp-content\/uploads\/elementor\/thumbs\/Bahc\u0327e-kapi-motoru-Italyan1-p5lqiyl0j0ybfgekqnc4om9zx8blzsej3pif41nvos.jpg\" alt=\"Bahc\u0327e-kap\u0131-motoru-Italyan1\" \/><\/figure><\/a><\/div><div class=\"swiper-slide\"><a data-elementor-open-lightbox=\"yes\" data-elementor-lightbox-slideshow=\"77067274\" data-elementor-lightbox-title=\"bahc\u0327e-kap\u0131-motoru-sistemi\" href=\"https:\/\/hermess.com.tr\/ar\/wp-content\/uploads\/2021\/04\/bahc\u0327e-kapi-motoru-sistemi.jpg\"><figure class=\"swiper-slide-inner\"><img decoding=\"async\" class=\"swiper-slide-image\" src=\"https:\/\/hermess.com.tr\/ar\/wp-content\/uploads\/elementor\/thumbs\/bahc\u0327e-kapi-motoru-sistemi-p5lqiziupuzlr2d7l5qr941gim6z7hi9fu5wlbmhik.jpg\" alt=\"bahc\u0327e-kap\u0131-motoru-sistemi\" \/><\/figure><\/a><\/div><div class=\"swiper-slide\"><a data-elementor-open-lightbox=\"yes\" data-elementor-lightbox-slideshow=\"77067274\" data-elementor-lightbox-title=\"Bahc\u0327e-kap\u0131s\u0131\" href=\"https:\/\/hermess.com.tr\/ar\/wp-content\/uploads\/2021\/04\/Bahc\u0327e-kapisi.jpg\"><figure class=\"swiper-slide-inner\"><img decoding=\"async\" class=\"swiper-slide-image\" src=\"https:\/\/hermess.com.tr\/ar\/wp-content\/uploads\/elementor\/thumbs\/Bahc\u0327e-kapisi-p5lqj1ej3j26eaaha6k0e3kdpdxpmvpq43gvjvjp64.jpg\" alt=\"Bahc\u0327e-kap\u0131s\u0131\" \/><\/figure><\/a><\/div><div class=\"swiper-slide\"><a data-elementor-open-lightbox=\"yes\" data-elementor-lightbox-slideshow=\"77067274\" data-elementor-lightbox-title=\"bahc\u0327e-kap\u0131s\u0131-otomasyonu-1\" href=\"https:\/\/hermess.com.tr\/ar\/wp-content\/uploads\/2021\/04\/bahc\u0327e-kapisi-otomasyonu-1.jpg\"><figure class=\"swiper-slide-inner\"><img decoding=\"async\" class=\"swiper-slide-image\" src=\"https:\/\/hermess.com.tr\/ar\/wp-content\/uploads\/elementor\/thumbs\/bahc\u0327e-kapisi-otomasyonu-1-p5lqj481o161d46dtprw3kurhjjt9z0x4hfbzpfing.jpg\" alt=\"bahc\u0327e-kap\u0131s\u0131-otomasyonu-1\" \/><\/figure><\/a><\/div><div class=\"swiper-slide\"><a data-elementor-open-lightbox=\"yes\" data-elementor-lightbox-slideshow=\"77067274\" data-elementor-lightbox-title=\"Italyan-bahc\u0327e-kap\u0131-motoru\" href=\"https:\/\/hermess.com.tr\/ar\/wp-content\/uploads\/2021\/04\/Italyan-bahc\u0327e-kapi-motoru.jpg\"><figure class=\"swiper-slide-inner\"><img decoding=\"async\" class=\"swiper-slide-image\" src=\"https:\/\/hermess.com.tr\/ar\/wp-content\/uploads\/elementor\/thumbs\/Italyan-bahc\u0327e-kapi-motoru-p5lqj8x8m7cgz5zk29t0y1o2ggwncgjkt4ore38jsc.jpg\" alt=\"Italyan-bahc\u0327e-kap\u0131-motoru\" \/><\/figure><\/a><\/div><div class=\"swiper-slide\"><a data-elementor-open-lightbox=\"yes\" data-elementor-lightbox-slideshow=\"77067274\" data-elementor-lightbox-title=\"Italyan-bahc\u0327e-motoru-5\" href=\"https:\/\/hermess.com.tr\/ar\/wp-content\/uploads\/2021\/04\/Italyan-bahc\u0327e-motoru-5.jpg\"><figure class=\"swiper-slide-inner\"><img decoding=\"async\" class=\"swiper-slide-image\" src=\"https:\/\/hermess.com.tr\/ar\/wp-content\/uploads\/elementor\/thumbs\/Italyan-bahc\u0327e-motoru-5-p5lqj9v2t1drary6ws7nijfj1us0k5nb59c8vd75m4.jpg\" alt=\"Italyan-bahc\u0327e-motoru-5\" \/><\/figure><\/a><\/div><div class=\"swiper-slide\"><a data-elementor-open-lightbox=\"yes\" data-elementor-lightbox-slideshow=\"77067274\" data-elementor-lightbox-title=\"2021_03_29_13_41_IMG_1083\" href=\"https:\/\/hermess.com.tr\/ar\/wp-content\/uploads\/2021\/05\/2021_03_29_13_41_IMG_1083.jpg\"><figure class=\"swiper-slide-inner\"><img decoding=\"async\" class=\"swiper-slide-image\" src=\"https:\/\/hermess.com.tr\/ar\/wp-content\/uploads\/elementor\/thumbs\/2021_03_29_13_41_IMG_1083-p7cnaf4sabdi5fesa2j23fsw8u4vfwnamyt3vq5lbg.jpg\" alt=\"2021_03_29_13_41_IMG_1083\" \/><\/figure><\/a><\/div><div class=\"swiper-slide\"><a data-elementor-open-lightbox=\"yes\" data-elementor-lightbox-slideshow=\"77067274\" data-elementor-lightbox-title=\"2021_03_31_15_08_IMG_1067\" href=\"https:\/\/hermess.com.tr\/ar\/wp-content\/uploads\/2021\/05\/2021_03_31_15_08_IMG_1067.jpg\"><figure class=\"swiper-slide-inner\"><img decoding=\"async\" class=\"swiper-slide-image\" src=\"https:\/\/hermess.com.tr\/ar\/wp-content\/uploads\/elementor\/thumbs\/2021_03_31_15_08_IMG_1067-p7cnaiw51ninfv9bo45kdeuqmdmcap27zhf1su00mk.jpg\" alt=\"2021_03_31_15_08_IMG_1067\" \/><\/figure><\/a><\/div><div class=\"swiper-slide\"><a data-elementor-open-lightbox=\"yes\" data-elementor-lightbox-slideshow=\"77067274\" data-elementor-lightbox-title=\"2021_04_24_08_50_IMG_1287\" href=\"https:\/\/hermess.com.tr\/ar\/wp-content\/uploads\/2021\/05\/2021_04_24_08_50_IMG_1287-scaled.jpg\"><figure class=\"swiper-slide-inner\"><img decoding=\"async\" class=\"swiper-slide-image\" src=\"https:\/\/hermess.com.tr\/ar\/wp-content\/uploads\/elementor\/thumbs\/2021_04_24_08_50_IMG_1287-scaled-p7cnaph0dhrnp4zrlozycv6ys2pwsksccdzg5rq9f0.jpg\" alt=\"2021_04_24_08_50_IMG_1287\" \/><\/figure><\/a><\/div><div class=\"swiper-slide\"><a data-elementor-open-lightbox=\"yes\" data-elementor-lightbox-slideshow=\"77067274\" data-elementor-lightbox-title=\"bah\u00e7e kap\u0131s\u0131 2\" href=\"https:\/\/hermess.com.tr\/ar\/wp-content\/uploads\/2021\/05\/bahce-kapisi-2.jpg\"><figure class=\"swiper-slide-inner\"><img decoding=\"async\" class=\"swiper-slide-image\" src=\"https:\/\/hermess.com.tr\/ar\/wp-content\/uploads\/elementor\/thumbs\/bahce-kapisi-2-p7cnav41ihzdmsrkorfprtrqcdy42reqd5wd1fhwdo.jpg\" alt=\"bah\u00e7e kap\u0131s\u0131 2\" \/><\/figure><\/a><\/div><div class=\"swiper-slide\"><a data-elementor-open-lightbox=\"yes\" data-elementor-lightbox-slideshow=\"77067274\" data-elementor-lightbox-title=\"bah\u00e7e kap\u0131s\u0131 3\" href=\"https:\/\/hermess.com.tr\/ar\/wp-content\/uploads\/2021\/05\/bahce-kapisi-3.jpg\"><figure class=\"swiper-slide-inner\"><img decoding=\"async\" class=\"swiper-slide-image\" src=\"https:\/\/hermess.com.tr\/ar\/wp-content\/uploads\/elementor\/thumbs\/bahce-kapisi-3-p7cnaxxk3038lmnh8anlhb244jk7pupxdjuth9dpv0.jpg\" alt=\"bah\u00e7e kap\u0131s\u0131 3\" \/><\/figure><\/a><\/div><div class=\"swiper-slide\"><a data-elementor-open-lightbox=\"yes\" data-elementor-lightbox-slideshow=\"77067274\" data-elementor-lightbox-title=\"bah\u00e7e kap\u0131s\u0131\" href=\"https:\/\/hermess.com.tr\/ar\/wp-content\/uploads\/2021\/05\/bahce-kapisi.jpg\"><figure class=\"swiper-slide-inner\"><img decoding=\"async\" class=\"swiper-slide-image\" src=\"https:\/\/hermess.com.tr\/ar\/wp-content\/uploads\/elementor\/thumbs\/bahce-kapisi-p7cnb2mr169o7ognguoqbrvf3gx1sc8l2748vn6qzw.jpg\" alt=\"bah\u00e7e kap\u0131s\u0131\" \/><\/figure><\/a><\/div><div class=\"swiper-slide\"><a data-elementor-open-lightbox=\"yes\" data-elementor-lightbox-slideshow=\"77067274\" data-elementor-lightbox-title=\"WhatsApp Image 2021-04-23 at 18.40.57\" href=\"https:\/\/hermess.com.tr\/ar\/wp-content\/uploads\/2021\/05\/WhatsApp-Image-2021-04-23-at-18.40.57.jpeg\"><figure class=\"swiper-slide-inner\"><img decoding=\"async\" class=\"swiper-slide-image\" src=\"https:\/\/hermess.com.tr\/ar\/wp-content\/uploads\/elementor\/thumbs\/WhatsApp-Image-2021-04-23-at-18.40.57-p7cnb5g9lodj6ick0dwm195svmj5ffjs2l2pbh2kh8.jpeg\" alt=\"WhatsApp Image 2021-04-23 at 18.40.57\" \/><\/figure><\/a><\/div><div class=\"swiper-slide\"><a data-elementor-open-lightbox=\"yes\" data-elementor-lightbox-slideshow=\"77067274\" data-elementor-lightbox-title=\"2019_11_28_13_08_IMG_4137\" href=\"https:\/\/hermess.com.tr\/ar\/wp-content\/uploads\/2021\/05\/2019_11_28_13_08_IMG_4137.jpg\"><figure class=\"swiper-slide-inner\"><img decoding=\"async\" class=\"swiper-slide-image\" src=\"https:\/\/hermess.com.tr\/ar\/wp-content\/uploads\/elementor\/thumbs\/2019_11_28_13_08_IMG_4137-p7cnb6e3sieti4b6uwb8lqx9h0ein4niepq6sr16b0.jpg\" alt=\"2019_11_28_13_08_IMG_4137\" \/><\/figure><\/a><\/div><div class=\"swiper-slide\"><a data-elementor-open-lightbox=\"yes\" data-elementor-lightbox-slideshow=\"77067274\" data-elementor-lightbox-title=\"2019_12_24_17_08_IMG_2266\" href=\"https:\/\/hermess.com.tr\/ar\/wp-content\/uploads\/2021\/05\/2019_12_24_17_08_IMG_2266.jpg\"><figure class=\"swiper-slide-inner\"><img decoding=\"async\" class=\"swiper-slide-image\" src=\"https:\/\/hermess.com.tr\/ar\/wp-content\/uploads\/elementor\/thumbs\/2019_12_24_17_08_IMG_2266-p7cnb89s66he5c8gjx4hqqg6ns592iuz2z15raydyk.jpg\" alt=\"2019_12_24_17_08_IMG_2266\" \/><\/figure><\/a><\/div><div class=\"swiper-slide\"><a data-elementor-open-lightbox=\"yes\" data-elementor-lightbox-slideshow=\"77067274\" data-elementor-lightbox-title=\"2020_01_14_14_56_IMG_5013\" href=\"https:\/\/hermess.com.tr\/ar\/wp-content\/uploads\/2021\/05\/2020_01_14_14_56_IMG_5013.jpg\"><figure class=\"swiper-slide-inner\"><img decoding=\"async\" class=\"swiper-slide-image\" src=\"https:\/\/hermess.com.tr\/ar\/wp-content\/uploads\/elementor\/thumbs\/2020_01_14_14_56_IMG_5013-p7cnba5gjujysk5q8xxqvpz3ujvzhx2fr8c4puvlm4.jpg\" alt=\"2020_01_14_14_56_IMG_5013\" \/><\/figure><\/a><\/div><div class=\"swiper-slide\"><a data-elementor-open-lightbox=\"yes\" data-elementor-lightbox-slideshow=\"77067274\" data-elementor-lightbox-title=\"2020_01_19_16_52_IMG_5100\" href=\"https:\/\/hermess.com.tr\/ar\/wp-content\/uploads\/2021\/05\/2020_01_19_16_52_IMG_5100.jpg\"><figure class=\"swiper-slide-inner\"><img decoding=\"async\" class=\"swiper-slide-image\" src=\"https:\/\/hermess.com.tr\/ar\/wp-content\/uploads\/elementor\/thumbs\/2020_01_19_16_52_IMG_5100-p7cnbcyz4cntre1msh5ml79hmpi350dmrmal5orf3g.jpg\" alt=\"2020_01_19_16_52_IMG_5100\" \/><\/figure><\/a><\/div>\t\t\t<\/div>\n\t\t\t\t\t\t\t\t\t\t\t\t<div class=\"swiper-pagination\"><\/div>\n\t\t\t\t\t\t\t\t\t\t\t\t\t<div class=\"elementor-swiper-button elementor-swiper-button-prev\">\n\t\t\t\t\t\t<i class=\"eicon-chevron-left\" aria-hidden=\"true\"><\/i>\n\t\t\t\t\t\t<span class=\"elementor-screen-only\">\u00d6nceki<\/span>\n\t\t\t\t\t<\/div>\n\t\t\t\t\t<div class=\"elementor-swiper-button elementor-swiper-button-next\">\n\t\t\t\t\t\t<i class=\"eicon-chevron-right\" aria-hidden=\"true\"><\/i>\n\t\t\t\t\t\t<span class=\"elementor-screen-only\">Sonraki<\/span>\n\t\t\t\t\t<\/div>\n\t\t\t\t\t\t\t\t\t<\/div>\n\t\t\t\t<\/div>\n\t\t\t\t<\/div>\n\t\t\t\t\t<\/div>\n\t\t<\/div>\n\t\t\t\t\t\t\t<\/div>\n\t\t<\/section>\n\t\t\t\t<section class=\"elementor-section elementor-top-section elementor-element elementor-element-4a7cd08d elementor-section-boxed elementor-section-height-default elementor-section-height-default\" data-id=\"4a7cd08d\" data-element_type=\"section\">\n\t\t\t\t\t\t<div class=\"elementor-container elementor-column-gap-default\">\n\t\t\t\t\t<div class=\"elementor-column elementor-col-100 elementor-top-column elementor-element elementor-element-5f7597b7\" data-id=\"5f7597b7\" data-element_type=\"column\">\n\t\t\t<div class=\"elementor-widget-wrap elementor-element-populated\">\n\t\t\t\t\t\t\t\t<div class=\"elementor-element elementor-element-9e8fac0 elementor-widget elementor-widget-text-editor\" data-id=\"9e8fac0\" data-element_type=\"widget\" data-widget_type=\"text-editor.default\">\n\t\t\t\t<div class=\"elementor-widget-container\">\n\t\t\t\t\t\t\t\t<p><strong>\u0645\u0648\u062a\u0648\u0631 \u0628\u0627\u0628 \u0627\u0644\u062d\u062f\u064a\u0642<\/strong><\/p><p>\u0623\u0628\u0648\u0627\u0628 \u0627\u0644\u062d\u062f\u064a\u0642 \u0627\u0644\u0645\u0646\u0632\u0644\u0642 \u0627\u0644\u0623\u064f\u0648\u062a\u0648\u0645\u0627\u062a\u0643\u064a \u062d\u0644\u0648\u0644 \u0645\u0646\u0627\u0633\u0628 \u0644\u0645\u062f\u0627\u062e\u0644 \u0648 \u0645\u062e\u0627\u0631\u062c\u00a0 \u0627\u0644\u0641\u064a\u0644\u0627\u0651\u0650\u060c\u0627\u0644\u0639\u0645\u0627\u0631\u0629\u060c\u0627\u0644\u0645\u062c\u0645\u0651\u064e\u0639 \u0648 \u0627\u0644\u0645\u0646\u0634\u0623\u0629 \u0627\u0644\u0635\u0646\u0627\u0639\u064a\u0629.\u0625\u062e\u062a\u0632\u0644 \u0623\u0628\u0648\u0627\u0628 \u0627\u0644\u062d\u062f\u0627\u0626\u0642 \u0627\u0644\u0645\u0646\u0632\u0644\u0642\u0629 \u0645\u0646 \u0636\u064a\u0627\u0639 \u0627\u0644\u0648\u0642\u062a \u0645\u0646 \u062e\u0644\u0627\u0644 \u0645\u064a\u0632\u0629 \u0627\u0644\u0641\u062a\u062d \u0627\u0644\u0633\u0631\u064a\u0639.<\/p><p>\u062a\u0633\u0645\u062d \u0623\u0628\u0648\u0627\u0628 \u0627\u0644\u062d\u062f\u064a\u0642\u0629 \u0627\u0644\u0645\u0646\u0632\u0644\u0642\u0629 \u0627\u0644\u0623\u0648\u062a\u0648\u0645\u0627\u062a\u064a\u0643\u064a\u0629 \u0627\u0644\u062a\u064a \u064a\u062a\u0645 \u0625\u0646\u062a\u0627\u062c\u0647\u0627 \u0641\u064a \u0623\u062c\u0632\u0627\u0621 \u0628\u0633\u0647\u0648\u0644\u0629 \u0627\u0644\u062a\u062c\u0645\u064a\u0639.\u0641\u064a \u0623\u0646\u0638\u0645\u0629 \u0627\u0644\u062a\u062d\u0643\u0645 \u0639\u0646 \u0628\u0639\u062f \u060c \u0625\u0630\u0627 \u0643\u0627\u0646\u062a \u0627\u0644\u0633\u064a\u0627\u0631\u0629 \u0633\u062a\u0648\u0636\u0639 \u0641\u064a \u0627\u0644\u062d\u062f\u064a\u0642\u0629 \u060c \u0641\u0645\u0646 \u0627\u0644\u0645\u0645\u0643\u0646 \u0641\u062a\u062d \u0627\u0644\u0628\u0627\u0628 \u062f\u0648\u0646 \u0627\u0644\u062e\u0631\u0648\u062c \u0645\u0646 \u0627\u0644\u0633\u064a\u0627\u0631\u0629.<\/p><p>\u0633\u062a\u0633\u0645\u062d \u062e\u0627\u0635\u0629 \u0627\u0644\u062a\u062d\u0643\u0645 \u0639\u0646 \u0628\u0639\u062f \u0623\u064a\u0636\u064b\u0627 \u0628\u0641\u062a\u062d \u0648\u0625\u063a\u0644\u0627\u0642 \u0627\u0644\u0628\u0627\u0628 \u0639\u0646 \u0628\u064f\u0639\u062f \u0644\u0633\u064a\u0627\u0631\u0627\u062a \u0636\u064a\u0648\u0641\u0643.\u0646\u0642\u062f\u064a\u0645 \u0623\u0628\u0648\u0627\u0628 \u0627\u0644\u062d\u062f\u064a\u0642\u0629 \u0627\u0644\u0645\u0646\u0632\u0644\u0642\u0629 \u0623\u0648\u0627\u0644\u062a\u0648\u0645\u0627\u062a\u064a\u0643\u064a\u0629 \u0644\u0632\u0628\u0627\u0626\u0646\u0627 \u0628\u0628\u062f\u0627\u0626\u0644 \u0645\u062e\u062a\u0644\u0641\u0629 \u0628\u062d\u0633\u0628 \u0644\u062e\u0635\u0627\u0626\u0635 \u0627\u0644\u0627\u0633\u062a\u062e\u062f\u0627\u0645 \u0628\u0647\u0645.<\/p>\t\t\t\t\t\t<\/div>\n\t\t\t\t<\/div>\n\t\t\t\t\t<\/div>\n\t\t<\/div>\n\t\t\t\t\t\t\t<\/div>\n\t\t<\/section>\n\t\t\t\t\t\t<\/div>\n\t\t\t\t\t<\/div>\n\t\t","protected":false},"excerpt":{"rendered":"<p>Previous Next \u0645\u0648\u062a\u0648\u0631 \u0628\u0627\u0628 \u0627\u0644\u062d\u062f\u064a\u0642 \u0623\u0628\u0648\u0627\u0628 \u0627\u0644\u062d\u062f\u064a\u0642 \u0627\u0644\u0645\u0646\u0632\u0644\u0642 \u0627\u0644\u0623\u064f\u0648\u062a\u0648\u0645\u0627\u062a\u0643\u064a \u062d\u0644\u0648\u0644 \u0645\u0646\u0627\u0633\u0628 \u0644\u0645\u062f\u0627\u062e\u0644 \u0648 \u0645\u062e\u0627\u0631\u062c\u00a0 \u0627\u0644\u0641\u064a\u0644\u0627\u0651\u0650\u060c\u0627\u0644\u0639\u0645\u0627\u0631\u0629\u060c\u0627\u0644\u0645\u062c\u0645\u0651\u064e\u0639 \u0648 \u0627\u0644\u0645\u0646\u0634\u0623\u0629 \u0627\u0644\u0635\u0646\u0627\u0639\u064a\u0629.\u0625\u062e\u062a\u0632\u0644 \u0623\u0628\u0648\u0627\u0628 \u0627\u0644\u062d\u062f\u0627\u0626\u0642 \u0627\u0644\u0645\u0646\u0632\u0644\u0642\u0629 \u0645\u0646 \u0636\u064a\u0627\u0639 \u0627\u0644\u0648\u0642\u062a \u0645\u0646 \u062e\u0644\u0627\u0644 \u0645\u064a\u0632\u0629 \u0627\u0644\u0641\u062a\u062d \u0627\u0644\u0633\u0631\u064a\u0639. \u062a\u0633\u0645\u062d \u0623\u0628\u0648\u0627\u0628 \u0627\u0644\u062d\u062f\u064a\u0642\u0629 \u0627\u0644\u0645\u0646\u0632\u0644\u0642\u0629 \u0627\u0644\u0623\u0648\u062a\u0648\u0645\u0627\u062a\u064a\u0643\u064a\u0629 \u0627\u0644\u062a\u064a \u064a\u062a\u0645 \u0625\u0646\u062a\u0627\u062c\u0647\u0627 \u0641\u064a \u0623\u062c\u0632\u0627\u0621 \u0628\u0633\u0647\u0648\u0644\u0629 \u0627\u0644\u062a\u062c\u0645\u064a\u0639.\u0641\u064a \u0623\u0646\u0638\u0645\u0629 \u0627\u0644\u062a\u062d\u0643\u0645 \u0639\u0646 \u0628\u0639\u062f \u060c \u0625\u0630\u0627 \u0643\u0627\u0646\u062a \u0627\u0644\u0633\u064a\u0627\u0631\u0629 \u0633\u062a\u0648\u0636\u0639 \u0641\u064a \u0627\u0644\u062d\u062f\u064a\u0642\u0629 \u060c \u0641\u0645\u0646 \u0627\u0644\u0645\u0645\u0643\u0646 [&hellip;]<\/p>\n","protected":false},"author":1,"featured_media":0,"parent":0,"menu_order":0,"comment_status":"closed","ping_status":"closed","template":"","meta":{"footnotes":""},"yoast_head":"<!-- This site is optimized with the Yoast SEO plugin v16.4 - https:\/\/yoast.com\/wordpress\/plugins\/seo\/ -->\n<title>\u0623\u0648\u062a\u0648\u0645\u0627\u062a\u064a\u0629 \u0628\u0627\u0628 \u0627\u0644\u062d\u062f\u064a\u0642 - Hermes End\u00fcstriyel Kap\u0131<\/title>\n<meta name=\"robots\" content=\"index, follow, max-snippet:-1, max-image-preview:large, max-video-preview:-1\" \/>\n<link rel=\"canonical\" href=\"https:\/\/hermess.com.tr\/ar\/ar-sliding-gate-operator\/\" \/>\n<meta property=\"og:locale\" content=\"tr_TR\" \/>\n<meta property=\"og:type\" content=\"article\" \/>\n<meta property=\"og:title\" content=\"\u0623\u0648\u062a\u0648\u0645\u0627\u062a\u064a\u0629 \u0628\u0627\u0628 \u0627\u0644\u062d\u062f\u064a\u0642 - Hermes End\u00fcstriyel Kap\u0131\" \/>\n<meta property=\"og:description\" content=\"Previous Next \u0645\u0648\u062a\u0648\u0631 \u0628\u0627\u0628 \u0627\u0644\u062d\u062f\u064a\u0642 \u0623\u0628\u0648\u0627\u0628 \u0627\u0644\u062d\u062f\u064a\u0642 \u0627\u0644\u0645\u0646\u0632\u0644\u0642 \u0627\u0644\u0623\u064f\u0648\u062a\u0648\u0645\u0627\u062a\u0643\u064a \u062d\u0644\u0648\u0644 \u0645\u0646\u0627\u0633\u0628 \u0644\u0645\u062f\u0627\u062e\u0644 \u0648 \u0645\u062e\u0627\u0631\u062c\u00a0 \u0627\u0644\u0641\u064a\u0644\u0627\u0651\u0650\u060c\u0627\u0644\u0639\u0645\u0627\u0631\u0629\u060c\u0627\u0644\u0645\u062c\u0645\u0651\u064e\u0639 \u0648 \u0627\u0644\u0645\u0646\u0634\u0623\u0629 \u0627\u0644\u0635\u0646\u0627\u0639\u064a\u0629.\u0625\u062e\u062a\u0632\u0644 \u0623\u0628\u0648\u0627\u0628 \u0627\u0644\u062d\u062f\u0627\u0626\u0642 \u0627\u0644\u0645\u0646\u0632\u0644\u0642\u0629 \u0645\u0646 \u0636\u064a\u0627\u0639 \u0627\u0644\u0648\u0642\u062a \u0645\u0646 \u062e\u0644\u0627\u0644 \u0645\u064a\u0632\u0629 \u0627\u0644\u0641\u062a\u062d \u0627\u0644\u0633\u0631\u064a\u0639. \u062a\u0633\u0645\u062d \u0623\u0628\u0648\u0627\u0628 \u0627\u0644\u062d\u062f\u064a\u0642\u0629 \u0627\u0644\u0645\u0646\u0632\u0644\u0642\u0629 \u0627\u0644\u0623\u0648\u062a\u0648\u0645\u0627\u062a\u064a\u0643\u064a\u0629 \u0627\u0644\u062a\u064a \u064a\u062a\u0645 \u0625\u0646\u062a\u0627\u062c\u0647\u0627 \u0641\u064a \u0623\u062c\u0632\u0627\u0621 \u0628\u0633\u0647\u0648\u0644\u0629 \u0627\u0644\u062a\u062c\u0645\u064a\u0639.\u0641\u064a \u0623\u0646\u0638\u0645\u0629 \u0627\u0644\u062a\u062d\u0643\u0645 \u0639\u0646 \u0628\u0639\u062f \u060c \u0625\u0630\u0627 \u0643\u0627\u0646\u062a \u0627\u0644\u0633\u064a\u0627\u0631\u0629 \u0633\u062a\u0648\u0636\u0639 \u0641\u064a \u0627\u0644\u062d\u062f\u064a\u0642\u0629 \u060c \u0641\u0645\u0646 \u0627\u0644\u0645\u0645\u0643\u0646 [&hellip;]\" \/>\n<meta property=\"og:url\" content=\"https:\/\/hermess.com.tr\/ar\/ar-sliding-gate-operator\/\" \/>\n<meta property=\"og:site_name\" content=\"Hermes End\u00fcstriyel Kap\u0131\" \/>\n<meta property=\"article:modified_time\" content=\"2021-05-18T13:50:45+00:00\" \/>\n<meta property=\"og:image\" content=\"http:\/\/hermess.com.tr\/arb\/wp-content\/uploads\/elementor\/thumbs\/Bahc\u0327e-kapi-motoru-p5lqixn6c6x13ufxw4xi44ijbug8s3asrkuxmrp9v0.jpg\" \/>\n<meta name=\"twitter:card\" content=\"summary_large_image\" \/>\n<script type=\"application\/ld+json\" class=\"yoast-schema-graph\">{\"@context\":\"https:\/\/schema.org\",\"@graph\":[{\"@type\":\"WebSite\",\"@id\":\"https:\/\/hermess.com.tr\/ar\/#website\",\"url\":\"https:\/\/hermess.com.tr\/ar\/\",\"name\":\"Hermes End\\u00fcstriyel Kap\\u0131\",\"description\":\"End\\u00fcstriyel Kap\\u0131 \\u00dcreticisi\",\"potentialAction\":[{\"@type\":\"SearchAction\",\"target\":\"https:\/\/hermess.com.tr\/ar\/?s={search_term_string}\",\"query-input\":\"required name=search_term_string\"}],\"inLanguage\":\"tr\"},{\"@type\":\"ImageObject\",\"@id\":\"https:\/\/hermess.com.tr\/ar\/ar-sliding-gate-operator\/#primaryimage\",\"inLanguage\":\"tr\",\"url\":\"http:\/\/hermess.com.tr\/arb\/wp-content\/uploads\/elementor\/thumbs\/Bahc\\u0327e-kapi-motoru-p5lqixn6c6x13ufxw4xi44ijbug8s3asrkuxmrp9v0.jpg\",\"contentUrl\":\"http:\/\/hermess.com.tr\/arb\/wp-content\/uploads\/elementor\/thumbs\/Bahc\\u0327e-kapi-motoru-p5lqixn6c6x13ufxw4xi44ijbug8s3asrkuxmrp9v0.jpg\"},{\"@type\":\"WebPage\",\"@id\":\"https:\/\/hermess.com.tr\/ar\/ar-sliding-gate-operator\/#webpage\",\"url\":\"https:\/\/hermess.com.tr\/ar\/ar-sliding-gate-operator\/\",\"name\":\"\\u0623\\u0648\\u062a\\u0648\\u0645\\u0627\\u062a\\u064a\\u0629 \\u0628\\u0627\\u0628 \\u0627\\u0644\\u062d\\u062f\\u064a\\u0642 - Hermes End\\u00fcstriyel Kap\\u0131\",\"isPartOf\":{\"@id\":\"https:\/\/hermess.com.tr\/ar\/#website\"},\"primaryImageOfPage\":{\"@id\":\"https:\/\/hermess.com.tr\/ar\/ar-sliding-gate-operator\/#primaryimage\"},\"datePublished\":\"2021-04-30T08:25:02+00:00\",\"dateModified\":\"2021-05-18T13:50:45+00:00\",\"breadcrumb\":{\"@id\":\"https:\/\/hermess.com.tr\/ar\/ar-sliding-gate-operator\/#breadcrumb\"},\"inLanguage\":\"tr\",\"potentialAction\":[{\"@type\":\"ReadAction\",\"target\":[\"https:\/\/hermess.com.tr\/ar\/ar-sliding-gate-operator\/\"]}]},{\"@type\":\"BreadcrumbList\",\"@id\":\"https:\/\/hermess.com.tr\/ar\/ar-sliding-gate-operator\/#breadcrumb\",\"itemListElement\":[{\"@type\":\"ListItem\",\"position\":1,\"item\":{\"@type\":\"WebPage\",\"@id\":\"https:\/\/hermess.com.tr\/ar\/\",\"url\":\"https:\/\/hermess.com.tr\/ar\/\",\"name\":\"Anasayfa\"}},{\"@type\":\"ListItem\",\"position\":2,\"item\":{\"@id\":\"https:\/\/hermess.com.tr\/ar\/ar-sliding-gate-operator\/#webpage\"}}]}]}<\/script>\n<!-- \/ Yoast SEO plugin. -->","_links":{"self":[{"href":"https:\/\/hermess.com.tr\/ar\/wp-json\/wp\/v2\/pages\/1089"}],"collection":[{"href":"https:\/\/hermess.com.tr\/ar\/wp-json\/wp\/v2\/pages"}],"about":[{"href":"https:\/\/hermess.com.tr\/ar\/wp-json\/wp\/v2\/types\/page"}],"author":[{"embeddable":true,"href":"https:\/\/hermess.com.tr\/ar\/wp-json\/wp\/v2\/users\/1"}],"replies":[{"embeddable":true,"href":"https:\/\/hermess.com.tr\/ar\/wp-json\/wp\/v2\/comments?post=1089"}],"version-history":[{"count":15,"href":"https:\/\/hermess.com.tr\/ar\/wp-json\/wp\/v2\/pages\/1089\/revisions"}],"predecessor-version":[{"id":1393,"href":"https:\/\/hermess.com.tr\/ar\/wp-json\/wp\/v2\/pages\/1089\/revisions\/1393"}],"wp:attachment":[{"href":"https:\/\/hermess.com.tr\/ar\/wp-json\/wp\/v2\/media?parent=1089"}],"curies":[{"name":"wp","href":"https:\/\/api.w.org\/{rel}","templated":true}]}}