{"id":1101,"date":"2021-04-30T11:44:39","date_gmt":"2021-04-30T08:44:39","guid":{"rendered":"http:\/\/hermes.demositeler.xyz\/?page_id=1101"},"modified":"2021-05-18T17:01:05","modified_gmt":"2021-05-18T14:01:05","slug":"ar-fire-doors","status":"publish","type":"page","link":"https:\/\/hermess.com.tr\/ar\/ar-fire-doors\/","title":{"rendered":"\u0645\u062e\u0631\u062c \u0627\u0644\u062d\u0631\u0627\u0626\u0642"},"content":{"rendered":"\t\t<div data-elementor-type=\"wp-page\" data-elementor-id=\"1101\" class=\"elementor elementor-1101\" data-elementor-settings=\"[]\">\n\t\t\t\t\t\t\t<div class=\"elementor-section-wrap\">\n\t\t\t\t\t\t\t<section class=\"elementor-section elementor-top-section elementor-element elementor-element-4f48cfda elementor-section-boxed elementor-section-height-default elementor-section-height-default\" data-id=\"4f48cfda\" data-element_type=\"section\">\n\t\t\t\t\t\t<div class=\"elementor-container elementor-column-gap-default\">\n\t\t\t\t\t<div class=\"elementor-column elementor-col-100 elementor-top-column elementor-element elementor-element-7bb96def\" data-id=\"7bb96def\" data-element_type=\"column\">\n\t\t\t<div class=\"elementor-widget-wrap elementor-element-populated\">\n\t\t\t\t\t\t\t\t<div class=\"elementor-element elementor-element-3090c39f elementor-arrows-position-inside elementor-pagination-position-outside elementor-widget elementor-widget-image-carousel\" data-id=\"3090c39f\" data-element_type=\"widget\" data-settings=\"{&quot;image_spacing_custom&quot;:{&quot;unit&quot;:&quot;px&quot;,&quot;size&quot;:10,&quot;sizes&quot;:[]},&quot;navigation&quot;:&quot;both&quot;,&quot;autoplay&quot;:&quot;yes&quot;,&quot;pause_on_hover&quot;:&quot;yes&quot;,&quot;pause_on_interaction&quot;:&quot;yes&quot;,&quot;autoplay_speed&quot;:5000,&quot;infinite&quot;:&quot;yes&quot;,&quot;speed&quot;:500}\" data-widget_type=\"image-carousel.default\">\n\t\t\t\t<div class=\"elementor-widget-container\">\n\t\t\t\t\t<div class=\"elementor-image-carousel-wrapper swiper-container\" dir=\"ltr\">\n\t\t\t<div class=\"elementor-image-carousel swiper-wrapper\">\n\t\t\t\t<div class=\"swiper-slide\"><a data-elementor-open-lightbox=\"yes\" data-elementor-lightbox-slideshow=\"3090c39f\" data-elementor-lightbox-title=\"Yang\u0131n-kap\u0131s\u0131-60-dk-1024x678\" href=\"https:\/\/hermess.com.tr\/ar\/wp-content\/uploads\/2021\/04\/Yangin-kapisi-60-dk-1024x678-1.jpg\"><figure class=\"swiper-slide-inner\"><img decoding=\"async\" class=\"swiper-slide-image\" src=\"https:\/\/hermess.com.tr\/ar\/wp-content\/uploads\/elementor\/thumbs\/Yangin-kapisi-60-dk-1024x678-1-p5lqe6kjsceuetcfn2zeibon7pvfv6fng24kaeqxbg.jpg\" alt=\"Yang\u0131n-kap\u0131s\u0131-60-dk-1024x678\" \/><\/figure><\/a><\/div><div class=\"swiper-slide\"><a data-elementor-open-lightbox=\"yes\" data-elementor-lightbox-slideshow=\"3090c39f\" data-elementor-lightbox-title=\"yangin-kapisi-002-a1-768x1024\" href=\"https:\/\/hermess.com.tr\/ar\/wp-content\/uploads\/2021\/04\/yangin-kapisi-002-a1-768x1024-1.jpg\"><figure class=\"swiper-slide-inner\"><img decoding=\"async\" class=\"swiper-slide-image\" src=\"https:\/\/hermess.com.tr\/ar\/wp-content\/uploads\/elementor\/thumbs\/yangin-kapisi-002-a1-768x1024-1-p5lqe2t7109p4dhw91cw8cmsu6dz0e0q3jimdawi0c.jpg\" alt=\"yangin-kapisi-002-a1-768x1024\" \/><\/figure><\/a><\/div><div class=\"swiper-slide\"><a data-elementor-open-lightbox=\"yes\" data-elementor-lightbox-slideshow=\"3090c39f\" data-elementor-lightbox-title=\"yangin-kapisi-004-a1-1024x678\" href=\"https:\/\/hermess.com.tr\/ar\/wp-content\/uploads\/2021\/04\/yangin-kapisi-004-a1-1024x678-1.jpg\"><figure class=\"swiper-slide-inner\"><img decoding=\"async\" class=\"swiper-slide-image\" src=\"https:\/\/hermess.com.tr\/ar\/wp-content\/uploads\/elementor\/thumbs\/yangin-kapisi-004-a1-1024x678-1-p5lqe4oveoc9rlf5y265dc5q0y4pfs86rstlbutpnw.jpg\" alt=\"yangin-kapisi-004-a1-1024x678\" \/><\/figure><\/a><\/div><div class=\"swiper-slide\"><a data-elementor-open-lightbox=\"yes\" data-elementor-lightbox-slideshow=\"3090c39f\" data-elementor-lightbox-title=\"yangin-kapisi-001-a1-1024x768\" href=\"https:\/\/hermess.com.tr\/ar\/wp-content\/uploads\/2021\/04\/yangin-kapisi-001-a1-1024x768-1.jpg\"><figure class=\"swiper-slide-inner\"><img decoding=\"async\" class=\"swiper-slide-image\" src=\"https:\/\/hermess.com.tr\/ar\/wp-content\/uploads\/elementor\/thumbs\/yangin-kapisi-001-a1-1024x768-1-p5lqe0xinc74h5kmk0jn3d3vnen8kzt9fa7neqzacs.jpg\" alt=\"yangin-kapisi-001-a1-1024x768\" \/><\/figure><\/a><\/div><div class=\"swiper-slide\"><a data-elementor-open-lightbox=\"yes\" data-elementor-lightbox-slideshow=\"3090c39f\" data-elementor-lightbox-title=\"yang\u0131n kap\u0131s\u0131 7\" href=\"https:\/\/hermess.com.tr\/ar\/wp-content\/uploads\/2021\/05\/yangin-kapisi-7-scaled.jpg\"><figure class=\"swiper-slide-inner\"><img decoding=\"async\" class=\"swiper-slide-image\" src=\"https:\/\/hermess.com.tr\/ar\/wp-content\/uploads\/elementor\/thumbs\/yangin-kapisi-7-scaled-p7co52nb5tc4rmvvabj2epc1n71sgkc66op5akpeek.jpg\" alt=\"yang\u0131n kap\u0131s\u0131 7\" \/><\/figure><\/a><\/div><div class=\"swiper-slide\"><a data-elementor-open-lightbox=\"yes\" data-elementor-lightbox-slideshow=\"3090c39f\" data-elementor-lightbox-title=\"2019_12_05_12_37_IMG_1515\" href=\"https:\/\/hermess.com.tr\/ar\/wp-content\/uploads\/2021\/05\/2019_12_05_12_37_IMG_1515.jpg\"><figure class=\"swiper-slide-inner\"><img decoding=\"async\" class=\"swiper-slide-image\" src=\"https:\/\/hermess.com.tr\/ar\/wp-content\/uploads\/elementor\/thumbs\/2019_12_05_12_37_IMG_1515-p7co5c1p25ozzqi7rflc3mynl1rgljdhjz803cbgoc.jpg\" alt=\"2019_12_05_12_37_IMG_1515\" \/><\/figure><\/a><\/div><div class=\"swiper-slide\"><a data-elementor-open-lightbox=\"yes\" data-elementor-lightbox-slideshow=\"3090c39f\" data-elementor-lightbox-title=\"2020_02_11_11_58_IMG_5431\" href=\"https:\/\/hermess.com.tr\/ar\/wp-content\/uploads\/2021\/05\/2020_02_11_11_58_IMG_5431-scaled.jpg\"><figure class=\"swiper-slide-inner\"><img decoding=\"async\" class=\"swiper-slide-image\" src=\"https:\/\/hermess.com.tr\/ar\/wp-content\/uploads\/elementor\/thumbs\/2020_02_11_11_58_IMG_5431-scaled-p7co5ev7mnsuyke4ayt7t491d7dk8mookd6gj67a5o.jpg\" alt=\"2020_02_11_11_58_IMG_5431\" \/><\/figure><\/a><\/div><div class=\"swiper-slide\"><a data-elementor-open-lightbox=\"yes\" data-elementor-lightbox-slideshow=\"3090c39f\" data-elementor-lightbox-title=\"2020_04_09_11_41_IMG_6772\" href=\"https:\/\/hermess.com.tr\/ar\/wp-content\/uploads\/2021\/05\/2020_04_09_11_41_IMG_6772.jpg\"><figure class=\"swiper-slide-inner\"><img decoding=\"async\" class=\"swiper-slide-image\" src=\"https:\/\/hermess.com.tr\/ar\/wp-content\/uploads\/elementor\/thumbs\/2020_04_09_11_41_IMG_6772-p7co5nbrc64fv21txkguxk46po7v5wm9lj1tunuqlo.jpg\" alt=\"2020_04_09_11_41_IMG_6772\" \/><\/figure><\/a><\/div><div class=\"swiper-slide\"><a data-elementor-open-lightbox=\"yes\" data-elementor-lightbox-slideshow=\"3090c39f\" data-elementor-lightbox-title=\"2020_06_23_17_38_IMG_7777\" href=\"https:\/\/hermess.com.tr\/ar\/wp-content\/uploads\/2021\/05\/2020_06_23_17_38_IMG_7777.jpg\"><figure class=\"swiper-slide-inner\"><img decoding=\"async\" class=\"swiper-slide-image\" src=\"https:\/\/hermess.com.tr\/ar\/wp-content\/uploads\/elementor\/thumbs\/2020_06_23_17_38_IMG_7777-p7co5p7fpu70i9z3mla42jn3wfyllatq9scst7ry98.jpg\" alt=\"2020_06_23_17_38_IMG_7777\" \/><\/figure><\/a><\/div><div class=\"swiper-slide\"><a data-elementor-open-lightbox=\"yes\" data-elementor-lightbox-slideshow=\"3090c39f\" data-elementor-lightbox-title=\"2020_09_03_19_55_IMG_8924\" href=\"https:\/\/hermess.com.tr\/ar\/wp-content\/uploads\/2021\/05\/2020_09_03_19_55_IMG_8924.jpg\"><figure class=\"swiper-slide-inner\"><img decoding=\"async\" class=\"swiper-slide-image\" src=\"https:\/\/hermess.com.tr\/ar\/wp-content\/uploads\/elementor\/thumbs\/2020_09_03_19_55_IMG_8924-p7co5r343i9l5hwdbm3d7j6137pc0p16y1nrrrp5ws.jpg\" alt=\"2020_09_03_19_55_IMG_8924\" \/><\/figure><\/a><\/div><div class=\"swiper-slide\"><a data-elementor-open-lightbox=\"yes\" data-elementor-lightbox-slideshow=\"3090c39f\" data-elementor-lightbox-title=\"2020_09_03_19_55_IMG_8927\" href=\"https:\/\/hermess.com.tr\/ar\/wp-content\/uploads\/2021\/05\/2020_09_03_19_55_IMG_8927.jpg\"><figure class=\"swiper-slide-inner\"><img decoding=\"async\" class=\"swiper-slide-image\" src=\"https:\/\/hermess.com.tr\/ar\/wp-content\/uploads\/elementor\/thumbs\/2020_09_03_19_55_IMG_8927-p7co5twmo0dg4bs9v5b8x0gevdbfnscdyfm87lkze4.jpg\" alt=\"2020_09_03_19_55_IMG_8927\" \/><\/figure><\/a><\/div><div class=\"swiper-slide\"><a data-elementor-open-lightbox=\"yes\" data-elementor-lightbox-slideshow=\"3090c39f\" data-elementor-lightbox-title=\"yang\u0131n kap\u0131s\u0131 1\" href=\"https:\/\/hermess.com.tr\/ar\/wp-content\/uploads\/2021\/05\/yangin-kapisi-1.jpg\"><figure class=\"swiper-slide-inner\"><img decoding=\"async\" class=\"swiper-slide-image\" src=\"https:\/\/hermess.com.tr\/ar\/wp-content\/uploads\/elementor\/thumbs\/yangin-kapisi-1-p7co5wq58ihb35o6eoj4mhqsnixjavnkytkonfgsvg.jpg\" alt=\"yang\u0131n kap\u0131s\u0131 1\" \/><\/figure><\/a><\/div><div class=\"swiper-slide\"><a data-elementor-open-lightbox=\"yes\" data-elementor-lightbox-slideshow=\"3090c39f\" data-elementor-lightbox-title=\"yang\u0131n kap\u0131s\u0131 2\" href=\"https:\/\/hermess.com.tr\/ar\/wp-content\/uploads\/2021\/05\/yangin-kapisi-2.jpg\"><figure class=\"swiper-slide-inner\"><img decoding=\"async\" class=\"swiper-slide-image\" src=\"https:\/\/hermess.com.tr\/ar\/wp-content\/uploads\/elementor\/thumbs\/yangin-kapisi-2-p7co5yltm6jvqdlg3pcdrh9puao9q9v1n2vnlze0j0.jpg\" alt=\"yang\u0131n kap\u0131s\u0131 2\" \/><\/figure><\/a><\/div><div class=\"swiper-slide\"><a data-elementor-open-lightbox=\"yes\" data-elementor-lightbox-slideshow=\"3090c39f\" data-elementor-lightbox-title=\"yang\u0131n kap\u0131s\u0131 3\" href=\"https:\/\/hermess.com.tr\/ar\/wp-content\/uploads\/2021\/05\/yangin-kapisi-3.jpg\"><figure class=\"swiper-slide-inner\"><img decoding=\"async\" class=\"swiper-slide-image\" src=\"https:\/\/hermess.com.tr\/ar\/wp-content\/uploads\/elementor\/thumbs\/yangin-kapisi-3-p7co63b0kcqbcfemc9dily30t813srdpbq530d71nw.jpg\" alt=\"yang\u0131n kap\u0131s\u0131 3\" \/><\/figure><\/a><\/div><div class=\"swiper-slide\"><a data-elementor-open-lightbox=\"yes\" data-elementor-lightbox-slideshow=\"3090c39f\" data-elementor-lightbox-title=\"yang\u0131n kap\u0131s\u0131 4\" href=\"https:\/\/hermess.com.tr\/ar\/wp-content\/uploads\/2021\/05\/yangin-kapisi-4.jpg\"><figure class=\"swiper-slide-inner\"><img decoding=\"async\" class=\"swiper-slide-image\" src=\"https:\/\/hermess.com.tr\/ar\/wp-content\/uploads\/elementor\/thumbs\/yangin-kapisi-4-p7co648ur6rlo1d96rs56fuhelwh0ghfnuskhn5nho.jpg\" alt=\"yang\u0131n kap\u0131s\u0131 4\" \/><\/figure><\/a><\/div><div class=\"swiper-slide\"><a data-elementor-open-lightbox=\"yes\" data-elementor-lightbox-slideshow=\"3090c39f\" data-elementor-lightbox-title=\"yang\u0131n kap\u0131s\u0131 5\" href=\"https:\/\/hermess.com.tr\/ar\/wp-content\/uploads\/2021\/05\/yangin-kapisi-5.jpg\"><figure class=\"swiper-slide-inner\"><img decoding=\"async\" class=\"swiper-slide-image\" src=\"https:\/\/hermess.com.tr\/ar\/wp-content\/uploads\/elementor\/thumbs\/yangin-kapisi-5-p7co672dbovgmv95qb00vx4v6riknjsmo8r0xh1gz0.jpg\" alt=\"yang\u0131n kap\u0131s\u0131 5\" \/><\/figure><\/a><\/div><div class=\"swiper-slide\"><a data-elementor-open-lightbox=\"yes\" data-elementor-lightbox-slideshow=\"3090c39f\" data-elementor-lightbox-title=\"yang\u0131n kap\u0131s\u0131 6\" href=\"https:\/\/hermess.com.tr\/ar\/wp-content\/uploads\/2021\/05\/yangin-kapisi-6.jpg\"><figure class=\"swiper-slide-inner\"><img decoding=\"async\" class=\"swiper-slide-image\" src=\"https:\/\/hermess.com.tr\/ar\/wp-content\/uploads\/elementor\/thumbs\/yangin-kapisi-6-p7co6brk9v1w8x2byv15qdy65oveq1bacw0gbuui3w.jpg\" alt=\"yang\u0131n kap\u0131s\u0131 6\" \/><\/figure><\/a><\/div>\t\t\t<\/div>\n\t\t\t\t\t\t\t\t\t\t\t\t<div class=\"swiper-pagination\"><\/div>\n\t\t\t\t\t\t\t\t\t\t\t\t\t<div class=\"elementor-swiper-button elementor-swiper-button-prev\">\n\t\t\t\t\t\t<i class=\"eicon-chevron-left\" aria-hidden=\"true\"><\/i>\n\t\t\t\t\t\t<span class=\"elementor-screen-only\">\u00d6nceki<\/span>\n\t\t\t\t\t<\/div>\n\t\t\t\t\t<div class=\"elementor-swiper-button elementor-swiper-button-next\">\n\t\t\t\t\t\t<i class=\"eicon-chevron-right\" aria-hidden=\"true\"><\/i>\n\t\t\t\t\t\t<span class=\"elementor-screen-only\">Sonraki<\/span>\n\t\t\t\t\t<\/div>\n\t\t\t\t\t\t\t\t\t<\/div>\n\t\t\t\t<\/div>\n\t\t\t\t<\/div>\n\t\t\t\t\t<\/div>\n\t\t<\/div>\n\t\t\t\t\t\t\t<\/div>\n\t\t<\/section>\n\t\t\t\t<section class=\"elementor-section elementor-top-section elementor-element elementor-element-4953eb10 elementor-section-boxed elementor-section-height-default elementor-section-height-default\" data-id=\"4953eb10\" data-element_type=\"section\">\n\t\t\t\t\t\t<div class=\"elementor-container elementor-column-gap-default\">\n\t\t\t\t\t<div class=\"elementor-column elementor-col-100 elementor-top-column elementor-element elementor-element-5ca1ad8e\" data-id=\"5ca1ad8e\" data-element_type=\"column\">\n\t\t\t<div class=\"elementor-widget-wrap elementor-element-populated\">\n\t\t\t\t\t\t\t\t<div class=\"elementor-element elementor-element-732d12b2 elementor-widget elementor-widget-text-editor\" data-id=\"732d12b2\" data-element_type=\"widget\" data-widget_type=\"text-editor.default\">\n\t\t\t\t<div class=\"elementor-widget-container\">\n\t\t\t\t\t\t\t\t<p><strong>\u0645\u062e\u0631\u062c \u0627\u0644\u062d\u0631\u0627\u0626\u0642<\/strong><\/p><p>\u0627\u0644\u0645\u0639\u0627\u064a\u064a\u0631 \u0627\u0644\u0623\u0648\u0631\u0648\u0628\u064a\u0629 E60 \u0648\u062e\u064a\u0627\u0631\u0627\u062a EN 1634-1 \u0627\u0644\u0645\u0639\u062a\u0645\u062f\u0629 \u0645\u062a\u0648\u0641\u0631\u0629.<\/p><p>\u0628\u0641\u0636\u0644 \u0622\u0644\u064a\u0629 \u0627\u0644\u0642\u0641\u0644 \u0639\u0644\u0649 \u0627\u0644\u0648\u062c\u0647\u064a\u0646 \u0648\u0627\u0644\u063a\u0644\u0627\u0641 \u0645\u0646 \u0623\u0631\u0628\u0639\u0629 \u062c\u0648\u0627\u0646\u0628 \u060c \u0641\u0625\u0646\u0647 \u064a\u0648\u0641\u0631 \u0633\u0647\u0648\u0644\u0629 \u0627\u0644\u0627\u0633\u062a\u062e\u062f\u0627\u0645 \u0641\u064a \u0627\u0644\u0627\u062a\u062c\u0627\u0647 \u0627\u0644\u0623\u064a\u0645\u0646 \u0623\u0648 \u0627\u0644\u0623\u064a\u0633\u0631 \u0639\u0646\u062f \u0627\u0644\u0631\u063a\u0628\u0629.<\/p><p>\u0627\u0644\u0639\u0644\u0628\u0629 \u0645\u0635\u0646\u0648\u0639\u0629 \u0645\u0646 \u0635\u0627\u062c \u0645\u062c\u0644\u0641\u0646 1.5 \u0645\u0645 \u0648\u0627\u0644\u0623\u062c\u0646\u062d\u0629 \u0645\u0646 \u0635\u0627\u062c 0.8 \u0645\u0645 \u0645\u062c\u0644\u0641\u0646.<\/p><p>\u0633\u0645\u0643 \u0627\u0644\u0642\u0648\u0627\u0644\u0628 20 \u0645\u0645 \u0648\u0645\u062a\u0648\u0641\u0631 \u0645\u0646 \u062c\u0645\u064a\u0639 \u0627\u0644\u062c\u0648\u0627\u0646\u0628 \u0627\u0644\u0623\u0631\u0628\u0639\u0629.<\/p><p>\u0628\u0627\u0628\u061b \u0625\u0637\u0627\u0631 \u0628\u0627\u0628 \u060c \u0648\u0631\u0642\u0629 \u060c \u0645\u0641\u0635\u0644\u062a\u0627\u0646 (\u0648\u0627\u062d\u062f\u0629 \u0645\u0639 \u0632\u0646\u0628\u0631\u0643\u064a\u0629 \u0648\u0645\u0639\u064a\u0627\u0631 \u0648\u0627\u062d\u062f\u060c \u0641\u062a\u064a\u0644 \u062f\u062e\u0627\u0646 \u0633\u0627\u062e\u0646 \u060c \u0645\u0642\u0628\u0636 \u0642\u064a\u0627\u0633\u064a \u0648\u0645\u062c\u0645\u0648\u0639\u0629 \u0642\u0641\u0644.<\/p><p>\u0645\u0639 \u0641\u062a\u064a\u0644 \u0627\u0644\u062f\u062e\u0627\u0646 \u0627\u0644\u0633\u0627\u062e\u0646 \u0627\u0644\u0642\u064a\u0627\u0633\u064a \u060c \u0639\u0646\u062f\u0645\u0627 \u062a\u0635\u0644 \u062f\u0631\u062c\u0629 \u0627\u0644\u062d\u0631\u0627\u0631\u0629 \u0627\u0644\u0645\u062d\u064a\u0637\u0629 \u0625\u0644\u0649 \u062f\u0631\u062c\u0629 \u062d\u0631\u0627\u0631\u0629 \u0645\u0639\u064a\u0646\u0629 \u060c \u064a\u062a\u0645 \u0625\u063a\u0644\u0627\u0642 \u0627\u0644\u0641\u062c\u0648\u0629 \u0628\u064a\u0646 \u0627\u0644\u0628\u0627\u0628 \u0648\u0627\u0644\u062c\u0646\u0627\u062d \u0639\u0646 \u0637\u0631\u064a\u0642 \u0627\u0644\u0631\u063a\u0648\u0629.<\/p><p>\u064a\u064f\u063a\u0644\u0642 \u0627\u0644\u0628\u0627\u0628 \u0645\u0646 \u062a\u0644\u0642\u0627\u0621 \u0646\u0641\u0633\u0647 \u0628\u0645\u0641\u0635\u0644\u0629 \u0632\u0646\u0628\u0631\u0643\u064a\u0629 \u0642\u064a\u0627\u0633\u064a\u0629.<\/p><p>\u0627\u0639\u062a\u0645\u0627\u062f\u064b\u0627 \u0639\u0644\u0649 \u0645\u0642\u0627\u0648\u0645\u0629 \u0627\u0644\u062d\u0631\u064a\u0642 \u0648\u062d\u062c\u0645 \u0627\u0644\u0628\u0627\u0628 \u060c \u064a\u062a\u0631\u0627\u0648\u062d \u0633\u0645\u0643 \u0627\u0644\u0636\u0644\u0641\u0629 \u0628\u064a\u0646 50-60 \u0645\u0645. \u0625\u0646\u0647\u0627 \u0645\u0644\u064a\u0626\u0629 \u0628\u0627\u0644\u0635\u0648\u0641 \u0627\u0644\u0635\u062e\u0631\u064a.<\/p><p>\u0639\u0646\u062f\u0645\u0627 \u064a\u0643\u0648\u0646 \u0627\u0644\u0628\u0627\u0628 \u0641\u064a \u0648\u0636\u0639 \u0645\u063a\u0644\u0642 \u060c \u062a\u0632\u062f\u0627\u062f \u0642\u0648\u0629 \u0627\u0644\u0628\u0627\u0628 \u0645\u0639 \u0635\u0645\u0648\u0644\u0629 \u062f\u0639\u0645 \u0627\u0644\u062c\u0646\u0627\u062d \u0627\u0644\u0645\u0648\u062c\u0648\u062f\u0629 \u0641\u064a \u0627\u0644\u062c\u0632\u0621 \u0627\u0644\u062e\u0644\u0641\u064a \u0645\u0646 \u0627\u0644\u0628\u0627\u0628.<\/p><p>\u064a\u0645\u0643\u0646 \u0641\u062a\u062d \u0648\u0625\u063a\u0644\u0627\u0642 \u0643\u0644 \u0645\u0641\u0635\u0644\u0627\u062a 200000 \u0645\u0631\u0629 \u0645\u0639 \u062d\u0645\u0648\u0644\u0629 160 \u0643\u062c\u0645.<\/p>\t\t\t\t\t\t<\/div>\n\t\t\t\t<\/div>\n\t\t\t\t\t<\/div>\n\t\t<\/div>\n\t\t\t\t\t\t\t<\/div>\n\t\t<\/section>\n\t\t\t\t\t\t<\/div>\n\t\t\t\t\t<\/div>\n\t\t","protected":false},"excerpt":{"rendered":"<p>Previous Next \u0645\u062e\u0631\u062c \u0627\u0644\u062d\u0631\u0627\u0626\u0642 \u0627\u0644\u0645\u0639\u0627\u064a\u064a\u0631 \u0627\u0644\u0623\u0648\u0631\u0648\u0628\u064a\u0629 E60 \u0648\u062e\u064a\u0627\u0631\u0627\u062a EN 1634-1 \u0627\u0644\u0645\u0639\u062a\u0645\u062f\u0629 \u0645\u062a\u0648\u0641\u0631\u0629. \u0628\u0641\u0636\u0644 \u0622\u0644\u064a\u0629 \u0627\u0644\u0642\u0641\u0644 \u0639\u0644\u0649 \u0627\u0644\u0648\u062c\u0647\u064a\u0646 \u0648\u0627\u0644\u063a\u0644\u0627\u0641 \u0645\u0646 \u0623\u0631\u0628\u0639\u0629 \u062c\u0648\u0627\u0646\u0628 \u060c \u0641\u0625\u0646\u0647 \u064a\u0648\u0641\u0631 \u0633\u0647\u0648\u0644\u0629 \u0627\u0644\u0627\u0633\u062a\u062e\u062f\u0627\u0645 \u0641\u064a \u0627\u0644\u0627\u062a\u062c\u0627\u0647 \u0627\u0644\u0623\u064a\u0645\u0646 \u0623\u0648 \u0627\u0644\u0623\u064a\u0633\u0631 \u0639\u0646\u062f \u0627\u0644\u0631\u063a\u0628\u0629. \u0627\u0644\u0639\u0644\u0628\u0629 \u0645\u0635\u0646\u0648\u0639\u0629 \u0645\u0646 \u0635\u0627\u062c \u0645\u062c\u0644\u0641\u0646 1.5 \u0645\u0645 \u0648\u0627\u0644\u0623\u062c\u0646\u062d\u0629 \u0645\u0646 \u0635\u0627\u062c 0.8 \u0645\u0645 \u0645\u062c\u0644\u0641\u0646. \u0633\u0645\u0643 \u0627\u0644\u0642\u0648\u0627\u0644\u0628 20 \u0645\u0645 \u0648\u0645\u062a\u0648\u0641\u0631 \u0645\u0646 \u062c\u0645\u064a\u0639 \u0627\u0644\u062c\u0648\u0627\u0646\u0628 \u0627\u0644\u0623\u0631\u0628\u0639\u0629. [&hellip;]<\/p>\n","protected":false},"author":1,"featured_media":0,"parent":0,"menu_order":0,"comment_status":"closed","ping_status":"closed","template":"","meta":{"footnotes":""},"yoast_head":"<!-- This site is optimized with the Yoast SEO plugin v16.4 - https:\/\/yoast.com\/wordpress\/plugins\/seo\/ -->\n<title>\u0645\u062e\u0631\u062c \u0627\u0644\u062d\u0631\u0627\u0626\u0642 - Hermes End\u00fcstriyel Kap\u0131<\/title>\n<meta name=\"robots\" content=\"index, follow, max-snippet:-1, max-image-preview:large, max-video-preview:-1\" \/>\n<link rel=\"canonical\" href=\"https:\/\/hermess.com.tr\/ar\/ar-fire-doors\/\" \/>\n<meta property=\"og:locale\" content=\"tr_TR\" \/>\n<meta property=\"og:type\" content=\"article\" \/>\n<meta property=\"og:title\" content=\"\u0645\u062e\u0631\u062c \u0627\u0644\u062d\u0631\u0627\u0626\u0642 - Hermes End\u00fcstriyel Kap\u0131\" \/>\n<meta property=\"og:description\" content=\"Previous Next \u0645\u062e\u0631\u062c \u0627\u0644\u062d\u0631\u0627\u0626\u0642 \u0627\u0644\u0645\u0639\u0627\u064a\u064a\u0631 \u0627\u0644\u0623\u0648\u0631\u0648\u0628\u064a\u0629 E60 \u0648\u062e\u064a\u0627\u0631\u0627\u062a EN 1634-1 \u0627\u0644\u0645\u0639\u062a\u0645\u062f\u0629 \u0645\u062a\u0648\u0641\u0631\u0629. \u0628\u0641\u0636\u0644 \u0622\u0644\u064a\u0629 \u0627\u0644\u0642\u0641\u0644 \u0639\u0644\u0649 \u0627\u0644\u0648\u062c\u0647\u064a\u0646 \u0648\u0627\u0644\u063a\u0644\u0627\u0641 \u0645\u0646 \u0623\u0631\u0628\u0639\u0629 \u062c\u0648\u0627\u0646\u0628 \u060c \u0641\u0625\u0646\u0647 \u064a\u0648\u0641\u0631 \u0633\u0647\u0648\u0644\u0629 \u0627\u0644\u0627\u0633\u062a\u062e\u062f\u0627\u0645 \u0641\u064a \u0627\u0644\u0627\u062a\u062c\u0627\u0647 \u0627\u0644\u0623\u064a\u0645\u0646 \u0623\u0648 \u0627\u0644\u0623\u064a\u0633\u0631 \u0639\u0646\u062f \u0627\u0644\u0631\u063a\u0628\u0629. \u0627\u0644\u0639\u0644\u0628\u0629 \u0645\u0635\u0646\u0648\u0639\u0629 \u0645\u0646 \u0635\u0627\u062c \u0645\u062c\u0644\u0641\u0646 1.5 \u0645\u0645 \u0648\u0627\u0644\u0623\u062c\u0646\u062d\u0629 \u0645\u0646 \u0635\u0627\u062c 0.8 \u0645\u0645 \u0645\u062c\u0644\u0641\u0646. \u0633\u0645\u0643 \u0627\u0644\u0642\u0648\u0627\u0644\u0628 20 \u0645\u0645 \u0648\u0645\u062a\u0648\u0641\u0631 \u0645\u0646 \u062c\u0645\u064a\u0639 \u0627\u0644\u062c\u0648\u0627\u0646\u0628 \u0627\u0644\u0623\u0631\u0628\u0639\u0629. [&hellip;]\" \/>\n<meta property=\"og:url\" content=\"https:\/\/hermess.com.tr\/ar\/ar-fire-doors\/\" \/>\n<meta property=\"og:site_name\" content=\"Hermes End\u00fcstriyel Kap\u0131\" \/>\n<meta property=\"article:modified_time\" content=\"2021-05-18T14:01:05+00:00\" \/>\n<meta property=\"og:image\" content=\"http:\/\/hermess.com.tr\/arb\/wp-content\/uploads\/elementor\/thumbs\/Yangin-kapisi-60-dk-1024x678-1-p5lqe6kjsceuetcfn2zeibon7pvfv6fng24kaeqxbg.jpg\" \/>\n<meta name=\"twitter:card\" content=\"summary_large_image\" \/>\n<script type=\"application\/ld+json\" class=\"yoast-schema-graph\">{\"@context\":\"https:\/\/schema.org\",\"@graph\":[{\"@type\":\"WebSite\",\"@id\":\"https:\/\/hermess.com.tr\/ar\/#website\",\"url\":\"https:\/\/hermess.com.tr\/ar\/\",\"name\":\"Hermes End\\u00fcstriyel Kap\\u0131\",\"description\":\"End\\u00fcstriyel Kap\\u0131 \\u00dcreticisi\",\"potentialAction\":[{\"@type\":\"SearchAction\",\"target\":\"https:\/\/hermess.com.tr\/ar\/?s={search_term_string}\",\"query-input\":\"required name=search_term_string\"}],\"inLanguage\":\"tr\"},{\"@type\":\"ImageObject\",\"@id\":\"https:\/\/hermess.com.tr\/ar\/ar-fire-doors\/#primaryimage\",\"inLanguage\":\"tr\",\"url\":\"http:\/\/hermess.com.tr\/arb\/wp-content\/uploads\/elementor\/thumbs\/Yangin-kapisi-60-dk-1024x678-1-p5lqe6kjsceuetcfn2zeibon7pvfv6fng24kaeqxbg.jpg\",\"contentUrl\":\"http:\/\/hermess.com.tr\/arb\/wp-content\/uploads\/elementor\/thumbs\/Yangin-kapisi-60-dk-1024x678-1-p5lqe6kjsceuetcfn2zeibon7pvfv6fng24kaeqxbg.jpg\"},{\"@type\":\"WebPage\",\"@id\":\"https:\/\/hermess.com.tr\/ar\/ar-fire-doors\/#webpage\",\"url\":\"https:\/\/hermess.com.tr\/ar\/ar-fire-doors\/\",\"name\":\"\\u0645\\u062e\\u0631\\u062c \\u0627\\u0644\\u062d\\u0631\\u0627\\u0626\\u0642 - Hermes End\\u00fcstriyel Kap\\u0131\",\"isPartOf\":{\"@id\":\"https:\/\/hermess.com.tr\/ar\/#website\"},\"primaryImageOfPage\":{\"@id\":\"https:\/\/hermess.com.tr\/ar\/ar-fire-doors\/#primaryimage\"},\"datePublished\":\"2021-04-30T08:44:39+00:00\",\"dateModified\":\"2021-05-18T14:01:05+00:00\",\"breadcrumb\":{\"@id\":\"https:\/\/hermess.com.tr\/ar\/ar-fire-doors\/#breadcrumb\"},\"inLanguage\":\"tr\",\"potentialAction\":[{\"@type\":\"ReadAction\",\"target\":[\"https:\/\/hermess.com.tr\/ar\/ar-fire-doors\/\"]}]},{\"@type\":\"BreadcrumbList\",\"@id\":\"https:\/\/hermess.com.tr\/ar\/ar-fire-doors\/#breadcrumb\",\"itemListElement\":[{\"@type\":\"ListItem\",\"position\":1,\"item\":{\"@type\":\"WebPage\",\"@id\":\"https:\/\/hermess.com.tr\/ar\/\",\"url\":\"https:\/\/hermess.com.tr\/ar\/\",\"name\":\"Anasayfa\"}},{\"@type\":\"ListItem\",\"position\":2,\"item\":{\"@id\":\"https:\/\/hermess.com.tr\/ar\/ar-fire-doors\/#webpage\"}}]}]}<\/script>\n<!-- \/ Yoast SEO plugin. -->","_links":{"self":[{"href":"https:\/\/hermess.com.tr\/ar\/wp-json\/wp\/v2\/pages\/1101"}],"collection":[{"href":"https:\/\/hermess.com.tr\/ar\/wp-json\/wp\/v2\/pages"}],"about":[{"href":"https:\/\/hermess.com.tr\/ar\/wp-json\/wp\/v2\/types\/page"}],"author":[{"embeddable":true,"href":"https:\/\/hermess.com.tr\/ar\/wp-json\/wp\/v2\/users\/1"}],"replies":[{"embeddable":true,"href":"https:\/\/hermess.com.tr\/ar\/wp-json\/wp\/v2\/comments?post=1101"}],"version-history":[{"count":7,"href":"https:\/\/hermess.com.tr\/ar\/wp-json\/wp\/v2\/pages\/1101\/revisions"}],"predecessor-version":[{"id":1415,"href":"https:\/\/hermess.com.tr\/ar\/wp-json\/wp\/v2\/pages\/1101\/revisions\/1415"}],"wp:attachment":[{"href":"https:\/\/hermess.com.tr\/ar\/wp-json\/wp\/v2\/media?parent=1101"}],"curies":[{"name":"wp","href":"https:\/\/api.w.org\/{rel}","templated":true}]}}