{"id":1128,"date":"2021-04-30T13:00:21","date_gmt":"2021-04-30T10:00:21","guid":{"rendered":"http:\/\/hermes.demositeler.xyz\/?page_id=1128"},"modified":"2021-05-18T14:16:13","modified_gmt":"2021-05-18T11:16:13","slug":"ar-roll-up-high-speed-pvc-door","status":"publish","type":"page","link":"https:\/\/hermess.com.tr\/ar\/ar-roll-up-high-speed-pvc-door\/","title":{"rendered":"\u0623\u0646\u0648\u0627\u0639 \u0623\u0628\u0648\u0627\u0628 PVC \u0645\u0646 \u0627\u0644\u0645\u0644\u062a\u0641"},"content":{"rendered":"\t\t<div data-elementor-type=\"wp-page\" data-elementor-id=\"1128\" class=\"elementor elementor-1128\" data-elementor-settings=\"[]\">\n\t\t\t\t\t\t\t<div class=\"elementor-section-wrap\">\n\t\t\t\t\t\t\t<section class=\"elementor-section elementor-top-section elementor-element elementor-element-33cbcb26 elementor-section-boxed elementor-section-height-default elementor-section-height-default\" data-id=\"33cbcb26\" data-element_type=\"section\">\n\t\t\t\t\t\t<div class=\"elementor-container elementor-column-gap-default\">\n\t\t\t\t\t<div class=\"elementor-column elementor-col-100 elementor-top-column elementor-element elementor-element-1806c39b\" data-id=\"1806c39b\" data-element_type=\"column\">\n\t\t\t<div class=\"elementor-widget-wrap elementor-element-populated\">\n\t\t\t\t\t\t\t\t<div class=\"elementor-element elementor-element-00e34c3 elementor-arrows-position-inside elementor-pagination-position-outside elementor-widget elementor-widget-image-carousel\" data-id=\"00e34c3\" data-element_type=\"widget\" data-settings=\"{&quot;image_spacing_custom&quot;:{&quot;unit&quot;:&quot;px&quot;,&quot;size&quot;:10,&quot;sizes&quot;:[]},&quot;navigation&quot;:&quot;both&quot;,&quot;autoplay&quot;:&quot;yes&quot;,&quot;pause_on_hover&quot;:&quot;yes&quot;,&quot;pause_on_interaction&quot;:&quot;yes&quot;,&quot;autoplay_speed&quot;:5000,&quot;infinite&quot;:&quot;yes&quot;,&quot;speed&quot;:500}\" data-widget_type=\"image-carousel.default\">\n\t\t\t\t<div class=\"elementor-widget-container\">\n\t\t\t\t\t<div class=\"elementor-image-carousel-wrapper swiper-container\" dir=\"ltr\">\n\t\t\t<div class=\"elementor-image-carousel swiper-wrapper\">\n\t\t\t\t<div class=\"swiper-slide\"><a data-elementor-open-lightbox=\"yes\" data-elementor-lightbox-slideshow=\"00e34c3\" data-elementor-lightbox-title=\"sarmal-kapi-01\" href=\"https:\/\/hermess.com.tr\/ar\/wp-content\/uploads\/2021\/04\/sarmal-kapi-01.jpg\"><figure class=\"swiper-slide-inner\"><img decoding=\"async\" class=\"swiper-slide-image\" src=\"https:\/\/hermess.com.tr\/ar\/wp-content\/uploads\/elementor\/thumbs\/sarmal-kapi-01-p5lon0syk3y8a337ga4vgrgm8n6jncoyfg10e2e9f0.jpg\" alt=\"sarmal-kapi-01\" \/><\/figure><\/a><\/div><div class=\"swiper-slide\"><a data-elementor-open-lightbox=\"yes\" data-elementor-lightbox-slideshow=\"00e34c3\" data-elementor-lightbox-title=\"sarmal-kapi-02\" href=\"https:\/\/hermess.com.tr\/ar\/wp-content\/uploads\/2021\/04\/sarmal-kapi-02.jpg\"><figure class=\"swiper-slide-inner\"><img decoding=\"async\" class=\"swiper-slide-image\" src=\"https:\/\/hermess.com.tr\/ar\/wp-content\/uploads\/elementor\/thumbs\/sarmal-kapi-02-p5lon2omxs0sxb0h5ay4lqzjfexa2qwf3pbzcmbh2k.jpg\" alt=\"sarmal-kapi-02\" \/><\/figure><\/a><\/div><div class=\"swiper-slide\"><a data-elementor-open-lightbox=\"yes\" data-elementor-lightbox-slideshow=\"00e34c3\" data-elementor-lightbox-title=\"sarmal-kapi-04\" href=\"https:\/\/hermess.com.tr\/ar\/wp-content\/uploads\/2021\/04\/sarmal-kapi-04.jpg\"><figure class=\"swiper-slide-inner\"><img decoding=\"async\" class=\"swiper-slide-image\" src=\"https:\/\/hermess.com.tr\/ar\/wp-content\/uploads\/elementor\/thumbs\/sarmal-kapi-04-p5lon6fzp45y7qv0jckmvq1dsyeqxjbcg7xx9q5wdo.jpg\" alt=\"sarmal-kapi-04\" \/><\/figure><\/a><\/div><div class=\"swiper-slide\"><a data-elementor-open-lightbox=\"yes\" data-elementor-lightbox-slideshow=\"00e34c3\" data-elementor-lightbox-title=\"sarmal-kapi-05\" href=\"https:\/\/hermess.com.tr\/ar\/wp-content\/uploads\/2021\/04\/sarmal-kapi-05.jpg\"><figure class=\"swiper-slide-inner\"><img decoding=\"async\" class=\"swiper-slide-image\" src=\"https:\/\/hermess.com.tr\/ar\/wp-content\/uploads\/elementor\/thumbs\/sarmal-kapi-05-p5lon7dtvy78jctnduz9g7sueca458f2scler04i7g.jpg\" alt=\"sarmal-kapi-05\" \/><\/figure><\/a><\/div><div class=\"swiper-slide\"><a data-elementor-open-lightbox=\"yes\" data-elementor-lightbox-slideshow=\"00e34c3\" data-elementor-lightbox-title=\"sarmal-kapi-03-768x1024\" href=\"https:\/\/hermess.com.tr\/ar\/wp-content\/uploads\/2021\/04\/sarmal-kapi-03-768x1024-1.jpg\"><figure class=\"swiper-slide-inner\"><img decoding=\"async\" class=\"swiper-slide-image\" src=\"https:\/\/hermess.com.tr\/ar\/wp-content\/uploads\/elementor\/thumbs\/sarmal-kapi-03-768x1024-1-p5lon4kbbg3dkixqubrdqqigm6o0i53vrymyb68oq4.jpg\" alt=\"sarmal-kapi-03-768x1024\" \/><\/figure><\/a><\/div><div class=\"swiper-slide\"><a data-elementor-open-lightbox=\"yes\" data-elementor-lightbox-slideshow=\"00e34c3\" data-elementor-lightbox-title=\"2020_08_26_18_55_IMG_8779\" href=\"https:\/\/hermess.com.tr\/ar\/wp-content\/uploads\/2021\/05\/2020_08_26_18_55_IMG_8779.jpg\"><figure class=\"swiper-slide-inner\"><img decoding=\"async\" class=\"swiper-slide-image\" src=\"https:\/\/hermess.com.tr\/ar\/wp-content\/uploads\/elementor\/thumbs\/2020_08_26_18_55_IMG_8779-p7cerzqwanwd9sihlm5h8rj8msh6445giainochxrg.jpg\" alt=\"2020_08_26_18_55_IMG_8779\" \/><\/figure><\/a><\/div><div class=\"swiper-slide\"><a data-elementor-open-lightbox=\"yes\" data-elementor-lightbox-slideshow=\"00e34c3\" data-elementor-lightbox-title=\"2020_09_03_16_51_IMG_8915\" href=\"https:\/\/hermess.com.tr\/ar\/wp-content\/uploads\/2021\/05\/2020_09_03_16_51_IMG_8915.jpg\"><figure class=\"swiper-slide-inner\"><img decoding=\"async\" class=\"swiper-slide-image\" src=\"https:\/\/hermess.com.tr\/ar\/wp-content\/uploads\/elementor\/thumbs\/2020_09_03_16_51_IMG_8915-p7ces2kev6088mee55dcy8tmey39r7gnioh446dr8s.jpg\" alt=\"2020_09_03_16_51_IMG_8915\" \/><\/figure><\/a><\/div><div class=\"swiper-slide\"><a data-elementor-open-lightbox=\"yes\" data-elementor-lightbox-slideshow=\"00e34c3\" data-elementor-lightbox-title=\"2020_09_03_16_51_IMG_8918\" href=\"https:\/\/hermess.com.tr\/ar\/wp-content\/uploads\/2021\/05\/2020_09_03_16_51_IMG_8918.jpg\"><figure class=\"swiper-slide-inner\"><img decoding=\"async\" class=\"swiper-slide-image\" src=\"https:\/\/hermess.com.tr\/ar\/wp-content\/uploads\/elementor\/thumbs\/2020_09_03_16_51_IMG_8918-p7ces6brmi5dj28xj6zv87vgshkqlzvkv7321a86jw.jpg\" alt=\"2020_09_03_16_51_IMG_8918\" \/><\/figure><\/a><\/div><div class=\"swiper-slide\"><a data-elementor-open-lightbox=\"yes\" data-elementor-lightbox-slideshow=\"00e34c3\" data-elementor-lightbox-title=\"2020_09_03_16_51_IMG_8920\" href=\"https:\/\/hermess.com.tr\/ar\/wp-content\/uploads\/2021\/05\/2020_09_03_16_51_IMG_8920.jpg\"><figure class=\"swiper-slide-inner\"><img decoding=\"async\" class=\"swiper-slide-image\" src=\"https:\/\/hermess.com.tr\/ar\/wp-content\/uploads\/elementor\/thumbs\/2020_09_03_16_51_IMG_8920-p7cesb0ykobt5423rr102oorrexkohe8juchfo17os.jpg\" alt=\"2020_09_03_16_51_IMG_8920\" \/><\/figure><\/a><\/div><div class=\"swiper-slide\"><a data-elementor-open-lightbox=\"yes\" data-elementor-lightbox-slideshow=\"00e34c3\" data-elementor-lightbox-title=\"h\u0131zl\u0131 pvc kap\u0131 3\" href=\"https:\/\/hermess.com.tr\/ar\/wp-content\/uploads\/2021\/05\/hizli-pvc-kapi-3.jpg\"><figure class=\"swiper-slide-inner\"><img decoding=\"async\" class=\"swiper-slide-image\" src=\"https:\/\/hermess.com.tr\/ar\/wp-content\/uploads\/elementor\/thumbs\/hizli-pvc-kapi-3-p7cesduh56fo3xy0ba8vs5z5jkjobkpfk8axvhx164.jpg\" alt=\"h\u0131zl\u0131 pvc kap\u0131 3\" \/><\/figure><\/a><\/div><div class=\"swiper-slide\"><a data-elementor-open-lightbox=\"yes\" data-elementor-lightbox-slideshow=\"00e34c3\" data-elementor-lightbox-title=\"2019_12_12_13_04_IMG_4430\" href=\"https:\/\/hermess.com.tr\/ar\/wp-content\/uploads\/2021\/05\/2019_12_12_13_04_IMG_4430.jpg\"><figure class=\"swiper-slide-inner\"><img decoding=\"async\" class=\"swiper-slide-image\" src=\"https:\/\/hermess.com.tr\/ar\/wp-content\/uploads\/elementor\/thumbs\/2019_12_12_13_04_IMG_4430-p7ceshltwiktedsjpbve250zx4156d4cwqwvslrgh8.jpg\" alt=\"2019_12_12_13_04_IMG_4430\" \/><\/figure><\/a><\/div><div class=\"swiper-slide\"><a data-elementor-open-lightbox=\"yes\" data-elementor-lightbox-slideshow=\"00e34c3\" data-elementor-lightbox-title=\"2019_12_12_15_41_IMG_4437\" href=\"https:\/\/hermess.com.tr\/ar\/wp-content\/uploads\/2021\/05\/2019_12_12_15_41_IMG_4437.jpg\"><figure class=\"swiper-slide-inner\"><img decoding=\"async\" class=\"swiper-slide-image\" src=\"https:\/\/hermess.com.tr\/ar\/wp-content\/uploads\/elementor\/thumbs\/2019_12_12_15_41_IMG_4437-p7cesmb0uor90flpxvwiwluaw1dz8un0le6b6zkhm4.jpg\" alt=\"2019_12_12_15_41_IMG_4437\" \/><\/figure><\/a><\/div><div class=\"swiper-slide\"><a data-elementor-open-lightbox=\"yes\" data-elementor-lightbox-slideshow=\"00e34c3\" data-elementor-lightbox-title=\"2020_01_12_18_18_IMG_4983\" href=\"https:\/\/hermess.com.tr\/ar\/wp-content\/uploads\/2021\/05\/2020_01_12_18_18_IMG_4983.jpg\"><figure class=\"swiper-slide-inner\"><img decoding=\"async\" class=\"swiper-slide-image\" src=\"https:\/\/hermess.com.tr\/ar\/wp-content\/uploads\/elementor\/thumbs\/2020_01_12_18_18_IMG_4983-p7cesp4jf6v3z9hmhf4em34oo702vxy7ls4rmtgb3g.jpg\" alt=\"2020_01_12_18_18_IMG_4983\" \/><\/figure><\/a><\/div>\t\t\t<\/div>\n\t\t\t\t\t\t\t\t\t\t\t\t<div class=\"swiper-pagination\"><\/div>\n\t\t\t\t\t\t\t\t\t\t\t\t\t<div class=\"elementor-swiper-button elementor-swiper-button-prev\">\n\t\t\t\t\t\t<i class=\"eicon-chevron-left\" aria-hidden=\"true\"><\/i>\n\t\t\t\t\t\t<span class=\"elementor-screen-only\">\u00d6nceki<\/span>\n\t\t\t\t\t<\/div>\n\t\t\t\t\t<div class=\"elementor-swiper-button elementor-swiper-button-next\">\n\t\t\t\t\t\t<i class=\"eicon-chevron-right\" aria-hidden=\"true\"><\/i>\n\t\t\t\t\t\t<span class=\"elementor-screen-only\">Sonraki<\/span>\n\t\t\t\t\t<\/div>\n\t\t\t\t\t\t\t\t\t<\/div>\n\t\t\t\t<\/div>\n\t\t\t\t<\/div>\n\t\t\t\t\t<\/div>\n\t\t<\/div>\n\t\t\t\t\t\t\t<\/div>\n\t\t<\/section>\n\t\t\t\t<section class=\"elementor-section elementor-top-section elementor-element elementor-element-127395be elementor-section-boxed elementor-section-height-default elementor-section-height-default\" data-id=\"127395be\" data-element_type=\"section\">\n\t\t\t\t\t\t<div class=\"elementor-container elementor-column-gap-default\">\n\t\t\t\t\t<div class=\"elementor-column elementor-col-100 elementor-top-column elementor-element elementor-element-45630547\" data-id=\"45630547\" data-element_type=\"column\">\n\t\t\t<div class=\"elementor-widget-wrap elementor-element-populated\">\n\t\t\t\t\t\t\t\t<div class=\"elementor-element elementor-element-55240e6a elementor-widget elementor-widget-text-editor\" data-id=\"55240e6a\" data-element_type=\"widget\" data-widget_type=\"text-editor.default\">\n\t\t\t\t<div class=\"elementor-widget-container\">\n\t\t\t\t\t\t\t\t<p>\u0623\u0646\u0648\u0627\u0639 \u0623\u0628\u0648\u0627\u0628 <strong>PVC<\/strong> \u0645\u0646 \u0627\u0644\u0645\u0644\u062a\u0641<\/p><p>\u0644\u0627 \u062a\u0648\u062c\u062f \u062e\u0633\u0627\u0631\u0629 \u0645\u0633\u0627\u062d\u0629 \u0645\u064a\u062a\u0629 \u0645\u0642\u0627\u0631\u0646\u0629 \u0628\u0627\u0644\u0623\u0628\u0648\u0627\u0628 \u0627\u0644\u0645\u062a\u0623\u0631\u062c\u062d\u0629 \u0648\u0627\u0644\u0627\u0646\u0632\u0644\u0627\u0642\u064a\u0629.<\/p><p>\u064a\u0642\u0627\u0648\u0645 \u0627\u0644\u0631\u064a\u0627\u062d \u0645\u0627 \u064a\u0642\u0631\u0628 \u0645\u0646 60 \u0643\u0645 \/ \u0633\u0627\u0639\u0629 \u064a\u0645\u0643\u0646 \u0632\u064a\u0627\u062f\u062a\u0647 \u0648\u0641\u0642\u064b\u0627 \u0644\u0644\u0638\u0631\u0648\u0641 \u0627\u0644\u0645\u062d\u064a\u0637\u0629<\/p><p>\u0642\u0636\u0628\u0627\u0646 PVC \u0645\u0635\u0646\u0648\u0639\u0629 \u0645\u0646 \u0627\u0644\u0623\u0644\u0648\u0645\u0646\u064a\u0648\u0645 \u0648\u0627\u0644\u0635\u0644\u0628.<\/p><p>\u064a\u062a\u0645 \u062a\u0642\u0644\u064a\u0644 \u062f\u0648\u0631\u0627\u0646 \u0627\u0644\u0647\u0648\u0627\u0621 \u0628\u0627\u0633\u062a\u062e\u062f\u0627\u0645 \u0627\u0644\u0641\u0631\u0634\u0627\u0629 \u0648\u0627\u0644\u0641\u062a\u064a\u0644 \u0639\u0644\u0649 \u062c\u0627\u0646\u0628\u064a \u0627\u0644\u0645\u0648\u062c\u0647\u0627\u062a.<\/p><p>\u0645\u0639 \u0646\u0648\u0627\u0641\u0630 PVC \u0627\u0644\u0634\u0641\u0627\u0641\u0629 \u060c \u064a\u0645\u0643\u0646 \u0631\u0624\u064a\u0629 \u0627\u0644\u062c\u0627\u0646\u0628 \u0627\u0644\u0622\u062e\u0631 \u0628\u0633\u0647\u0648\u0644\u0629.<\/p><p>\u064a\u0645\u0643\u0646 \u062a\u0639\u062f\u064a\u0644 \u0648\u0642\u062a \u0627\u0644\u0641\u062a\u062d \u0627\u062e\u062a\u064a\u0627\u0631\u064a\u0627.<\/p><p>\u0645\u0646\u0637\u0642\u0629 \u0627\u0644\u062d\u0631\u0643\u0629 \u0645\u0624\u0645\u0646\u0629 \u0628\u062e\u0644\u0627\u064a\u0627 \u0636\u0648\u0626\u064a\u0629.<\/p><p>\u0625\u0646\u0647 \u064a\u0639\u0645\u0644 \u062f\u0648\u0646 \u0627\u0644\u062d\u0627\u062c\u0629 \u0625\u0644\u0649 \u062d\u0645\u0644 \u0645\u0639\u0627\u0643\u0633.<\/p><p>\u062a\u0628\u0644\u063a \u0633\u0631\u0639\u0629 \u0627\u0644\u0641\u062a\u062d \u0648\u0627\u0644\u0625\u063a\u0644\u0627\u0642 \u0627\u0644\u0642\u064a\u0627\u0633\u064a\u0629 0.8 \u0645\u062a\u0631 \/ \u062b\u0627\u0646\u064a\u0629.<\/p><p>\u064a\u0648\u0641\u0631 \u0645\u064a\u0632\u0629 \u0627\u0644\u0627\u0633\u062a\u062e\u062f\u0627\u0645 \u0645\u0639 \u0645\u0642\u0628\u0636 \u0627\u0644\u062f\u0648\u0631\u0627\u0646 \u0639\u0646\u062f \u0627\u0646\u0642\u0637\u0627\u0639 \u0627\u0644\u062a\u064a\u0627\u0631 \u0627\u0644\u0643\u0647\u0631\u0628\u0627\u0626\u064a.<\/p><p>\u0627\u063a\u0644\u0627\u0642 \u062a\u0644\u0642\u0627\u0626\u064a \u0642\u0627\u0628\u0644 \u0644\u0644\u062a\u0639\u062f\u064a\u0644 \u0628\u064a\u0646 5 \u0648 80 \u062b\u0627\u0646\u064a\u0629<\/p><p>\u0648\u0638\u064a\u0641\u0629 \u0646\u0635\u0641 \u0627\u0644\u062a\u0648\u0642\u0641<\/p><p>\u0628\u062f\u0621 \u0627\u0644\u062a\u0634\u063a\u064a\u0644 \u0627\u0644\u0633\u0644\u0633 \u0648\u0648\u0638\u0627\u0626\u0641 \u0627\u0644\u062a\u0648\u0642\u0641 \u0627\u0644\u0646\u0627\u0639\u0645 \u0627\u0644\u0639\u0627\u0643\u0633<\/p><p>\u0646\u0627\u0641\u0630\u0629 PVC \u062d\u062a\u0649 1000 \u0645\u0645<\/p><p>900-680 \u063a\u0631\u0627\u0645 \u0642\u0645\u0627\u0634 \u0645\u0633\u062a\u0648\u0631\u062f \u0645\u0639 \u062f\u0639\u0645 \u0628\u0648\u0644\u064a\u0633\u062a\u0631.<\/p><p>\u0625\u0646\u0647 \u0645\u0624\u0645\u0646 \u0628\u0643\u0627\u0645\u064a\u0631\u0627 \u0636\u0648\u0626\u064a\u0629 \u0623\u0645\u0627\u0646 \u0639\u0644\u0649 \u0627\u0631\u062a\u0641\u0627\u0639 400 \u0645\u0645.<\/p><p>\u0627\u062e\u062a\u064a\u0627\u0631\u064a\u064b\u0627 \u060c \u064a\u0645\u0643\u0646 \u062a\u0637\u0628\u064a\u0642 \u0646\u0638\u0627\u0645 \u0627\u0644\u0623\u0645\u0627\u0646 \u0648\u0627\u0644\u0633\u062a\u0627\u0631\u0629 \u0627\u0644\u0639\u0627\u0631\u0636\u0629 \u0627\u0644\u0645\u0637\u0628\u0642\u0629 \u0639\u0644\u0649 \u0645\u0637\u0627\u0637 \u0627\u0644\u062e\u062a\u0645 \u0641\u064a \u0645\u0644\u0641 \u062a\u0639\u0631\u064a\u0641 \u0627\u0644\u0642\u0627\u0639\u062f\u0629.<\/p><p>\u0633\u062a\u0627\u0631\u0629 \u0627\u0644\u062e\u064a\u0627\u0631\u0627\u062a \u0645\u062b\u0644 \u0645\u0635\u0628\u0627\u062d \u062a\u062d\u0630\u064a\u0631 \u060c \u0636\u0648\u0626\u064a\u0629 \u060c \u0643\u0627\u0634\u0641 \u0645\u063a\u0646\u0627\u0637\u064a\u0633\u064a \u060c \u0631\u0627\u062f\u0627\u0631 \u060c \u0645\u0635\u0628\u0627\u062d \u062a\u062d\u0630\u064a\u0631<\/p><p>\u062a\u0648\u062c\u062f \u0623\u0632\u0631\u0627\u0631 &#8220;\u0641\u062a\u062d&#8221; \u0648 &#8220;\u0625\u063a\u0644\u0627\u0642&#8221; \u0648 &#8220;\u0625\u064a\u0642\u0627\u0641&#8221; \u0639\u0644\u0649 \u0644\u0648\u062d\u0629 \u0627\u0644\u0623\u0648\u0627\u0645\u0631 \u0627\u0644\u0642\u064a\u0627\u0633\u064a\u0629. \u064a\u062a\u0645 \u0627\u0644\u062a\u062d\u0643\u0645 \u0641\u064a \u0627\u0644\u0632\u0631<\/p><p>IP54 \u0648\u062d\u062f\u0629 \u062a\u062d\u0643\u0645 \u0625\u0644\u0643\u062a\u0631\u0648\u0646\u064a\u0629 \u0645\u062d\u0645\u064a\u0629<\/p><p>\u00a0<\/p>\t\t\t\t\t\t<\/div>\n\t\t\t\t<\/div>\n\t\t\t\t\t<\/div>\n\t\t<\/div>\n\t\t\t\t\t\t\t<\/div>\n\t\t<\/section>\n\t\t\t\t\t\t<\/div>\n\t\t\t\t\t<\/div>\n\t\t","protected":false},"excerpt":{"rendered":"<p>Previous Next \u0623\u0646\u0648\u0627\u0639 \u0623\u0628\u0648\u0627\u0628 PVC \u0645\u0646 \u0627\u0644\u0645\u0644\u062a\u0641 \u0644\u0627 \u062a\u0648\u062c\u062f \u062e\u0633\u0627\u0631\u0629 \u0645\u0633\u0627\u062d\u0629 \u0645\u064a\u062a\u0629 \u0645\u0642\u0627\u0631\u0646\u0629 \u0628\u0627\u0644\u0623\u0628\u0648\u0627\u0628 \u0627\u0644\u0645\u062a\u0623\u0631\u062c\u062d\u0629 \u0648\u0627\u0644\u0627\u0646\u0632\u0644\u0627\u0642\u064a\u0629. \u064a\u0642\u0627\u0648\u0645 \u0627\u0644\u0631\u064a\u0627\u062d \u0645\u0627 \u064a\u0642\u0631\u0628 \u0645\u0646 60 \u0643\u0645 \/ \u0633\u0627\u0639\u0629 \u064a\u0645\u0643\u0646 \u0632\u064a\u0627\u062f\u062a\u0647 \u0648\u0641\u0642\u064b\u0627 \u0644\u0644\u0638\u0631\u0648\u0641 \u0627\u0644\u0645\u062d\u064a\u0637\u0629 \u0642\u0636\u0628\u0627\u0646 PVC \u0645\u0635\u0646\u0648\u0639\u0629 \u0645\u0646 \u0627\u0644\u0623\u0644\u0648\u0645\u0646\u064a\u0648\u0645 \u0648\u0627\u0644\u0635\u0644\u0628. \u064a\u062a\u0645 \u062a\u0642\u0644\u064a\u0644 \u062f\u0648\u0631\u0627\u0646 \u0627\u0644\u0647\u0648\u0627\u0621 \u0628\u0627\u0633\u062a\u062e\u062f\u0627\u0645 \u0627\u0644\u0641\u0631\u0634\u0627\u0629 \u0648\u0627\u0644\u0641\u062a\u064a\u0644 \u0639\u0644\u0649 \u062c\u0627\u0646\u0628\u064a \u0627\u0644\u0645\u0648\u062c\u0647\u0627\u062a. \u0645\u0639 \u0646\u0648\u0627\u0641\u0630 PVC \u0627\u0644\u0634\u0641\u0627\u0641\u0629 \u060c \u064a\u0645\u0643\u0646 \u0631\u0624\u064a\u0629 \u0627\u0644\u062c\u0627\u0646\u0628 \u0627\u0644\u0622\u062e\u0631 [&hellip;]<\/p>\n","protected":false},"author":1,"featured_media":0,"parent":0,"menu_order":0,"comment_status":"closed","ping_status":"closed","template":"","meta":{"footnotes":""},"yoast_head":"<!-- This site is optimized with the Yoast SEO plugin v16.4 - https:\/\/yoast.com\/wordpress\/plugins\/seo\/ -->\n<title>\u0623\u0646\u0648\u0627\u0639 \u0623\u0628\u0648\u0627\u0628 PVC \u0645\u0646 \u0627\u0644\u0645\u0644\u062a\u0641 - Hermes End\u00fcstriyel Kap\u0131<\/title>\n<meta name=\"robots\" content=\"index, follow, max-snippet:-1, max-image-preview:large, max-video-preview:-1\" \/>\n<link rel=\"canonical\" href=\"https:\/\/hermess.com.tr\/ar\/ar-roll-up-high-speed-pvc-door\/\" \/>\n<meta property=\"og:locale\" content=\"tr_TR\" \/>\n<meta property=\"og:type\" content=\"article\" \/>\n<meta property=\"og:title\" content=\"\u0623\u0646\u0648\u0627\u0639 \u0623\u0628\u0648\u0627\u0628 PVC \u0645\u0646 \u0627\u0644\u0645\u0644\u062a\u0641 - Hermes End\u00fcstriyel Kap\u0131\" \/>\n<meta property=\"og:description\" content=\"Previous Next \u0623\u0646\u0648\u0627\u0639 \u0623\u0628\u0648\u0627\u0628 PVC \u0645\u0646 \u0627\u0644\u0645\u0644\u062a\u0641 \u0644\u0627 \u062a\u0648\u062c\u062f \u062e\u0633\u0627\u0631\u0629 \u0645\u0633\u0627\u062d\u0629 \u0645\u064a\u062a\u0629 \u0645\u0642\u0627\u0631\u0646\u0629 \u0628\u0627\u0644\u0623\u0628\u0648\u0627\u0628 \u0627\u0644\u0645\u062a\u0623\u0631\u062c\u062d\u0629 \u0648\u0627\u0644\u0627\u0646\u0632\u0644\u0627\u0642\u064a\u0629. \u064a\u0642\u0627\u0648\u0645 \u0627\u0644\u0631\u064a\u0627\u062d \u0645\u0627 \u064a\u0642\u0631\u0628 \u0645\u0646 60 \u0643\u0645 \/ \u0633\u0627\u0639\u0629 \u064a\u0645\u0643\u0646 \u0632\u064a\u0627\u062f\u062a\u0647 \u0648\u0641\u0642\u064b\u0627 \u0644\u0644\u0638\u0631\u0648\u0641 \u0627\u0644\u0645\u062d\u064a\u0637\u0629 \u0642\u0636\u0628\u0627\u0646 PVC \u0645\u0635\u0646\u0648\u0639\u0629 \u0645\u0646 \u0627\u0644\u0623\u0644\u0648\u0645\u0646\u064a\u0648\u0645 \u0648\u0627\u0644\u0635\u0644\u0628. \u064a\u062a\u0645 \u062a\u0642\u0644\u064a\u0644 \u062f\u0648\u0631\u0627\u0646 \u0627\u0644\u0647\u0648\u0627\u0621 \u0628\u0627\u0633\u062a\u062e\u062f\u0627\u0645 \u0627\u0644\u0641\u0631\u0634\u0627\u0629 \u0648\u0627\u0644\u0641\u062a\u064a\u0644 \u0639\u0644\u0649 \u062c\u0627\u0646\u0628\u064a \u0627\u0644\u0645\u0648\u062c\u0647\u0627\u062a. \u0645\u0639 \u0646\u0648\u0627\u0641\u0630 PVC \u0627\u0644\u0634\u0641\u0627\u0641\u0629 \u060c \u064a\u0645\u0643\u0646 \u0631\u0624\u064a\u0629 \u0627\u0644\u062c\u0627\u0646\u0628 \u0627\u0644\u0622\u062e\u0631 [&hellip;]\" \/>\n<meta property=\"og:url\" content=\"https:\/\/hermess.com.tr\/ar\/ar-roll-up-high-speed-pvc-door\/\" \/>\n<meta property=\"og:site_name\" content=\"Hermes End\u00fcstriyel Kap\u0131\" \/>\n<meta property=\"article:modified_time\" content=\"2021-05-18T11:16:13+00:00\" \/>\n<meta property=\"og:image\" content=\"http:\/\/hermess.com.tr\/arb\/wp-content\/uploads\/elementor\/thumbs\/sarmal-kapi-01-p5lon0syk3y8a337ga4vgrgm8n6jncoyfg10e2e9f0.jpg\" \/>\n<meta name=\"twitter:card\" content=\"summary_large_image\" \/>\n<script type=\"application\/ld+json\" class=\"yoast-schema-graph\">{\"@context\":\"https:\/\/schema.org\",\"@graph\":[{\"@type\":\"WebSite\",\"@id\":\"https:\/\/hermess.com.tr\/ar\/#website\",\"url\":\"https:\/\/hermess.com.tr\/ar\/\",\"name\":\"Hermes End\\u00fcstriyel Kap\\u0131\",\"description\":\"End\\u00fcstriyel Kap\\u0131 \\u00dcreticisi\",\"potentialAction\":[{\"@type\":\"SearchAction\",\"target\":\"https:\/\/hermess.com.tr\/ar\/?s={search_term_string}\",\"query-input\":\"required name=search_term_string\"}],\"inLanguage\":\"tr\"},{\"@type\":\"ImageObject\",\"@id\":\"https:\/\/hermess.com.tr\/ar\/ar-roll-up-high-speed-pvc-door\/#primaryimage\",\"inLanguage\":\"tr\",\"url\":\"http:\/\/hermess.com.tr\/arb\/wp-content\/uploads\/elementor\/thumbs\/sarmal-kapi-01-p5lon0syk3y8a337ga4vgrgm8n6jncoyfg10e2e9f0.jpg\",\"contentUrl\":\"http:\/\/hermess.com.tr\/arb\/wp-content\/uploads\/elementor\/thumbs\/sarmal-kapi-01-p5lon0syk3y8a337ga4vgrgm8n6jncoyfg10e2e9f0.jpg\"},{\"@type\":\"WebPage\",\"@id\":\"https:\/\/hermess.com.tr\/ar\/ar-roll-up-high-speed-pvc-door\/#webpage\",\"url\":\"https:\/\/hermess.com.tr\/ar\/ar-roll-up-high-speed-pvc-door\/\",\"name\":\"\\u0623\\u0646\\u0648\\u0627\\u0639 \\u0623\\u0628\\u0648\\u0627\\u0628 PVC \\u0645\\u0646 \\u0627\\u0644\\u0645\\u0644\\u062a\\u0641 - Hermes End\\u00fcstriyel Kap\\u0131\",\"isPartOf\":{\"@id\":\"https:\/\/hermess.com.tr\/ar\/#website\"},\"primaryImageOfPage\":{\"@id\":\"https:\/\/hermess.com.tr\/ar\/ar-roll-up-high-speed-pvc-door\/#primaryimage\"},\"datePublished\":\"2021-04-30T10:00:21+00:00\",\"dateModified\":\"2021-05-18T11:16:13+00:00\",\"breadcrumb\":{\"@id\":\"https:\/\/hermess.com.tr\/ar\/ar-roll-up-high-speed-pvc-door\/#breadcrumb\"},\"inLanguage\":\"tr\",\"potentialAction\":[{\"@type\":\"ReadAction\",\"target\":[\"https:\/\/hermess.com.tr\/ar\/ar-roll-up-high-speed-pvc-door\/\"]}]},{\"@type\":\"BreadcrumbList\",\"@id\":\"https:\/\/hermess.com.tr\/ar\/ar-roll-up-high-speed-pvc-door\/#breadcrumb\",\"itemListElement\":[{\"@type\":\"ListItem\",\"position\":1,\"item\":{\"@type\":\"WebPage\",\"@id\":\"https:\/\/hermess.com.tr\/ar\/\",\"url\":\"https:\/\/hermess.com.tr\/ar\/\",\"name\":\"Anasayfa\"}},{\"@type\":\"ListItem\",\"position\":2,\"item\":{\"@id\":\"https:\/\/hermess.com.tr\/ar\/ar-roll-up-high-speed-pvc-door\/#webpage\"}}]}]}<\/script>\n<!-- \/ Yoast SEO plugin. -->","_links":{"self":[{"href":"https:\/\/hermess.com.tr\/ar\/wp-json\/wp\/v2\/pages\/1128"}],"collection":[{"href":"https:\/\/hermess.com.tr\/ar\/wp-json\/wp\/v2\/pages"}],"about":[{"href":"https:\/\/hermess.com.tr\/ar\/wp-json\/wp\/v2\/types\/page"}],"author":[{"embeddable":true,"href":"https:\/\/hermess.com.tr\/ar\/wp-json\/wp\/v2\/users\/1"}],"replies":[{"embeddable":true,"href":"https:\/\/hermess.com.tr\/ar\/wp-json\/wp\/v2\/comments?post=1128"}],"version-history":[{"count":10,"href":"https:\/\/hermess.com.tr\/ar\/wp-json\/wp\/v2\/pages\/1128\/revisions"}],"predecessor-version":[{"id":1337,"href":"https:\/\/hermess.com.tr\/ar\/wp-json\/wp\/v2\/pages\/1128\/revisions\/1337"}],"wp:attachment":[{"href":"https:\/\/hermess.com.tr\/ar\/wp-json\/wp\/v2\/media?parent=1128"}],"curies":[{"name":"wp","href":"https:\/\/api.w.org\/{rel}","templated":true}]}}