{"id":867,"date":"2021-04-29T13:09:31","date_gmt":"2021-04-29T10:09:31","guid":{"rendered":"http:\/\/hermes.demositeler.xyz\/?page_id=867"},"modified":"2021-04-29T16:02:19","modified_gmt":"2021-04-29T13:02:19","slug":"about-us","status":"publish","type":"page","link":"https:\/\/hermess.com.tr\/en\/about-us\/","title":{"rendered":"About Us"},"content":{"rendered":"\t\t<div data-elementor-type=\"wp-page\" data-elementor-id=\"867\" class=\"elementor elementor-867\">\n\t\t\t\t\t\t<section class=\"elementor-section elementor-top-section elementor-element elementor-element-905e862 elementor-section-height-min-height elementor-section-boxed elementor-section-height-default elementor-section-items-middle\" data-id=\"905e862\" data-element_type=\"section\" data-settings=\"{&quot;jet_parallax_layout_list&quot;:[{&quot;jet_parallax_layout_image&quot;:{&quot;url&quot;:&quot;&quot;,&quot;id&quot;:&quot;&quot;,&quot;size&quot;:&quot;&quot;},&quot;_id&quot;:&quot;ae1f1fd&quot;,&quot;jet_parallax_layout_image_tablet&quot;:{&quot;url&quot;:&quot;&quot;,&quot;id&quot;:&quot;&quot;,&quot;size&quot;:&quot;&quot;},&quot;jet_parallax_layout_image_mobile&quot;:{&quot;url&quot;:&quot;&quot;,&quot;id&quot;:&quot;&quot;,&quot;size&quot;:&quot;&quot;},&quot;jet_parallax_layout_speed&quot;:{&quot;unit&quot;:&quot;%&quot;,&quot;size&quot;:50,&quot;sizes&quot;:[]},&quot;jet_parallax_layout_type&quot;:&quot;scroll&quot;,&quot;jet_parallax_layout_direction&quot;:null,&quot;jet_parallax_layout_fx_direction&quot;:null,&quot;jet_parallax_layout_z_index&quot;:&quot;&quot;,&quot;jet_parallax_layout_bg_x&quot;:50,&quot;jet_parallax_layout_bg_x_tablet&quot;:&quot;&quot;,&quot;jet_parallax_layout_bg_x_mobile&quot;:&quot;&quot;,&quot;jet_parallax_layout_bg_y&quot;:50,&quot;jet_parallax_layout_bg_y_tablet&quot;:&quot;&quot;,&quot;jet_parallax_layout_bg_y_mobile&quot;:&quot;&quot;,&quot;jet_parallax_layout_bg_size&quot;:&quot;auto&quot;,&quot;jet_parallax_layout_bg_size_tablet&quot;:&quot;&quot;,&quot;jet_parallax_layout_bg_size_mobile&quot;:&quot;&quot;,&quot;jet_parallax_layout_animation_prop&quot;:&quot;transform&quot;,&quot;jet_parallax_layout_on&quot;:[&quot;desktop&quot;,&quot;tablet&quot;]}]}\">\n\t\t\t\t\t\t<div class=\"elementor-container elementor-column-gap-default\">\n\t\t\t\t\t<div class=\"elementor-column elementor-col-50 elementor-top-column elementor-element elementor-element-69e328a\" data-id=\"69e328a\" data-element_type=\"column\">\n\t\t\t<div class=\"elementor-widget-wrap elementor-element-populated\">\n\t\t\t\t\t\t<div class=\"elementor-element elementor-element-f77a00d elementor-widget elementor-widget-image\" data-id=\"f77a00d\" data-element_type=\"widget\" data-widget_type=\"image.default\">\n\t\t\t\t<div class=\"elementor-widget-container\">\n\t\t\t\t\t\t\t\t\t\t\t\t\t<img fetchpriority=\"high\" decoding=\"async\" width=\"1024\" height=\"1024\" src=\"https:\/\/hermess.com.tr\/en\/wp-content\/uploads\/2021\/04\/HERMES-LG.svg\" class=\"attachment-large size-large wp-image-673\" alt=\"\" srcset=\"https:\/\/hermess.com.tr\/en\/wp-content\/uploads\/\/2021\/04\/HERMES-LG.svg 150w, https:\/\/hermess.com.tr\/en\/wp-content\/uploads\/\/2021\/04\/HERMES-LG.svg 300w, https:\/\/hermess.com.tr\/en\/wp-content\/uploads\/\/2021\/04\/HERMES-LG.svg 1024w\" sizes=\"(max-width: 1024px) 100vw, 1024px\" \/>\t\t\t\t\t\t\t\t\t\t\t\t\t<\/div>\n\t\t\t\t<\/div>\n\t\t\t\t\t<\/div>\n\t\t<\/div>\n\t\t\t\t<div class=\"elementor-column elementor-col-50 elementor-top-column elementor-element elementor-element-665d214\" data-id=\"665d214\" data-element_type=\"column\">\n\t\t\t<div class=\"elementor-widget-wrap elementor-element-populated\">\n\t\t\t\t\t\t<div class=\"elementor-element elementor-element-9ff3bb2 elementor-widget elementor-widget-heading\" data-id=\"9ff3bb2\" data-element_type=\"widget\" data-widget_type=\"heading.default\">\n\t\t\t\t<div class=\"elementor-widget-container\">\n\t\t\t<h2 class=\"elementor-heading-title elementor-size-default\">ABOUT US<\/h2>\t\t<\/div>\n\t\t\t\t<\/div>\n\t\t\t\t<div class=\"elementor-element elementor-element-039cf5f elementor-widget elementor-widget-text-editor\" data-id=\"039cf5f\" data-element_type=\"widget\" data-widget_type=\"text-editor.default\">\n\t\t\t\t<div class=\"elementor-widget-container\">\n\t\t\t\t\t\t\t<p>Our strong technical team with innovative, dynamic, efficient, reliable understanding of team spirit;<\/p><p>quality, timeliness and reasonable optimal price to the world standards without compromising customer satisfaction and creating much employment as possible, we offer services to our environment.<\/p><p>We are renewing ourselves according to technological developments with a team spirit that all of our employees actively take part in, in order to increase customer satisfaction, to meet current and future expectations of our customers, and we work unceasingly for the development of our esteemed customers and our region.<\/p><p>Providing the best solution with the newest service is our most important principle and mission that we can not give up, to be a company that is taken as a reference model by all companies in the sector ,our biggest plan and vision for the future.<\/p>\t\t\t\t\t\t<\/div>\n\t\t\t\t<\/div>\n\t\t\t\t\t<\/div>\n\t\t<\/div>\n\t\t\t\t\t<\/div>\n\t\t<\/section>\n\t\t\t\t<\/div>\n\t\t","protected":false},"excerpt":{"rendered":"<p>ABOUT US Our strong technical team with innovative, dynamic, efficient, reliable understanding of team spirit; quality, timeliness and reasonable optimal price to the world standards without compromising customer satisfaction and creating much employment as possible, we offer services to our environment. We are renewing ourselves according to technological developments with a team spirit that all [&hellip;]<\/p>\n","protected":false},"author":1,"featured_media":0,"parent":0,"menu_order":0,"comment_status":"closed","ping_status":"closed","template":"elementor_header_footer","meta":{"_acf_changed":false,"_joinchat":[],"footnotes":""},"class_list":["post-867","page","type-page","status-publish","hentry"],"acf":[],"yoast_head":"<!-- This site is optimized with the Yoast SEO plugin v21.1 - https:\/\/yoast.com\/wordpress\/plugins\/seo\/ -->\n<title>About Us - Hermes End\u00fcstriyel Kap\u0131<\/title>\n<meta name=\"robots\" content=\"index, follow, max-snippet:-1, max-image-preview:large, max-video-preview:-1\" \/>\n<link rel=\"canonical\" href=\"https:\/\/hermess.com.tr\/en\/about-us\/\" \/>\n<meta property=\"og:locale\" content=\"tr_TR\" \/>\n<meta property=\"og:type\" content=\"article\" \/>\n<meta property=\"og:title\" content=\"About Us - Hermes End\u00fcstriyel Kap\u0131\" \/>\n<meta property=\"og:description\" content=\"ABOUT US Our strong technical team with innovative, dynamic, efficient, reliable understanding of team spirit; quality, timeliness and reasonable optimal price to the world standards without compromising customer satisfaction and creating much employment as possible, we offer services to our environment. We are renewing ourselves according to technological developments with a team spirit that all [&hellip;]\" \/>\n<meta property=\"og:url\" content=\"https:\/\/hermess.com.tr\/en\/about-us\/\" \/>\n<meta property=\"og:site_name\" content=\"Hermes End\u00fcstriyel Kap\u0131\" \/>\n<meta property=\"article:modified_time\" content=\"2021-04-29T13:02:19+00:00\" \/>\n<meta property=\"og:image\" content=\"http:\/\/hermess.com.tr\/wp-content\/uploads\/2021\/04\/HERMES-LG.svg\" \/>\n<meta name=\"twitter:card\" content=\"summary_large_image\" \/>\n<meta name=\"twitter:label1\" content=\"Tahmini okuma s\u00fcresi\" \/>\n\t<meta name=\"twitter:data1\" content=\"1 dakika\" \/>\n<script type=\"application\/ld+json\" class=\"yoast-schema-graph\">{\"@context\":\"https:\/\/schema.org\",\"@graph\":[{\"@type\":\"WebPage\",\"@id\":\"https:\/\/hermess.com.tr\/en\/about-us\/\",\"url\":\"https:\/\/hermess.com.tr\/en\/about-us\/\",\"name\":\"About Us - Hermes End\u00fcstriyel Kap\u0131\",\"isPartOf\":{\"@id\":\"https:\/\/hermess.com.tr\/en\/#website\"},\"datePublished\":\"2021-04-29T10:09:31+00:00\",\"dateModified\":\"2021-04-29T13:02:19+00:00\",\"breadcrumb\":{\"@id\":\"https:\/\/hermess.com.tr\/en\/about-us\/#breadcrumb\"},\"inLanguage\":\"tr\",\"potentialAction\":[{\"@type\":\"ReadAction\",\"target\":[\"https:\/\/hermess.com.tr\/en\/about-us\/\"]}]},{\"@type\":\"BreadcrumbList\",\"@id\":\"https:\/\/hermess.com.tr\/en\/about-us\/#breadcrumb\",\"itemListElement\":[{\"@type\":\"ListItem\",\"position\":1,\"name\":\"Anasayfa\",\"item\":\"https:\/\/hermess.com.tr\/en\/\"},{\"@type\":\"ListItem\",\"position\":2,\"name\":\"About Us\"}]},{\"@type\":\"WebSite\",\"@id\":\"https:\/\/hermess.com.tr\/en\/#website\",\"url\":\"https:\/\/hermess.com.tr\/en\/\",\"name\":\"Hermes End\u00fcstriyel Kap\u0131\",\"description\":\"End\u00fcstriyel Kap\u0131 \u00dcreticisi\",\"potentialAction\":[{\"@type\":\"SearchAction\",\"target\":{\"@type\":\"EntryPoint\",\"urlTemplate\":\"https:\/\/hermess.com.tr\/en\/?s={search_term_string}\"},\"query-input\":\"required name=search_term_string\"}],\"inLanguage\":\"tr\"}]}<\/script>\n<!-- \/ Yoast SEO plugin. -->","yoast_head_json":{"title":"About Us - Hermes End\u00fcstriyel Kap\u0131","robots":{"index":"index","follow":"follow","max-snippet":"max-snippet:-1","max-image-preview":"max-image-preview:large","max-video-preview":"max-video-preview:-1"},"canonical":"https:\/\/hermess.com.tr\/en\/about-us\/","og_locale":"tr_TR","og_type":"article","og_title":"About Us - Hermes End\u00fcstriyel Kap\u0131","og_description":"ABOUT US Our strong technical team with innovative, dynamic, efficient, reliable understanding of team spirit; quality, timeliness and reasonable optimal price to the world standards without compromising customer satisfaction and creating much employment as possible, we offer services to our environment. We are renewing ourselves according to technological developments with a team spirit that all [&hellip;]","og_url":"https:\/\/hermess.com.tr\/en\/about-us\/","og_site_name":"Hermes End\u00fcstriyel Kap\u0131","article_modified_time":"2021-04-29T13:02:19+00:00","og_image":[{"url":"http:\/\/hermess.com.tr\/wp-content\/uploads\/2021\/04\/HERMES-LG.svg"}],"twitter_card":"summary_large_image","twitter_misc":{"Tahmini okuma s\u00fcresi":"1 dakika"},"schema":{"@context":"https:\/\/schema.org","@graph":[{"@type":"WebPage","@id":"https:\/\/hermess.com.tr\/en\/about-us\/","url":"https:\/\/hermess.com.tr\/en\/about-us\/","name":"About Us - Hermes End\u00fcstriyel Kap\u0131","isPartOf":{"@id":"https:\/\/hermess.com.tr\/en\/#website"},"datePublished":"2021-04-29T10:09:31+00:00","dateModified":"2021-04-29T13:02:19+00:00","breadcrumb":{"@id":"https:\/\/hermess.com.tr\/en\/about-us\/#breadcrumb"},"inLanguage":"tr","potentialAction":[{"@type":"ReadAction","target":["https:\/\/hermess.com.tr\/en\/about-us\/"]}]},{"@type":"BreadcrumbList","@id":"https:\/\/hermess.com.tr\/en\/about-us\/#breadcrumb","itemListElement":[{"@type":"ListItem","position":1,"name":"Anasayfa","item":"https:\/\/hermess.com.tr\/en\/"},{"@type":"ListItem","position":2,"name":"About Us"}]},{"@type":"WebSite","@id":"https:\/\/hermess.com.tr\/en\/#website","url":"https:\/\/hermess.com.tr\/en\/","name":"Hermes End\u00fcstriyel Kap\u0131","description":"End\u00fcstriyel Kap\u0131 \u00dcreticisi","potentialAction":[{"@type":"SearchAction","target":{"@type":"EntryPoint","urlTemplate":"https:\/\/hermess.com.tr\/en\/?s={search_term_string}"},"query-input":"required name=search_term_string"}],"inLanguage":"tr"}]}},"_links":{"self":[{"href":"https:\/\/hermess.com.tr\/en\/wp-json\/wp\/v2\/pages\/867"}],"collection":[{"href":"https:\/\/hermess.com.tr\/en\/wp-json\/wp\/v2\/pages"}],"about":[{"href":"https:\/\/hermess.com.tr\/en\/wp-json\/wp\/v2\/types\/page"}],"author":[{"embeddable":true,"href":"https:\/\/hermess.com.tr\/en\/wp-json\/wp\/v2\/users\/1"}],"replies":[{"embeddable":true,"href":"https:\/\/hermess.com.tr\/en\/wp-json\/wp\/v2\/comments?post=867"}],"version-history":[{"count":6,"href":"https:\/\/hermess.com.tr\/en\/wp-json\/wp\/v2\/pages\/867\/revisions"}],"predecessor-version":[{"id":1008,"href":"https:\/\/hermess.com.tr\/en\/wp-json\/wp\/v2\/pages\/867\/revisions\/1008"}],"wp:attachment":[{"href":"https:\/\/hermess.com.tr\/en\/wp-json\/wp\/v2\/media?parent=867"}],"curies":[{"name":"wp","href":"https:\/\/api.w.org\/{rel}","templated":true}]}}