{"id":887,"date":"2021-04-29T13:41:43","date_gmt":"2021-04-29T10:41:43","guid":{"rendered":"http:\/\/hermes.demositeler.xyz\/?page_id=887"},"modified":"2021-06-09T13:51:03","modified_gmt":"2021-06-09T10:51:03","slug":"fold-up-high-speed-pvc-door","status":"publish","type":"page","link":"https:\/\/hermess.com.tr\/en\/fold-up-high-speed-pvc-door\/","title":{"rendered":"Fold Up High Speed Pvc Door"},"content":{"rendered":"\t\t<div data-elementor-type=\"wp-page\" data-elementor-id=\"887\" class=\"elementor elementor-887\">\n\t\t\t\t\t\t<section class=\"elementor-section elementor-top-section elementor-element elementor-element-5d33aa4f elementor-section-boxed elementor-section-height-default elementor-section-height-default\" data-id=\"5d33aa4f\" data-element_type=\"section\" data-settings=\"{&quot;jet_parallax_layout_list&quot;:[{&quot;jet_parallax_layout_image&quot;:{&quot;url&quot;:&quot;&quot;,&quot;id&quot;:&quot;&quot;,&quot;size&quot;:&quot;&quot;},&quot;_id&quot;:&quot;3686cc1&quot;,&quot;jet_parallax_layout_image_tablet&quot;:{&quot;url&quot;:&quot;&quot;,&quot;id&quot;:&quot;&quot;,&quot;size&quot;:&quot;&quot;},&quot;jet_parallax_layout_image_mobile&quot;:{&quot;url&quot;:&quot;&quot;,&quot;id&quot;:&quot;&quot;,&quot;size&quot;:&quot;&quot;},&quot;jet_parallax_layout_speed&quot;:{&quot;unit&quot;:&quot;%&quot;,&quot;size&quot;:50,&quot;sizes&quot;:[]},&quot;jet_parallax_layout_type&quot;:&quot;scroll&quot;,&quot;jet_parallax_layout_direction&quot;:null,&quot;jet_parallax_layout_fx_direction&quot;:null,&quot;jet_parallax_layout_z_index&quot;:&quot;&quot;,&quot;jet_parallax_layout_bg_x&quot;:50,&quot;jet_parallax_layout_bg_x_tablet&quot;:&quot;&quot;,&quot;jet_parallax_layout_bg_x_mobile&quot;:&quot;&quot;,&quot;jet_parallax_layout_bg_y&quot;:50,&quot;jet_parallax_layout_bg_y_tablet&quot;:&quot;&quot;,&quot;jet_parallax_layout_bg_y_mobile&quot;:&quot;&quot;,&quot;jet_parallax_layout_bg_size&quot;:&quot;auto&quot;,&quot;jet_parallax_layout_bg_size_tablet&quot;:&quot;&quot;,&quot;jet_parallax_layout_bg_size_mobile&quot;:&quot;&quot;,&quot;jet_parallax_layout_animation_prop&quot;:&quot;transform&quot;,&quot;jet_parallax_layout_on&quot;:[&quot;desktop&quot;,&quot;tablet&quot;]}]}\">\n\t\t\t\t\t\t<div class=\"elementor-container elementor-column-gap-default\">\n\t\t\t\t\t<div class=\"elementor-column elementor-col-100 elementor-top-column elementor-element elementor-element-51ad00d7\" data-id=\"51ad00d7\" data-element_type=\"column\">\n\t\t\t<div class=\"elementor-widget-wrap elementor-element-populated\">\n\t\t\t\t\t\t<div class=\"elementor-element elementor-element-3a84be80 elementor-arrows-position-inside elementor-pagination-position-outside elementor-widget elementor-widget-image-carousel\" data-id=\"3a84be80\" data-element_type=\"widget\" data-settings=\"{&quot;image_spacing_custom&quot;:{&quot;unit&quot;:&quot;px&quot;,&quot;size&quot;:10,&quot;sizes&quot;:[]},&quot;slides_to_show&quot;:&quot;3&quot;,&quot;navigation&quot;:&quot;both&quot;,&quot;autoplay&quot;:&quot;yes&quot;,&quot;pause_on_hover&quot;:&quot;yes&quot;,&quot;pause_on_interaction&quot;:&quot;yes&quot;,&quot;autoplay_speed&quot;:5000,&quot;infinite&quot;:&quot;yes&quot;,&quot;speed&quot;:500,&quot;image_spacing_custom_tablet&quot;:{&quot;unit&quot;:&quot;px&quot;,&quot;size&quot;:&quot;&quot;,&quot;sizes&quot;:[]},&quot;image_spacing_custom_mobile&quot;:{&quot;unit&quot;:&quot;px&quot;,&quot;size&quot;:&quot;&quot;,&quot;sizes&quot;:[]}}\" data-widget_type=\"image-carousel.default\">\n\t\t\t\t<div class=\"elementor-widget-container\">\n\t\t\t\t\t<div class=\"elementor-image-carousel-wrapper swiper\" dir=\"ltr\">\n\t\t\t<div class=\"elementor-image-carousel swiper-wrapper\" aria-live=\"off\">\n\t\t\t\t\t\t\t\t<div class=\"swiper-slide\" role=\"group\" aria-roledescription=\"slide\" aria-label=\"1 \/ 10\"><a data-elementor-open-lightbox=\"yes\" data-elementor-lightbox-slideshow=\"3a84be80\" data-elementor-lightbox-title=\"katlanir-pvc-kapi-03-768x1024\" data-e-action-hash=\"#elementor-action%3Aaction%3Dlightbox%26settings%3DeyJpZCI6MzQwLCJ1cmwiOiJodHRwczpcL1wvaGVybWVzcy5jb20udHJcL2VuXC93cC1jb250ZW50XC91cGxvYWRzXC8yMDIxXC8wNFwva2F0bGFuaXItcHZjLWthcGktMDMtNzY4eDEwMjQtMS5qcGciLCJzbGlkZXNob3ciOiIzYTg0YmU4MCJ9\" href=\"https:\/\/hermess.com.tr\/en\/wp-content\/uploads\/2021\/04\/katlanir-pvc-kapi-03-768x1024-1.jpg\"><figure class=\"swiper-slide-inner\"><img decoding=\"async\" class=\"swiper-slide-image\" src=\"https:\/\/hermess.com.tr\/en\/wp-content\/uploads\/elementor\/thumbs\/katlanir-pvc-kapi-03-768x1024-1-p5los7uuc52aghji40zmqy9cgbkl74bjh5umw4ox0s.jpg\" alt=\"katlanir-pvc-kapi-03-768x1024\" \/><\/figure><\/a><\/div><div class=\"swiper-slide\" role=\"group\" aria-roledescription=\"slide\" aria-label=\"2 \/ 10\"><a data-elementor-open-lightbox=\"yes\" data-elementor-lightbox-slideshow=\"3a84be80\" data-elementor-lightbox-title=\"katlanir-pvc-kapi-05-1024x768\" data-e-action-hash=\"#elementor-action%3Aaction%3Dlightbox%26settings%3DeyJpZCI6MzQyLCJ1cmwiOiJodHRwczpcL1wvaGVybWVzcy5jb20udHJcL2VuXC93cC1jb250ZW50XC91cGxvYWRzXC8yMDIxXC8wNFwva2F0bGFuaXItcHZjLWthcGktMDUtMTAyNHg3NjgtMS5qcGciLCJzbGlkZXNob3ciOiIzYTg0YmU4MCJ9\" href=\"https:\/\/hermess.com.tr\/en\/wp-content\/uploads\/2021\/04\/katlanir-pvc-kapi-05-1024x768-1.jpg\"><figure class=\"swiper-slide-inner\"><img decoding=\"async\" class=\"swiper-slide-image\" src=\"https:\/\/hermess.com.tr\/en\/wp-content\/uploads\/elementor\/thumbs\/katlanir-pvc-kapi-05-1024x768-1-p5losbm73h7fqxe1i2m50xb6tv221wqgtogkt8jcbw.jpg\" alt=\"katlanir-pvc-kapi-05-1024x768\" \/><\/figure><\/a><\/div><div class=\"swiper-slide\" role=\"group\" aria-roledescription=\"slide\" aria-label=\"3 \/ 10\"><a data-elementor-open-lightbox=\"yes\" data-elementor-lightbox-slideshow=\"3a84be80\" data-elementor-lightbox-title=\"katlanir-pvc-kapi-04\" data-e-action-hash=\"#elementor-action%3Aaction%3Dlightbox%26settings%3DeyJpZCI6MzQxLCJ1cmwiOiJodHRwczpcL1wvaGVybWVzcy5jb20udHJcL2VuXC93cC1jb250ZW50XC91cGxvYWRzXC8yMDIxXC8wNFwva2F0bGFuaXItcHZjLWthcGktMDQuanBnIiwic2xpZGVzaG93IjoiM2E4NGJlODAifQ%3D%3D\" href=\"https:\/\/hermess.com.tr\/en\/wp-content\/uploads\/2021\/04\/katlanir-pvc-kapi-04.jpg\"><figure class=\"swiper-slide-inner\"><img decoding=\"async\" class=\"swiper-slide-image\" src=\"https:\/\/hermess.com.tr\/en\/wp-content\/uploads\/elementor\/thumbs\/katlanir-pvc-kapi-04-p5losaocwn65fbfenk7igfjq8h6ou7mqhjt3bykqi4.jpg\" alt=\"katlanir-pvc-kapi-04\" \/><\/figure><\/a><\/div><div class=\"swiper-slide\" role=\"group\" aria-roledescription=\"slide\" aria-label=\"4 \/ 10\"><a data-elementor-open-lightbox=\"yes\" data-elementor-lightbox-slideshow=\"3a84be80\" data-elementor-lightbox-title=\"katlanir-pvc-kapi-02-1\" data-e-action-hash=\"#elementor-action%3Aaction%3Dlightbox%26settings%3DeyJpZCI6MzM5LCJ1cmwiOiJodHRwczpcL1wvaGVybWVzcy5jb20udHJcL2VuXC93cC1jb250ZW50XC91cGxvYWRzXC8yMDIxXC8wNFwva2F0bGFuaXItcHZjLWthcGktMDItMS5qcGciLCJzbGlkZXNob3ciOiIzYTg0YmU4MCJ9\" href=\"https:\/\/hermess.com.tr\/en\/wp-content\/uploads\/2021\/04\/katlanir-pvc-kapi-02-1.jpg\"><figure class=\"swiper-slide-inner\"><img decoding=\"async\" class=\"swiper-slide-image\" src=\"https:\/\/hermess.com.tr\/en\/wp-content\/uploads\/elementor\/thumbs\/katlanir-pvc-kapi-02-1-p5los5z5ygzpt9m8f06dlyqf9jturq42swjnxkrpd8.jpg\" alt=\"katlanir-pvc-kapi-02-1\" \/><\/figure><\/a><\/div><div class=\"swiper-slide\" role=\"group\" aria-roledescription=\"slide\" aria-label=\"5 \/ 10\"><a data-elementor-open-lightbox=\"yes\" data-elementor-lightbox-slideshow=\"3a84be80\" data-elementor-lightbox-title=\"katlanir-pvc-kapi-06\" data-e-action-hash=\"#elementor-action%3Aaction%3Dlightbox%26settings%3DeyJpZCI6MzQzLCJ1cmwiOiJodHRwczpcL1wvaGVybWVzcy5jb20udHJcL2VuXC93cC1jb250ZW50XC91cGxvYWRzXC8yMDIxXC8wNFwva2F0bGFuaXItcHZjLWthcGktMDYuanBnIiwic2xpZGVzaG93IjoiM2E4NGJlODAifQ%3D%3D\" href=\"https:\/\/hermess.com.tr\/en\/wp-content\/uploads\/2021\/04\/katlanir-pvc-kapi-06.jpg\"><figure class=\"swiper-slide-inner\"><img decoding=\"async\" class=\"swiper-slide-image\" src=\"https:\/\/hermess.com.tr\/en\/wp-content\/uploads\/elementor\/thumbs\/katlanir-pvc-kapi-06-p5losefpnzbapr9y1lu0qelkm0o5p01nu2f192f5t8.jpg\" alt=\"katlanir-pvc-kapi-06\" \/><\/figure><\/a><\/div><div class=\"swiper-slide\" role=\"group\" aria-roledescription=\"slide\" aria-label=\"6 \/ 10\"><a data-elementor-open-lightbox=\"yes\" data-elementor-lightbox-slideshow=\"3a84be80\" data-elementor-lightbox-title=\"katlan\u0131r pvc kap\u0131\" data-e-action-hash=\"#elementor-action%3Aaction%3Dlightbox%26settings%3DeyJpZCI6MTMyNCwidXJsIjoiaHR0cHM6XC9cL2hlcm1lc3MuY29tLnRyXC9lblwvd3AtY29udGVudFwvdXBsb2Fkc1wvMjAyMVwvMDVcL2thdGxhbmlyLXB2Yy1rYXBpLmpwZyIsInNsaWRlc2hvdyI6IjNhODRiZTgwIn0%3D\" href=\"https:\/\/hermess.com.tr\/en\/wp-content\/uploads\/2021\/05\/katlanir-pvc-kapi.jpg\"><figure class=\"swiper-slide-inner\"><img decoding=\"async\" class=\"swiper-slide-image\" src=\"https:\/\/hermess.com.tr\/en\/wp-content\/uploads\/elementor\/thumbs\/katlanir-pvc-kapi-p7cfwn9lvpjtengn7orll07xjq3o0ujj3i9nw67yng.jpg\" alt=\"katlan\u0131r pvc kap\u0131\" \/><\/figure><\/a><\/div><div class=\"swiper-slide\" role=\"group\" aria-roledescription=\"slide\" aria-label=\"7 \/ 10\"><a data-elementor-open-lightbox=\"yes\" data-elementor-lightbox-slideshow=\"3a84be80\" data-elementor-lightbox-title=\"2019_12_16_11_12_IMG_4483\" data-e-action-hash=\"#elementor-action%3Aaction%3Dlightbox%26settings%3DeyJpZCI6MTMyNSwidXJsIjoiaHR0cHM6XC9cL2hlcm1lc3MuY29tLnRyXC9lblwvd3AtY29udGVudFwvdXBsb2Fkc1wvMjAyMVwvMDVcLzIwMTlfMTJfMTZfMTFfMTJfSU1HXzQ0ODMtc2NhbGVkLmpwZyIsInNsaWRlc2hvdyI6IjNhODRiZTgwIn0%3D\" href=\"https:\/\/hermess.com.tr\/en\/wp-content\/uploads\/2021\/05\/2019_12_16_11_12_IMG_4483-scaled.jpg\"><figure class=\"swiper-slide-inner\"><img decoding=\"async\" class=\"swiper-slide-image\" src=\"https:\/\/hermess.com.tr\/en\/wp-content\/uploads\/elementor\/thumbs\/2019_12_16_11_12_IMG_4483-scaled-p7cfwusbedu3zj5pzs0m4ybmat2lqfddsjhjqdwt9o.jpg\" alt=\"2019_12_16_11_12_IMG_4483\" \/><\/figure><\/a><\/div><div class=\"swiper-slide\" role=\"group\" aria-roledescription=\"slide\" aria-label=\"8 \/ 10\"><a data-elementor-open-lightbox=\"yes\" data-elementor-lightbox-slideshow=\"3a84be80\" data-elementor-lightbox-title=\"2020_01_14_15_23_IMG_1081\" data-e-action-hash=\"#elementor-action%3Aaction%3Dlightbox%26settings%3DeyJpZCI6MTMyNiwidXJsIjoiaHR0cHM6XC9cL2hlcm1lc3MuY29tLnRyXC9lblwvd3AtY29udGVudFwvdXBsb2Fkc1wvMjAyMVwvMDVcLzIwMjBfMDFfMTRfMTVfMjNfSU1HXzEwODEuanBnIiwic2xpZGVzaG93IjoiM2E4NGJlODAifQ%3D%3D\" href=\"https:\/\/hermess.com.tr\/en\/wp-content\/uploads\/2021\/05\/2020_01_14_15_23_IMG_1081.jpg\"><figure class=\"swiper-slide-inner\"><img decoding=\"async\" class=\"swiper-slide-image\" src=\"https:\/\/hermess.com.tr\/en\/wp-content\/uploads\/elementor\/thumbs\/2020_01_14_15_23_IMG_1081-p7cfx38v3w5ow0tfmdo99e6rn9wwnpaytpcx1vk9po.jpg\" alt=\"2020_01_14_15_23_IMG_1081\" \/><\/figure><\/a><\/div><div class=\"swiper-slide\" role=\"group\" aria-roledescription=\"slide\" aria-label=\"9 \/ 10\"><a data-elementor-open-lightbox=\"yes\" data-elementor-lightbox-slideshow=\"3a84be80\" data-elementor-lightbox-title=\"2020_03_13_11_05_IMG_6147\" data-e-action-hash=\"#elementor-action%3Aaction%3Dlightbox%26settings%3DeyJpZCI6MTMyNywidXJsIjoiaHR0cHM6XC9cL2hlcm1lc3MuY29tLnRyXC9lblwvd3AtY29udGVudFwvdXBsb2Fkc1wvMjAyMVwvMDVcLzIwMjBfMDNfMTNfMTFfMDVfSU1HXzYxNDcuanBnIiwic2xpZGVzaG93IjoiM2E4NGJlODAifQ%3D%3D\" href=\"https:\/\/hermess.com.tr\/en\/wp-content\/uploads\/2021\/05\/2020_03_13_11_05_IMG_6147.jpg\"><figure class=\"swiper-slide-inner\"><img decoding=\"async\" class=\"swiper-slide-image\" src=\"https:\/\/hermess.com.tr\/en\/wp-content\/uploads\/elementor\/thumbs\/2020_03_13_11_05_IMG_6147-p7cfx46paq6z7ms2gw2vtvy88ns9veep5u0ej5ivjg.jpg\" alt=\"2020_03_13_11_05_IMG_6147\" \/><\/figure><\/a><\/div><div class=\"swiper-slide\" role=\"group\" aria-roledescription=\"slide\" aria-label=\"10 \/ 10\"><a data-elementor-open-lightbox=\"yes\" data-elementor-lightbox-slideshow=\"3a84be80\" data-elementor-lightbox-title=\"katlan\u0131r pvc kap\u0131 2\" data-e-action-hash=\"#elementor-action%3Aaction%3Dlightbox%26settings%3DeyJpZCI6MTMyOCwidXJsIjoiaHR0cHM6XC9cL2hlcm1lc3MuY29tLnRyXC9lblwvd3AtY29udGVudFwvdXBsb2Fkc1wvMjAyMVwvMDVcL2thdGxhbmlyLXB2Yy1rYXBpLTItc2NhbGVkLmpwZyIsInNsaWRlc2hvdyI6IjNhODRiZTgwIn0%3D\" href=\"https:\/\/hermess.com.tr\/en\/wp-content\/uploads\/2021\/05\/katlanir-pvc-kapi-2-scaled.jpg\"><figure class=\"swiper-slide-inner\"><img decoding=\"async\" class=\"swiper-slide-image\" src=\"https:\/\/hermess.com.tr\/en\/wp-content\/uploads\/elementor\/thumbs\/katlanir-pvc-kapi-2-scaled-p7cfx9tqfqep5ajvjyin8uizsz0h5l136lxbetaii4.jpg\" alt=\"katlan\u0131r pvc kap\u0131 2\" \/><\/figure><\/a><\/div>\t\t\t<\/div>\n\t\t\t\t\t\t\t\t\t\t\t\t<div class=\"elementor-swiper-button elementor-swiper-button-prev\" role=\"button\" tabindex=\"0\">\n\t\t\t\t\t\t<i aria-hidden=\"true\" class=\"eicon-chevron-left\"><\/i>\t\t\t\t\t<\/div>\n\t\t\t\t\t<div class=\"elementor-swiper-button elementor-swiper-button-next\" role=\"button\" tabindex=\"0\">\n\t\t\t\t\t\t<i aria-hidden=\"true\" class=\"eicon-chevron-right\"><\/i>\t\t\t\t\t<\/div>\n\t\t\t\t\n\t\t\t\t\t\t\t\t\t<div class=\"swiper-pagination\"><\/div>\n\t\t\t\t\t\t\t\t\t<\/div>\n\t\t\t\t<\/div>\n\t\t\t\t<\/div>\n\t\t\t\t\t<\/div>\n\t\t<\/div>\n\t\t\t\t\t<\/div>\n\t\t<\/section>\n\t\t\t\t<section class=\"elementor-section elementor-top-section elementor-element elementor-element-7f8f54aa elementor-section-boxed elementor-section-height-default elementor-section-height-default\" data-id=\"7f8f54aa\" data-element_type=\"section\" data-settings=\"{&quot;jet_parallax_layout_list&quot;:[{&quot;jet_parallax_layout_image&quot;:{&quot;url&quot;:&quot;&quot;,&quot;id&quot;:&quot;&quot;,&quot;size&quot;:&quot;&quot;},&quot;_id&quot;:&quot;8008d30&quot;,&quot;jet_parallax_layout_image_tablet&quot;:{&quot;url&quot;:&quot;&quot;,&quot;id&quot;:&quot;&quot;,&quot;size&quot;:&quot;&quot;},&quot;jet_parallax_layout_image_mobile&quot;:{&quot;url&quot;:&quot;&quot;,&quot;id&quot;:&quot;&quot;,&quot;size&quot;:&quot;&quot;},&quot;jet_parallax_layout_speed&quot;:{&quot;unit&quot;:&quot;%&quot;,&quot;size&quot;:50,&quot;sizes&quot;:[]},&quot;jet_parallax_layout_type&quot;:&quot;scroll&quot;,&quot;jet_parallax_layout_direction&quot;:null,&quot;jet_parallax_layout_fx_direction&quot;:null,&quot;jet_parallax_layout_z_index&quot;:&quot;&quot;,&quot;jet_parallax_layout_bg_x&quot;:50,&quot;jet_parallax_layout_bg_x_tablet&quot;:&quot;&quot;,&quot;jet_parallax_layout_bg_x_mobile&quot;:&quot;&quot;,&quot;jet_parallax_layout_bg_y&quot;:50,&quot;jet_parallax_layout_bg_y_tablet&quot;:&quot;&quot;,&quot;jet_parallax_layout_bg_y_mobile&quot;:&quot;&quot;,&quot;jet_parallax_layout_bg_size&quot;:&quot;auto&quot;,&quot;jet_parallax_layout_bg_size_tablet&quot;:&quot;&quot;,&quot;jet_parallax_layout_bg_size_mobile&quot;:&quot;&quot;,&quot;jet_parallax_layout_animation_prop&quot;:&quot;transform&quot;,&quot;jet_parallax_layout_on&quot;:[&quot;desktop&quot;,&quot;tablet&quot;]}]}\">\n\t\t\t\t\t\t<div class=\"elementor-container elementor-column-gap-default\">\n\t\t\t\t\t<div class=\"elementor-column elementor-col-100 elementor-top-column elementor-element elementor-element-59f36302\" data-id=\"59f36302\" data-element_type=\"column\">\n\t\t\t<div class=\"elementor-widget-wrap elementor-element-populated\">\n\t\t\t\t\t\t<div class=\"elementor-element elementor-element-79584fe7 elementor-widget elementor-widget-text-editor\" data-id=\"79584fe7\" data-element_type=\"widget\" data-widget_type=\"text-editor.default\">\n\t\t\t\t<div class=\"elementor-widget-container\">\n\t\t\t\t\t\t\t<p>Imported tarpaulin with polyester supported 900-1200 gr rich color options<br \/>Galvanized metal parts, optional electrostatic powder coating on chrome sheet<br \/>Europe, indigenous and Far East motor options<br \/>Steel intermediate bars reinforced against wind and external factors<br \/>Standard safety photocell<br \/>Manual operation in power cuts<br \/>Automatic shutdown and half open standby<br \/>Engine system without counter load<br \/>Easy assembling<br \/>Options such as warning light, photocell, magnetic detector, radar, warning lamp<br \/>Maintenance-free motor<br \/>Minimum mechanism area for clear passages<\/p>\t\t\t\t\t\t<\/div>\n\t\t\t\t<\/div>\n\t\t\t\t\t<\/div>\n\t\t<\/div>\n\t\t\t\t\t<\/div>\n\t\t<\/section>\n\t\t\t\t<\/div>\n\t\t","protected":false},"excerpt":{"rendered":"<p>Previous Next Imported tarpaulin with polyester supported 900-1200 gr rich color options Galvanized metal parts, optional electrostatic powder coating on chrome sheet Europe, indigenous and Far East motor options Steel intermediate bars reinforced against wind and external factors Standard safety photocell Manual operation in power cuts Automatic shutdown and half open standby Engine system without [&hellip;]<\/p>\n","protected":false},"author":1,"featured_media":0,"parent":0,"menu_order":0,"comment_status":"closed","ping_status":"closed","template":"","meta":{"_acf_changed":false,"_joinchat":[],"footnotes":""},"class_list":["post-887","page","type-page","status-publish","hentry"],"acf":[],"yoast_head":"<!-- This site is optimized with the Yoast SEO plugin v21.1 - https:\/\/yoast.com\/wordpress\/plugins\/seo\/ -->\n<title>Fold Up High Speed Pvc Door - Hermes End\u00fcstriyel Kap\u0131<\/title>\n<meta name=\"robots\" content=\"index, follow, max-snippet:-1, max-image-preview:large, max-video-preview:-1\" \/>\n<link rel=\"canonical\" href=\"https:\/\/hermess.com.tr\/en\/fold-up-high-speed-pvc-door\/\" \/>\n<meta property=\"og:locale\" content=\"tr_TR\" \/>\n<meta property=\"og:type\" content=\"article\" \/>\n<meta property=\"og:title\" content=\"Fold Up High Speed Pvc Door - Hermes End\u00fcstriyel Kap\u0131\" \/>\n<meta property=\"og:description\" content=\"Previous Next Imported tarpaulin with polyester supported 900-1200 gr rich color options Galvanized metal parts, optional electrostatic powder coating on chrome sheet Europe, indigenous and Far East motor options Steel intermediate bars reinforced against wind and external factors Standard safety photocell Manual operation in power cuts Automatic shutdown and half open standby Engine system without [&hellip;]\" \/>\n<meta property=\"og:url\" content=\"https:\/\/hermess.com.tr\/en\/fold-up-high-speed-pvc-door\/\" \/>\n<meta property=\"og:site_name\" content=\"Hermes End\u00fcstriyel Kap\u0131\" \/>\n<meta property=\"article:modified_time\" content=\"2021-06-09T10:51:03+00:00\" \/>\n<meta property=\"og:image\" content=\"http:\/\/hermess.com.tr\/eng\/wp-content\/uploads\/elementor\/thumbs\/katlanir-pvc-kapi-03-768x1024-1-p5los7uuc52aghji40zmqy9cgbkl74bjh5umw4ox0s.jpg\" \/>\n<meta name=\"twitter:card\" content=\"summary_large_image\" \/>\n<meta name=\"twitter:label1\" content=\"Tahmini okuma s\u00fcresi\" \/>\n\t<meta name=\"twitter:data1\" content=\"3 dakika\" \/>\n<script type=\"application\/ld+json\" class=\"yoast-schema-graph\">{\"@context\":\"https:\/\/schema.org\",\"@graph\":[{\"@type\":\"WebPage\",\"@id\":\"https:\/\/hermess.com.tr\/en\/fold-up-high-speed-pvc-door\/\",\"url\":\"https:\/\/hermess.com.tr\/en\/fold-up-high-speed-pvc-door\/\",\"name\":\"Fold Up High Speed Pvc Door - Hermes End\u00fcstriyel Kap\u0131\",\"isPartOf\":{\"@id\":\"https:\/\/hermess.com.tr\/en\/#website\"},\"datePublished\":\"2021-04-29T10:41:43+00:00\",\"dateModified\":\"2021-06-09T10:51:03+00:00\",\"breadcrumb\":{\"@id\":\"https:\/\/hermess.com.tr\/en\/fold-up-high-speed-pvc-door\/#breadcrumb\"},\"inLanguage\":\"tr\",\"potentialAction\":[{\"@type\":\"ReadAction\",\"target\":[\"https:\/\/hermess.com.tr\/en\/fold-up-high-speed-pvc-door\/\"]}]},{\"@type\":\"BreadcrumbList\",\"@id\":\"https:\/\/hermess.com.tr\/en\/fold-up-high-speed-pvc-door\/#breadcrumb\",\"itemListElement\":[{\"@type\":\"ListItem\",\"position\":1,\"name\":\"Anasayfa\",\"item\":\"https:\/\/hermess.com.tr\/en\/\"},{\"@type\":\"ListItem\",\"position\":2,\"name\":\"Fold Up High Speed Pvc Door\"}]},{\"@type\":\"WebSite\",\"@id\":\"https:\/\/hermess.com.tr\/en\/#website\",\"url\":\"https:\/\/hermess.com.tr\/en\/\",\"name\":\"Hermes End\u00fcstriyel Kap\u0131\",\"description\":\"End\u00fcstriyel Kap\u0131 \u00dcreticisi\",\"potentialAction\":[{\"@type\":\"SearchAction\",\"target\":{\"@type\":\"EntryPoint\",\"urlTemplate\":\"https:\/\/hermess.com.tr\/en\/?s={search_term_string}\"},\"query-input\":\"required name=search_term_string\"}],\"inLanguage\":\"tr\"}]}<\/script>\n<!-- \/ Yoast SEO plugin. -->","yoast_head_json":{"title":"Fold Up High Speed Pvc Door - Hermes End\u00fcstriyel Kap\u0131","robots":{"index":"index","follow":"follow","max-snippet":"max-snippet:-1","max-image-preview":"max-image-preview:large","max-video-preview":"max-video-preview:-1"},"canonical":"https:\/\/hermess.com.tr\/en\/fold-up-high-speed-pvc-door\/","og_locale":"tr_TR","og_type":"article","og_title":"Fold Up High Speed Pvc Door - Hermes End\u00fcstriyel Kap\u0131","og_description":"Previous Next Imported tarpaulin with polyester supported 900-1200 gr rich color options Galvanized metal parts, optional electrostatic powder coating on chrome sheet Europe, indigenous and Far East motor options Steel intermediate bars reinforced against wind and external factors Standard safety photocell Manual operation in power cuts Automatic shutdown and half open standby Engine system without [&hellip;]","og_url":"https:\/\/hermess.com.tr\/en\/fold-up-high-speed-pvc-door\/","og_site_name":"Hermes End\u00fcstriyel Kap\u0131","article_modified_time":"2021-06-09T10:51:03+00:00","og_image":[{"url":"http:\/\/hermess.com.tr\/eng\/wp-content\/uploads\/elementor\/thumbs\/katlanir-pvc-kapi-03-768x1024-1-p5los7uuc52aghji40zmqy9cgbkl74bjh5umw4ox0s.jpg"}],"twitter_card":"summary_large_image","twitter_misc":{"Tahmini okuma s\u00fcresi":"3 dakika"},"schema":{"@context":"https:\/\/schema.org","@graph":[{"@type":"WebPage","@id":"https:\/\/hermess.com.tr\/en\/fold-up-high-speed-pvc-door\/","url":"https:\/\/hermess.com.tr\/en\/fold-up-high-speed-pvc-door\/","name":"Fold Up High Speed Pvc Door - Hermes End\u00fcstriyel Kap\u0131","isPartOf":{"@id":"https:\/\/hermess.com.tr\/en\/#website"},"datePublished":"2021-04-29T10:41:43+00:00","dateModified":"2021-06-09T10:51:03+00:00","breadcrumb":{"@id":"https:\/\/hermess.com.tr\/en\/fold-up-high-speed-pvc-door\/#breadcrumb"},"inLanguage":"tr","potentialAction":[{"@type":"ReadAction","target":["https:\/\/hermess.com.tr\/en\/fold-up-high-speed-pvc-door\/"]}]},{"@type":"BreadcrumbList","@id":"https:\/\/hermess.com.tr\/en\/fold-up-high-speed-pvc-door\/#breadcrumb","itemListElement":[{"@type":"ListItem","position":1,"name":"Anasayfa","item":"https:\/\/hermess.com.tr\/en\/"},{"@type":"ListItem","position":2,"name":"Fold Up High Speed Pvc Door"}]},{"@type":"WebSite","@id":"https:\/\/hermess.com.tr\/en\/#website","url":"https:\/\/hermess.com.tr\/en\/","name":"Hermes End\u00fcstriyel Kap\u0131","description":"End\u00fcstriyel Kap\u0131 \u00dcreticisi","potentialAction":[{"@type":"SearchAction","target":{"@type":"EntryPoint","urlTemplate":"https:\/\/hermess.com.tr\/en\/?s={search_term_string}"},"query-input":"required name=search_term_string"}],"inLanguage":"tr"}]}},"_links":{"self":[{"href":"https:\/\/hermess.com.tr\/en\/wp-json\/wp\/v2\/pages\/887"}],"collection":[{"href":"https:\/\/hermess.com.tr\/en\/wp-json\/wp\/v2\/pages"}],"about":[{"href":"https:\/\/hermess.com.tr\/en\/wp-json\/wp\/v2\/types\/page"}],"author":[{"embeddable":true,"href":"https:\/\/hermess.com.tr\/en\/wp-json\/wp\/v2\/users\/1"}],"replies":[{"embeddable":true,"href":"https:\/\/hermess.com.tr\/en\/wp-json\/wp\/v2\/comments?post=887"}],"version-history":[{"count":10,"href":"https:\/\/hermess.com.tr\/en\/wp-json\/wp\/v2\/pages\/887\/revisions"}],"predecessor-version":[{"id":1523,"href":"https:\/\/hermess.com.tr\/en\/wp-json\/wp\/v2\/pages\/887\/revisions\/1523"}],"wp:attachment":[{"href":"https:\/\/hermess.com.tr\/en\/wp-json\/wp\/v2\/media?parent=887"}],"curies":[{"name":"wp","href":"https:\/\/api.w.org\/{rel}","templated":true}]}}