{"id":897,"date":"2021-04-29T13:50:18","date_gmt":"2021-04-29T10:50:18","guid":{"rendered":"http:\/\/hermes.demositeler.xyz\/?page_id=897"},"modified":"2021-06-23T12:06:09","modified_gmt":"2021-06-23T09:06:09","slug":"hingle-lip-dock-leveller","status":"publish","type":"page","link":"https:\/\/hermess.com.tr\/en\/hingle-lip-dock-leveller\/","title":{"rendered":"Hingle Lip Dock Leveler"},"content":{"rendered":"\t\t<div data-elementor-type=\"wp-page\" data-elementor-id=\"897\" class=\"elementor elementor-897\">\n\t\t\t\t\t\t<section class=\"elementor-section elementor-top-section elementor-element elementor-element-7b011b2e elementor-section-boxed elementor-section-height-default elementor-section-height-default\" data-id=\"7b011b2e\" data-element_type=\"section\" data-settings=\"{&quot;jet_parallax_layout_list&quot;:[{&quot;jet_parallax_layout_image&quot;:{&quot;url&quot;:&quot;&quot;,&quot;id&quot;:&quot;&quot;,&quot;size&quot;:&quot;&quot;},&quot;_id&quot;:&quot;3686cc1&quot;,&quot;jet_parallax_layout_image_tablet&quot;:{&quot;url&quot;:&quot;&quot;,&quot;id&quot;:&quot;&quot;,&quot;size&quot;:&quot;&quot;},&quot;jet_parallax_layout_image_mobile&quot;:{&quot;url&quot;:&quot;&quot;,&quot;id&quot;:&quot;&quot;,&quot;size&quot;:&quot;&quot;},&quot;jet_parallax_layout_speed&quot;:{&quot;unit&quot;:&quot;%&quot;,&quot;size&quot;:50,&quot;sizes&quot;:[]},&quot;jet_parallax_layout_type&quot;:&quot;scroll&quot;,&quot;jet_parallax_layout_direction&quot;:null,&quot;jet_parallax_layout_fx_direction&quot;:null,&quot;jet_parallax_layout_z_index&quot;:&quot;&quot;,&quot;jet_parallax_layout_bg_x&quot;:50,&quot;jet_parallax_layout_bg_x_tablet&quot;:&quot;&quot;,&quot;jet_parallax_layout_bg_x_mobile&quot;:&quot;&quot;,&quot;jet_parallax_layout_bg_y&quot;:50,&quot;jet_parallax_layout_bg_y_tablet&quot;:&quot;&quot;,&quot;jet_parallax_layout_bg_y_mobile&quot;:&quot;&quot;,&quot;jet_parallax_layout_bg_size&quot;:&quot;auto&quot;,&quot;jet_parallax_layout_bg_size_tablet&quot;:&quot;&quot;,&quot;jet_parallax_layout_bg_size_mobile&quot;:&quot;&quot;,&quot;jet_parallax_layout_animation_prop&quot;:&quot;transform&quot;,&quot;jet_parallax_layout_on&quot;:[&quot;desktop&quot;,&quot;tablet&quot;]}]}\">\n\t\t\t\t\t\t<div class=\"elementor-container elementor-column-gap-default\">\n\t\t\t\t\t<div class=\"elementor-column elementor-col-100 elementor-top-column elementor-element elementor-element-160c371d\" data-id=\"160c371d\" data-element_type=\"column\">\n\t\t\t<div class=\"elementor-widget-wrap elementor-element-populated\">\n\t\t\t\t\t\t<div class=\"elementor-element elementor-element-52bce856 elementor-arrows-position-inside elementor-pagination-position-outside elementor-widget elementor-widget-image-carousel\" data-id=\"52bce856\" data-element_type=\"widget\" data-settings=\"{&quot;image_spacing_custom&quot;:{&quot;unit&quot;:&quot;px&quot;,&quot;size&quot;:10,&quot;sizes&quot;:[]},&quot;navigation&quot;:&quot;both&quot;,&quot;autoplay&quot;:&quot;yes&quot;,&quot;pause_on_hover&quot;:&quot;yes&quot;,&quot;pause_on_interaction&quot;:&quot;yes&quot;,&quot;autoplay_speed&quot;:5000,&quot;infinite&quot;:&quot;yes&quot;,&quot;speed&quot;:500,&quot;image_spacing_custom_tablet&quot;:{&quot;unit&quot;:&quot;px&quot;,&quot;size&quot;:&quot;&quot;,&quot;sizes&quot;:[]},&quot;image_spacing_custom_mobile&quot;:{&quot;unit&quot;:&quot;px&quot;,&quot;size&quot;:&quot;&quot;,&quot;sizes&quot;:[]}}\" data-widget_type=\"image-carousel.default\">\n\t\t\t\t<div class=\"elementor-widget-container\">\n\t\t\t\t\t<div class=\"elementor-image-carousel-wrapper swiper\" dir=\"ltr\">\n\t\t\t<div class=\"elementor-image-carousel swiper-wrapper\" aria-live=\"off\">\n\t\t\t\t\t\t\t\t<div class=\"swiper-slide\" role=\"group\" aria-roledescription=\"slide\" aria-label=\"1 \/ 5\"><a data-elementor-open-lightbox=\"yes\" data-elementor-lightbox-slideshow=\"52bce856\" data-elementor-lightbox-title=\"mentes\u0327eli-yu\u0308kleme-rampas\u0131-1024x768\" data-e-action-hash=\"#elementor-action%3Aaction%3Dlightbox%26settings%3DeyJpZCI6MzY2LCJ1cmwiOiJodHRwczpcL1wvaGVybWVzcy5jb20udHJcL2VuXC93cC1jb250ZW50XC91cGxvYWRzXC8yMDIxXC8wNFwvbWVudGVzXHUwMzI3ZWxpLXl1XHUwMzA4a2xlbWUtcmFtcGFzaS0xMDI0eDc2OC0xLmpwZyIsInNsaWRlc2hvdyI6IjUyYmNlODU2In0%3D\" href=\"https:\/\/hermess.com.tr\/en\/wp-content\/uploads\/2021\/04\/mentes\u0327eli-yu\u0308kleme-rampasi-1024x768-1.jpg\"><figure class=\"swiper-slide-inner\"><img decoding=\"async\" class=\"swiper-slide-image\" src=\"https:\/\/hermess.com.tr\/en\/wp-content\/uploads\/elementor\/thumbs\/mentes\u0327eli-yu\u0308kleme-rampasi-1024x768-1-p5lpkgw7qvqjeki758lyotm378bqjmh40zq05isy0c.jpg\" alt=\"mentes\u0327eli-yu\u0308kleme-rampas\u0131-1024x768\" \/><\/figure><\/a><\/div><div class=\"swiper-slide\" role=\"group\" aria-roledescription=\"slide\" aria-label=\"2 \/ 5\"><a data-elementor-open-lightbox=\"yes\" data-elementor-lightbox-slideshow=\"52bce856\" data-elementor-lightbox-title=\"hidrolik-mentes\u0327eli-yu\u0308kleme-rampas\u0131-1024x768\" data-e-action-hash=\"#elementor-action%3Aaction%3Dlightbox%26settings%3DeyJpZCI6MzY4LCJ1cmwiOiJodHRwczpcL1wvaGVybWVzcy5jb20udHJcL2VuXC93cC1jb250ZW50XC91cGxvYWRzXC8yMDIxXC8wNFwvaGlkcm9saWstbWVudGVzXHUwMzI3ZWxpLXl1XHUwMzA4a2xlbWUtcmFtcGFzaS0xMDI0eDc2OC0xLmpwZyIsInNsaWRlc2hvdyI6IjUyYmNlODU2In0%3D\" href=\"https:\/\/hermess.com.tr\/en\/wp-content\/uploads\/2021\/04\/hidrolik-mentes\u0327eli-yu\u0308kleme-rampasi-1024x768-1.jpg\"><figure class=\"swiper-slide-inner\"><img decoding=\"async\" class=\"swiper-slide-image\" src=\"https:\/\/hermess.com.tr\/en\/wp-content\/uploads\/elementor\/thumbs\/hidrolik-mentes\u0327eli-yu\u0308kleme-rampasi-1024x768-1-p5lpkllep1wz0mbddsn3jafe65okm3zrpmzfjwlz58.jpg\" alt=\"hidrolik-mentes\u0327eli-yu\u0308kleme-rampas\u0131-1024x768\" \/><\/figure><\/a><\/div><div class=\"swiper-slide\" role=\"group\" aria-roledescription=\"slide\" aria-label=\"3 \/ 5\"><a data-elementor-open-lightbox=\"yes\" data-elementor-lightbox-slideshow=\"52bce856\" data-elementor-lightbox-title=\"hidrolik-Mentes\u0327eli-yu\u0308kleme-rampas\u01313-1024x683\" data-e-action-hash=\"#elementor-action%3Aaction%3Dlightbox%26settings%3DeyJpZCI6MzY3LCJ1cmwiOiJodHRwczpcL1wvaGVybWVzcy5jb20udHJcL2VuXC93cC1jb250ZW50XC91cGxvYWRzXC8yMDIxXC8wNFwvaGlkcm9saWstTWVudGVzXHUwMzI3ZWxpLXl1XHUwMzA4a2xlbWUtcmFtcGFzaTMtMTAyNHg2ODMtMS5qcGciLCJzbGlkZXNob3ciOiI1MmJjZTg1NiJ9\" href=\"https:\/\/hermess.com.tr\/en\/wp-content\/uploads\/2021\/04\/hidrolik-Mentes\u0327eli-yu\u0308kleme-rampasi3-1024x683-1.jpg\"><figure class=\"swiper-slide-inner\"><img decoding=\"async\" class=\"swiper-slide-image\" src=\"https:\/\/hermess.com.tr\/en\/wp-content\/uploads\/elementor\/thumbs\/hidrolik-Mentes\u0327eli-yu\u0308kleme-rampasi3-1024x683-1-p5lpkjpqbduedee3ortueawgzdxu6psb1doglcorho.jpg\" alt=\"hidrolik-Mentes\u0327eli-yu\u0308kleme-rampas\u01313-1024x683\" \/><\/figure><\/a><\/div><div class=\"swiper-slide\" role=\"group\" aria-roledescription=\"slide\" aria-label=\"4 \/ 5\"><a data-elementor-open-lightbox=\"yes\" data-elementor-lightbox-slideshow=\"52bce856\" data-elementor-lightbox-title=\"Mentes\u0327eli-yu\u0308kleme-rampas\u01311-1024x640\" data-e-action-hash=\"#elementor-action%3Aaction%3Dlightbox%26settings%3DeyJpZCI6MzcwLCJ1cmwiOiJodHRwczpcL1wvaGVybWVzcy5jb20udHJcL2VuXC93cC1jb250ZW50XC91cGxvYWRzXC8yMDIxXC8wNFwvTWVudGVzXHUwMzI3ZWxpLXl1XHUwMzA4a2xlbWUtcmFtcGFzaTEtMTAyNHg2NDAtMS5qcGciLCJzbGlkZXNob3ciOiI1MmJjZTg1NiJ9\" href=\"https:\/\/hermess.com.tr\/en\/wp-content\/uploads\/2021\/04\/Mentes\u0327eli-yu\u0308kleme-rampasi1-1024x640-1.jpg\"><figure class=\"swiper-slide-inner\"><img decoding=\"async\" class=\"swiper-slide-image\" src=\"https:\/\/hermess.com.tr\/en\/wp-content\/uploads\/elementor\/thumbs\/Mentes\u0327eli-yu\u0308kleme-rampasi1-1024x640-1-p5lpkt447q79li0g5vw438j2x8nibotmeo7be4atrg.jpg\" alt=\"Mentes\u0327eli-yu\u0308kleme-rampas\u01311-1024x640\" \/><\/figure><\/a><\/div><div class=\"swiper-slide\" role=\"group\" aria-roledescription=\"slide\" aria-label=\"5 \/ 5\"><a data-elementor-open-lightbox=\"yes\" data-elementor-lightbox-slideshow=\"52bce856\" data-elementor-lightbox-title=\"Hidrolik-mentes\u0327eli-yu\u0308kleme-ramps\u01315\" data-e-action-hash=\"#elementor-action%3Aaction%3Dlightbox%26settings%3DeyJpZCI6MzY5LCJ1cmwiOiJodHRwczpcL1wvaGVybWVzcy5jb20udHJcL2VuXC93cC1jb250ZW50XC91cGxvYWRzXC8yMDIxXC8wNFwvSGlkcm9saWstbWVudGVzXHUwMzI3ZWxpLXl1XHUwMzA4a2xlbWUtcmFtcHNpNS5qcGciLCJzbGlkZXNob3ciOiI1MmJjZTg1NiJ9\" href=\"https:\/\/hermess.com.tr\/en\/wp-content\/uploads\/2021\/04\/Hidrolik-mentes\u0327eli-yu\u0308kleme-rampsi5.jpg\"><figure class=\"swiper-slide-inner\"><img decoding=\"async\" class=\"swiper-slide-image\" src=\"https:\/\/hermess.com.tr\/en\/wp-content\/uploads\/elementor\/thumbs\/Hidrolik-mentes\u0327eli-yu\u0308kleme-rampsi5-p5lpkqaln83emo4jmco8dr8p531eolifea8uyaf0a4.jpg\" alt=\"Hidrolik-mentes\u0327eli-yu\u0308kleme-ramps\u01315\" \/><\/figure><\/a><\/div>\t\t\t<\/div>\n\t\t\t\t\t\t\t\t\t\t\t\t<div class=\"elementor-swiper-button elementor-swiper-button-prev\" role=\"button\" tabindex=\"0\">\n\t\t\t\t\t\t<i aria-hidden=\"true\" class=\"eicon-chevron-left\"><\/i>\t\t\t\t\t<\/div>\n\t\t\t\t\t<div class=\"elementor-swiper-button elementor-swiper-button-next\" role=\"button\" tabindex=\"0\">\n\t\t\t\t\t\t<i aria-hidden=\"true\" class=\"eicon-chevron-right\"><\/i>\t\t\t\t\t<\/div>\n\t\t\t\t\n\t\t\t\t\t\t\t\t\t<div class=\"swiper-pagination\"><\/div>\n\t\t\t\t\t\t\t\t\t<\/div>\n\t\t\t\t<\/div>\n\t\t\t\t<\/div>\n\t\t\t\t\t<\/div>\n\t\t<\/div>\n\t\t\t\t\t<\/div>\n\t\t<\/section>\n\t\t\t\t<section class=\"elementor-section elementor-top-section elementor-element elementor-element-fbb0890 elementor-section-boxed elementor-section-height-default elementor-section-height-default\" data-id=\"fbb0890\" data-element_type=\"section\" data-settings=\"{&quot;jet_parallax_layout_list&quot;:[{&quot;jet_parallax_layout_image&quot;:{&quot;url&quot;:&quot;&quot;,&quot;id&quot;:&quot;&quot;,&quot;size&quot;:&quot;&quot;},&quot;_id&quot;:&quot;8008d30&quot;,&quot;jet_parallax_layout_image_tablet&quot;:{&quot;url&quot;:&quot;&quot;,&quot;id&quot;:&quot;&quot;,&quot;size&quot;:&quot;&quot;},&quot;jet_parallax_layout_image_mobile&quot;:{&quot;url&quot;:&quot;&quot;,&quot;id&quot;:&quot;&quot;,&quot;size&quot;:&quot;&quot;},&quot;jet_parallax_layout_speed&quot;:{&quot;unit&quot;:&quot;%&quot;,&quot;size&quot;:50,&quot;sizes&quot;:[]},&quot;jet_parallax_layout_type&quot;:&quot;scroll&quot;,&quot;jet_parallax_layout_direction&quot;:null,&quot;jet_parallax_layout_fx_direction&quot;:null,&quot;jet_parallax_layout_z_index&quot;:&quot;&quot;,&quot;jet_parallax_layout_bg_x&quot;:50,&quot;jet_parallax_layout_bg_x_tablet&quot;:&quot;&quot;,&quot;jet_parallax_layout_bg_x_mobile&quot;:&quot;&quot;,&quot;jet_parallax_layout_bg_y&quot;:50,&quot;jet_parallax_layout_bg_y_tablet&quot;:&quot;&quot;,&quot;jet_parallax_layout_bg_y_mobile&quot;:&quot;&quot;,&quot;jet_parallax_layout_bg_size&quot;:&quot;auto&quot;,&quot;jet_parallax_layout_bg_size_tablet&quot;:&quot;&quot;,&quot;jet_parallax_layout_bg_size_mobile&quot;:&quot;&quot;,&quot;jet_parallax_layout_animation_prop&quot;:&quot;transform&quot;,&quot;jet_parallax_layout_on&quot;:[&quot;desktop&quot;,&quot;tablet&quot;]}]}\">\n\t\t\t\t\t\t<div class=\"elementor-container elementor-column-gap-default\">\n\t\t\t\t\t<div class=\"elementor-column elementor-col-100 elementor-top-column elementor-element elementor-element-728e4837\" data-id=\"728e4837\" data-element_type=\"column\">\n\t\t\t<div class=\"elementor-widget-wrap elementor-element-populated\">\n\t\t\t\t\t\t<div class=\"elementor-element elementor-element-1c5cd8d elementor-widget elementor-widget-text-editor\" data-id=\"1c5cd8d\" data-element_type=\"widget\" data-widget_type=\"text-editor.default\">\n\t\t\t\t<div class=\"elementor-widget-container\">\n\t\t\t\t\t\t\t<p>Hingle Lip Dock Leveler<\/p><p><strong>1-Ramp platform features<\/strong><\/p><p>Platform measurements are 2000x2500mm.<\/p><p>Platform material is high quality steel 6-7mm wall thickness<\/p><p>The surface of the sheet is patterned and prevents tire slip.<\/p><p>The platform has 120-bit NPI support.<\/p><p>The ramp is blue in color and yellow stripes on its sides. Bold before ramp<\/p><p>Epoxy lining is painted with epoxy paint after being thrown.<\/p><p>There is a security bar for maintenance.<\/p><p>Raising and lowering the platform is adjustable.<\/p><p>The platform shaft lifting piston shaft thickness is minimum 50mm.<\/p><p>There is a hose explosion valve on the piston which lifts the platform<\/p><p><strong>2-Ramp lip features<\/strong><\/p><p>The hinged tongue length is minimum 400mm.<\/p><p>The sheet metal used on the hinged tongue bottom is 12-13mm thick, the surface of the sheet is patterned preventing tire slippage.<\/p><p>The tip of the hinged tongue is angled situation to facilitate the forklift exit.<\/p><p>Hinged spindle used piston shaft at least 30mm thick 140mm stroke<\/p><p><strong>3-Hydraulic system<\/strong><\/p><p>There is a 380V 50Hz motor.<\/p><p>The engine power is at least 1,1 Kw.<\/p><p>Parts used in hydraulic system (pump, valve, valve etc.)<\/p><p>24V dc valve is used in the hydraulic system.<\/p><p>Working temperature is -20 +70 \u00b0 C minimum.<\/p><p>The control panel has a thermal switch fuse.<\/p><p>It is suitable for IP 55 protection class with control panel.<\/p><p>4-General characteristics of ramp The tongue can be closed with a separate button to prevent time loss when the ramp is in the air.The maximum moving load to be passed over the ramp can be manufactured as 6000 kg, 9000 kg, 12000 kg. Rubber pads are installed on both sides of the ramp. The ramp is guaranteed for 2 years against all kinds of fabrication faults. 10 years spare part possession gurantee for ramps.<\/p>\t\t\t\t\t\t<\/div>\n\t\t\t\t<\/div>\n\t\t\t\t\t<\/div>\n\t\t<\/div>\n\t\t\t\t\t<\/div>\n\t\t<\/section>\n\t\t\t\t<\/div>\n\t\t","protected":false},"excerpt":{"rendered":"<p>Previous Next Hingle Lip Dock Leveler 1-Ramp platform features Platform measurements are 2000x2500mm. Platform material is high quality steel 6-7mm wall thickness The surface of the sheet is patterned and prevents tire slip. The platform has 120-bit NPI support. The ramp is blue in color and yellow stripes on its sides. Bold before ramp Epoxy [&hellip;]<\/p>\n","protected":false},"author":1,"featured_media":0,"parent":0,"menu_order":0,"comment_status":"closed","ping_status":"closed","template":"","meta":{"_acf_changed":false,"_joinchat":[],"footnotes":""},"class_list":["post-897","page","type-page","status-publish","hentry"],"acf":[],"yoast_head":"<!-- This site is optimized with the Yoast SEO plugin v21.1 - https:\/\/yoast.com\/wordpress\/plugins\/seo\/ -->\n<title>Hingle Lip Dock Leveler - Hermes End\u00fcstriyel Kap\u0131<\/title>\n<meta name=\"robots\" content=\"index, follow, max-snippet:-1, max-image-preview:large, max-video-preview:-1\" \/>\n<link rel=\"canonical\" href=\"https:\/\/hermess.com.tr\/en\/hingle-lip-dock-leveller\/\" \/>\n<meta property=\"og:locale\" content=\"tr_TR\" \/>\n<meta property=\"og:type\" content=\"article\" \/>\n<meta property=\"og:title\" content=\"Hingle Lip Dock Leveler - Hermes End\u00fcstriyel Kap\u0131\" \/>\n<meta property=\"og:description\" content=\"Previous Next Hingle Lip Dock Leveler 1-Ramp platform features Platform measurements are 2000x2500mm. Platform material is high quality steel 6-7mm wall thickness The surface of the sheet is patterned and prevents tire slip. The platform has 120-bit NPI support. The ramp is blue in color and yellow stripes on its sides. Bold before ramp Epoxy [&hellip;]\" \/>\n<meta property=\"og:url\" content=\"https:\/\/hermess.com.tr\/en\/hingle-lip-dock-leveller\/\" \/>\n<meta property=\"og:site_name\" content=\"Hermes End\u00fcstriyel Kap\u0131\" \/>\n<meta property=\"article:modified_time\" content=\"2021-06-23T09:06:09+00:00\" \/>\n<meta name=\"twitter:card\" content=\"summary_large_image\" \/>\n<meta name=\"twitter:label1\" content=\"Tahmini okuma s\u00fcresi\" \/>\n\t<meta name=\"twitter:data1\" content=\"4 dakika\" \/>\n<script type=\"application\/ld+json\" class=\"yoast-schema-graph\">{\"@context\":\"https:\/\/schema.org\",\"@graph\":[{\"@type\":\"WebPage\",\"@id\":\"https:\/\/hermess.com.tr\/en\/hingle-lip-dock-leveller\/\",\"url\":\"https:\/\/hermess.com.tr\/en\/hingle-lip-dock-leveller\/\",\"name\":\"Hingle Lip Dock Leveler - Hermes End\u00fcstriyel Kap\u0131\",\"isPartOf\":{\"@id\":\"https:\/\/hermess.com.tr\/en\/#website\"},\"datePublished\":\"2021-04-29T10:50:18+00:00\",\"dateModified\":\"2021-06-23T09:06:09+00:00\",\"breadcrumb\":{\"@id\":\"https:\/\/hermess.com.tr\/en\/hingle-lip-dock-leveller\/#breadcrumb\"},\"inLanguage\":\"tr\",\"potentialAction\":[{\"@type\":\"ReadAction\",\"target\":[\"https:\/\/hermess.com.tr\/en\/hingle-lip-dock-leveller\/\"]}]},{\"@type\":\"BreadcrumbList\",\"@id\":\"https:\/\/hermess.com.tr\/en\/hingle-lip-dock-leveller\/#breadcrumb\",\"itemListElement\":[{\"@type\":\"ListItem\",\"position\":1,\"name\":\"Anasayfa\",\"item\":\"https:\/\/hermess.com.tr\/en\/\"},{\"@type\":\"ListItem\",\"position\":2,\"name\":\"Hingle Lip Dock Leveler\"}]},{\"@type\":\"WebSite\",\"@id\":\"https:\/\/hermess.com.tr\/en\/#website\",\"url\":\"https:\/\/hermess.com.tr\/en\/\",\"name\":\"Hermes End\u00fcstriyel Kap\u0131\",\"description\":\"End\u00fcstriyel Kap\u0131 \u00dcreticisi\",\"potentialAction\":[{\"@type\":\"SearchAction\",\"target\":{\"@type\":\"EntryPoint\",\"urlTemplate\":\"https:\/\/hermess.com.tr\/en\/?s={search_term_string}\"},\"query-input\":\"required name=search_term_string\"}],\"inLanguage\":\"tr\"}]}<\/script>\n<!-- \/ Yoast SEO plugin. -->","yoast_head_json":{"title":"Hingle Lip Dock Leveler - Hermes End\u00fcstriyel Kap\u0131","robots":{"index":"index","follow":"follow","max-snippet":"max-snippet:-1","max-image-preview":"max-image-preview:large","max-video-preview":"max-video-preview:-1"},"canonical":"https:\/\/hermess.com.tr\/en\/hingle-lip-dock-leveller\/","og_locale":"tr_TR","og_type":"article","og_title":"Hingle Lip Dock Leveler - Hermes End\u00fcstriyel Kap\u0131","og_description":"Previous Next Hingle Lip Dock Leveler 1-Ramp platform features Platform measurements are 2000x2500mm. Platform material is high quality steel 6-7mm wall thickness The surface of the sheet is patterned and prevents tire slip. The platform has 120-bit NPI support. The ramp is blue in color and yellow stripes on its sides. Bold before ramp Epoxy [&hellip;]","og_url":"https:\/\/hermess.com.tr\/en\/hingle-lip-dock-leveller\/","og_site_name":"Hermes End\u00fcstriyel Kap\u0131","article_modified_time":"2021-06-23T09:06:09+00:00","twitter_card":"summary_large_image","twitter_misc":{"Tahmini okuma s\u00fcresi":"4 dakika"},"schema":{"@context":"https:\/\/schema.org","@graph":[{"@type":"WebPage","@id":"https:\/\/hermess.com.tr\/en\/hingle-lip-dock-leveller\/","url":"https:\/\/hermess.com.tr\/en\/hingle-lip-dock-leveller\/","name":"Hingle Lip Dock Leveler - Hermes End\u00fcstriyel Kap\u0131","isPartOf":{"@id":"https:\/\/hermess.com.tr\/en\/#website"},"datePublished":"2021-04-29T10:50:18+00:00","dateModified":"2021-06-23T09:06:09+00:00","breadcrumb":{"@id":"https:\/\/hermess.com.tr\/en\/hingle-lip-dock-leveller\/#breadcrumb"},"inLanguage":"tr","potentialAction":[{"@type":"ReadAction","target":["https:\/\/hermess.com.tr\/en\/hingle-lip-dock-leveller\/"]}]},{"@type":"BreadcrumbList","@id":"https:\/\/hermess.com.tr\/en\/hingle-lip-dock-leveller\/#breadcrumb","itemListElement":[{"@type":"ListItem","position":1,"name":"Anasayfa","item":"https:\/\/hermess.com.tr\/en\/"},{"@type":"ListItem","position":2,"name":"Hingle Lip Dock Leveler"}]},{"@type":"WebSite","@id":"https:\/\/hermess.com.tr\/en\/#website","url":"https:\/\/hermess.com.tr\/en\/","name":"Hermes End\u00fcstriyel Kap\u0131","description":"End\u00fcstriyel Kap\u0131 \u00dcreticisi","potentialAction":[{"@type":"SearchAction","target":{"@type":"EntryPoint","urlTemplate":"https:\/\/hermess.com.tr\/en\/?s={search_term_string}"},"query-input":"required name=search_term_string"}],"inLanguage":"tr"}]}},"_links":{"self":[{"href":"https:\/\/hermess.com.tr\/en\/wp-json\/wp\/v2\/pages\/897"}],"collection":[{"href":"https:\/\/hermess.com.tr\/en\/wp-json\/wp\/v2\/pages"}],"about":[{"href":"https:\/\/hermess.com.tr\/en\/wp-json\/wp\/v2\/types\/page"}],"author":[{"embeddable":true,"href":"https:\/\/hermess.com.tr\/en\/wp-json\/wp\/v2\/users\/1"}],"replies":[{"embeddable":true,"href":"https:\/\/hermess.com.tr\/en\/wp-json\/wp\/v2\/comments?post=897"}],"version-history":[{"count":11,"href":"https:\/\/hermess.com.tr\/en\/wp-json\/wp\/v2\/pages\/897\/revisions"}],"predecessor-version":[{"id":1578,"href":"https:\/\/hermess.com.tr\/en\/wp-json\/wp\/v2\/pages\/897\/revisions\/1578"}],"wp:attachment":[{"href":"https:\/\/hermess.com.tr\/en\/wp-json\/wp\/v2\/media?parent=897"}],"curies":[{"name":"wp","href":"https:\/\/api.w.org\/{rel}","templated":true}]}}