{"id":936,"date":"2021-04-29T14:11:03","date_gmt":"2021-04-29T11:11:03","guid":{"rendered":"http:\/\/hermes.demositeler.xyz\/?page_id=936"},"modified":"2021-04-29T14:11:47","modified_gmt":"2021-04-29T11:11:47","slug":"references","status":"publish","type":"page","link":"https:\/\/hermess.com.tr\/en\/references\/","title":{"rendered":"References"},"content":{"rendered":"\t\t<div data-elementor-type=\"wp-page\" data-elementor-id=\"936\" class=\"elementor elementor-936\">\n\t\t\t\t\t\t<section class=\"elementor-section elementor-top-section elementor-element elementor-element-4b30fea elementor-section-height-min-height elementor-section-boxed elementor-section-height-default elementor-section-items-middle\" data-id=\"4b30fea\" data-element_type=\"section\" data-settings=\"{&quot;jet_parallax_layout_list&quot;:[{&quot;jet_parallax_layout_image&quot;:{&quot;url&quot;:&quot;&quot;,&quot;id&quot;:&quot;&quot;,&quot;size&quot;:&quot;&quot;},&quot;_id&quot;:&quot;81f69b4&quot;,&quot;jet_parallax_layout_image_tablet&quot;:{&quot;url&quot;:&quot;&quot;,&quot;id&quot;:&quot;&quot;,&quot;size&quot;:&quot;&quot;},&quot;jet_parallax_layout_image_mobile&quot;:{&quot;url&quot;:&quot;&quot;,&quot;id&quot;:&quot;&quot;,&quot;size&quot;:&quot;&quot;},&quot;jet_parallax_layout_speed&quot;:{&quot;unit&quot;:&quot;%&quot;,&quot;size&quot;:50,&quot;sizes&quot;:[]},&quot;jet_parallax_layout_type&quot;:&quot;scroll&quot;,&quot;jet_parallax_layout_direction&quot;:null,&quot;jet_parallax_layout_fx_direction&quot;:null,&quot;jet_parallax_layout_z_index&quot;:&quot;&quot;,&quot;jet_parallax_layout_bg_x&quot;:50,&quot;jet_parallax_layout_bg_x_tablet&quot;:&quot;&quot;,&quot;jet_parallax_layout_bg_x_mobile&quot;:&quot;&quot;,&quot;jet_parallax_layout_bg_y&quot;:50,&quot;jet_parallax_layout_bg_y_tablet&quot;:&quot;&quot;,&quot;jet_parallax_layout_bg_y_mobile&quot;:&quot;&quot;,&quot;jet_parallax_layout_bg_size&quot;:&quot;auto&quot;,&quot;jet_parallax_layout_bg_size_tablet&quot;:&quot;&quot;,&quot;jet_parallax_layout_bg_size_mobile&quot;:&quot;&quot;,&quot;jet_parallax_layout_animation_prop&quot;:&quot;transform&quot;,&quot;jet_parallax_layout_on&quot;:[&quot;desktop&quot;,&quot;tablet&quot;]}]}\">\n\t\t\t\t\t\t<div class=\"elementor-container elementor-column-gap-default\">\n\t\t\t\t\t<div class=\"elementor-column elementor-col-100 elementor-top-column elementor-element elementor-element-f5e482b\" data-id=\"f5e482b\" data-element_type=\"column\">\n\t\t\t<div class=\"elementor-widget-wrap elementor-element-populated\">\n\t\t\t\t\t\t<div class=\"elementor-element elementor-element-b0f5141 elementor-widget elementor-widget-heading\" data-id=\"b0f5141\" data-element_type=\"widget\" data-widget_type=\"heading.default\">\n\t\t\t\t<div class=\"elementor-widget-container\">\n\t\t\t<h2 class=\"elementor-heading-title elementor-size-default\">References<\/h2>\t\t<\/div>\n\t\t\t\t<\/div>\n\t\t\t\t\t<\/div>\n\t\t<\/div>\n\t\t\t\t\t<\/div>\n\t\t<\/section>\n\t\t\t\t<section class=\"elementor-section elementor-top-section elementor-element elementor-element-39e001a elementor-section-boxed elementor-section-height-default elementor-section-height-default\" data-id=\"39e001a\" data-element_type=\"section\" data-settings=\"{&quot;jet_parallax_layout_list&quot;:[{&quot;jet_parallax_layout_image&quot;:{&quot;url&quot;:&quot;&quot;,&quot;id&quot;:&quot;&quot;,&quot;size&quot;:&quot;&quot;},&quot;_id&quot;:&quot;c5a4d12&quot;,&quot;jet_parallax_layout_image_tablet&quot;:{&quot;url&quot;:&quot;&quot;,&quot;id&quot;:&quot;&quot;,&quot;size&quot;:&quot;&quot;},&quot;jet_parallax_layout_image_mobile&quot;:{&quot;url&quot;:&quot;&quot;,&quot;id&quot;:&quot;&quot;,&quot;size&quot;:&quot;&quot;},&quot;jet_parallax_layout_speed&quot;:{&quot;unit&quot;:&quot;%&quot;,&quot;size&quot;:50,&quot;sizes&quot;:[]},&quot;jet_parallax_layout_type&quot;:&quot;scroll&quot;,&quot;jet_parallax_layout_direction&quot;:null,&quot;jet_parallax_layout_fx_direction&quot;:null,&quot;jet_parallax_layout_z_index&quot;:&quot;&quot;,&quot;jet_parallax_layout_bg_x&quot;:50,&quot;jet_parallax_layout_bg_x_tablet&quot;:&quot;&quot;,&quot;jet_parallax_layout_bg_x_mobile&quot;:&quot;&quot;,&quot;jet_parallax_layout_bg_y&quot;:50,&quot;jet_parallax_layout_bg_y_tablet&quot;:&quot;&quot;,&quot;jet_parallax_layout_bg_y_mobile&quot;:&quot;&quot;,&quot;jet_parallax_layout_bg_size&quot;:&quot;auto&quot;,&quot;jet_parallax_layout_bg_size_tablet&quot;:&quot;&quot;,&quot;jet_parallax_layout_bg_size_mobile&quot;:&quot;&quot;,&quot;jet_parallax_layout_animation_prop&quot;:&quot;transform&quot;,&quot;jet_parallax_layout_on&quot;:[&quot;desktop&quot;,&quot;tablet&quot;]}]}\">\n\t\t\t\t\t\t<div class=\"elementor-container elementor-column-gap-default\">\n\t\t\t\t\t<div class=\"elementor-column elementor-col-100 elementor-top-column elementor-element elementor-element-05f1825\" data-id=\"05f1825\" data-element_type=\"column\">\n\t\t\t<div class=\"elementor-widget-wrap elementor-element-populated\">\n\t\t\t\t\t\t<div class=\"elementor-element elementor-element-0369a5b elementor-widget elementor-widget-image-gallery\" data-id=\"0369a5b\" data-element_type=\"widget\" data-widget_type=\"image-gallery.default\">\n\t\t\t\t<div class=\"elementor-widget-container\">\n\t\t\t\t\t<div class=\"elementor-image-gallery\">\n\t\t\t<div id='gallery-1' class='gallery galleryid-936 gallery-columns-5 gallery-size-full'><figure class='gallery-item'>\n\t\t\t<div class='gallery-icon landscape'>\n\t\t\t\t<a data-elementor-open-lightbox=\"yes\" data-elementor-lightbox-slideshow=\"0369a5b\" data-elementor-lightbox-title=\"BMR2\" data-e-action-hash=\"#elementor-action%3Aaction%3Dlightbox%26settings%3DeyJpZCI6NTg5LCJ1cmwiOiJodHRwczpcL1wvaGVybWVzcy5jb20udHJcL2VuXC93cC1jb250ZW50XC91cGxvYWRzXC8yMDIxXC8wNFwvQk1SMi5wbmciLCJzbGlkZXNob3ciOiIwMzY5YTViIn0%3D\" href='https:\/\/hermess.com.tr\/en\/wp-content\/uploads\/2021\/04\/BMR2.png'><img fetchpriority=\"high\" decoding=\"async\" width=\"500\" height=\"300\" src=\"https:\/\/hermess.com.tr\/en\/wp-content\/uploads\/2021\/04\/BMR2.png\" class=\"attachment-full size-full\" alt=\"\" srcset=\"https:\/\/hermess.com.tr\/en\/wp-content\/uploads\/2021\/04\/BMR2.png 500w, https:\/\/hermess.com.tr\/en\/wp-content\/uploads\/2021\/04\/BMR2-300x180.png 300w\" sizes=\"(max-width: 500px) 100vw, 500px\" \/><\/a>\n\t\t\t<\/div><\/figure><figure class='gallery-item'>\n\t\t\t<div class='gallery-icon landscape'>\n\t\t\t\t<a data-elementor-open-lightbox=\"yes\" data-elementor-lightbox-slideshow=\"0369a5b\" data-elementor-lightbox-title=\"ref_0000_polidas-logo\" data-e-action-hash=\"#elementor-action%3Aaction%3Dlightbox%26settings%3DeyJpZCI6NTkwLCJ1cmwiOiJodHRwczpcL1wvaGVybWVzcy5jb20udHJcL2VuXC93cC1jb250ZW50XC91cGxvYWRzXC8yMDIxXC8wNFwvcmVmXzAwMDBfcG9saWRhcy1sb2dvLmpwZyIsInNsaWRlc2hvdyI6IjAzNjlhNWIifQ%3D%3D\" href='https:\/\/hermess.com.tr\/en\/wp-content\/uploads\/2021\/04\/ref_0000_polidas-logo.jpg'><img decoding=\"async\" width=\"500\" height=\"300\" src=\"https:\/\/hermess.com.tr\/en\/wp-content\/uploads\/2021\/04\/ref_0000_polidas-logo.jpg\" class=\"attachment-full size-full\" alt=\"\" srcset=\"https:\/\/hermess.com.tr\/en\/wp-content\/uploads\/2021\/04\/ref_0000_polidas-logo.jpg 500w, https:\/\/hermess.com.tr\/en\/wp-content\/uploads\/2021\/04\/ref_0000_polidas-logo-300x180.jpg 300w\" sizes=\"(max-width: 500px) 100vw, 500px\" \/><\/a>\n\t\t\t<\/div><\/figure><figure class='gallery-item'>\n\t\t\t<div class='gallery-icon landscape'>\n\t\t\t\t<a data-elementor-open-lightbox=\"yes\" data-elementor-lightbox-slideshow=\"0369a5b\" data-elementor-lightbox-title=\"ref_0002_logo (2)\" data-e-action-hash=\"#elementor-action%3Aaction%3Dlightbox%26settings%3DeyJpZCI6NTkxLCJ1cmwiOiJodHRwczpcL1wvaGVybWVzcy5jb20udHJcL2VuXC93cC1jb250ZW50XC91cGxvYWRzXC8yMDIxXC8wNFwvcmVmXzAwMDJfbG9nby0yLmpwZyIsInNsaWRlc2hvdyI6IjAzNjlhNWIifQ%3D%3D\" href='https:\/\/hermess.com.tr\/en\/wp-content\/uploads\/2021\/04\/ref_0002_logo-2.jpg'><img decoding=\"async\" width=\"500\" height=\"300\" src=\"https:\/\/hermess.com.tr\/en\/wp-content\/uploads\/2021\/04\/ref_0002_logo-2.jpg\" class=\"attachment-full size-full\" alt=\"\" srcset=\"https:\/\/hermess.com.tr\/en\/wp-content\/uploads\/2021\/04\/ref_0002_logo-2.jpg 500w, https:\/\/hermess.com.tr\/en\/wp-content\/uploads\/2021\/04\/ref_0002_logo-2-300x180.jpg 300w\" sizes=\"(max-width: 500px) 100vw, 500px\" \/><\/a>\n\t\t\t<\/div><\/figure><figure class='gallery-item'>\n\t\t\t<div class='gallery-icon landscape'>\n\t\t\t\t<a data-elementor-open-lightbox=\"yes\" data-elementor-lightbox-slideshow=\"0369a5b\" data-elementor-lightbox-title=\"ref_0003_indir\" data-e-action-hash=\"#elementor-action%3Aaction%3Dlightbox%26settings%3DeyJpZCI6NTkyLCJ1cmwiOiJodHRwczpcL1wvaGVybWVzcy5jb20udHJcL2VuXC93cC1jb250ZW50XC91cGxvYWRzXC8yMDIxXC8wNFwvcmVmXzAwMDNfaW5kaXIuanBnIiwic2xpZGVzaG93IjoiMDM2OWE1YiJ9\" href='https:\/\/hermess.com.tr\/en\/wp-content\/uploads\/2021\/04\/ref_0003_indir.jpg'><img loading=\"lazy\" decoding=\"async\" width=\"500\" height=\"300\" src=\"https:\/\/hermess.com.tr\/en\/wp-content\/uploads\/2021\/04\/ref_0003_indir.jpg\" class=\"attachment-full size-full\" alt=\"\" srcset=\"https:\/\/hermess.com.tr\/en\/wp-content\/uploads\/2021\/04\/ref_0003_indir.jpg 500w, https:\/\/hermess.com.tr\/en\/wp-content\/uploads\/2021\/04\/ref_0003_indir-300x180.jpg 300w\" sizes=\"(max-width: 500px) 100vw, 500px\" \/><\/a>\n\t\t\t<\/div><\/figure><figure class='gallery-item'>\n\t\t\t<div class='gallery-icon landscape'>\n\t\t\t\t<a data-elementor-open-lightbox=\"yes\" data-elementor-lightbox-slideshow=\"0369a5b\" data-elementor-lightbox-title=\"ref_0004_logo (3)\" data-e-action-hash=\"#elementor-action%3Aaction%3Dlightbox%26settings%3DeyJpZCI6NTkzLCJ1cmwiOiJodHRwczpcL1wvaGVybWVzcy5jb20udHJcL2VuXC93cC1jb250ZW50XC91cGxvYWRzXC8yMDIxXC8wNFwvcmVmXzAwMDRfbG9nby0zLmpwZyIsInNsaWRlc2hvdyI6IjAzNjlhNWIifQ%3D%3D\" href='https:\/\/hermess.com.tr\/en\/wp-content\/uploads\/2021\/04\/ref_0004_logo-3.jpg'><img loading=\"lazy\" decoding=\"async\" width=\"500\" height=\"300\" src=\"https:\/\/hermess.com.tr\/en\/wp-content\/uploads\/2021\/04\/ref_0004_logo-3.jpg\" class=\"attachment-full size-full\" alt=\"\" srcset=\"https:\/\/hermess.com.tr\/en\/wp-content\/uploads\/2021\/04\/ref_0004_logo-3.jpg 500w, https:\/\/hermess.com.tr\/en\/wp-content\/uploads\/2021\/04\/ref_0004_logo-3-300x180.jpg 300w\" sizes=\"(max-width: 500px) 100vw, 500px\" \/><\/a>\n\t\t\t<\/div><\/figure><figure class='gallery-item'>\n\t\t\t<div class='gallery-icon landscape'>\n\t\t\t\t<a data-elementor-open-lightbox=\"yes\" data-elementor-lightbox-slideshow=\"0369a5b\" data-elementor-lightbox-title=\"ref_0005_GB-logo\" data-e-action-hash=\"#elementor-action%3Aaction%3Dlightbox%26settings%3DeyJpZCI6NTk0LCJ1cmwiOiJodHRwczpcL1wvaGVybWVzcy5jb20udHJcL2VuXC93cC1jb250ZW50XC91cGxvYWRzXC8yMDIxXC8wNFwvcmVmXzAwMDVfR0ItbG9nby5qcGciLCJzbGlkZXNob3ciOiIwMzY5YTViIn0%3D\" href='https:\/\/hermess.com.tr\/en\/wp-content\/uploads\/2021\/04\/ref_0005_GB-logo.jpg'><img loading=\"lazy\" decoding=\"async\" width=\"500\" height=\"300\" src=\"https:\/\/hermess.com.tr\/en\/wp-content\/uploads\/2021\/04\/ref_0005_GB-logo.jpg\" class=\"attachment-full size-full\" alt=\"\" srcset=\"https:\/\/hermess.com.tr\/en\/wp-content\/uploads\/2021\/04\/ref_0005_GB-logo.jpg 500w, https:\/\/hermess.com.tr\/en\/wp-content\/uploads\/2021\/04\/ref_0005_GB-logo-300x180.jpg 300w\" sizes=\"(max-width: 500px) 100vw, 500px\" \/><\/a>\n\t\t\t<\/div><\/figure><figure class='gallery-item'>\n\t\t\t<div class='gallery-icon landscape'>\n\t\t\t\t<a data-elementor-open-lightbox=\"yes\" data-elementor-lightbox-slideshow=\"0369a5b\" data-elementor-lightbox-title=\"ref_0006_logo\" data-e-action-hash=\"#elementor-action%3Aaction%3Dlightbox%26settings%3DeyJpZCI6NTk1LCJ1cmwiOiJodHRwczpcL1wvaGVybWVzcy5jb20udHJcL2VuXC93cC1jb250ZW50XC91cGxvYWRzXC8yMDIxXC8wNFwvcmVmXzAwMDZfbG9nby5qcGciLCJzbGlkZXNob3ciOiIwMzY5YTViIn0%3D\" href='https:\/\/hermess.com.tr\/en\/wp-content\/uploads\/2021\/04\/ref_0006_logo.jpg'><img loading=\"lazy\" decoding=\"async\" width=\"500\" height=\"300\" src=\"https:\/\/hermess.com.tr\/en\/wp-content\/uploads\/2021\/04\/ref_0006_logo.jpg\" class=\"attachment-full size-full\" alt=\"\" srcset=\"https:\/\/hermess.com.tr\/en\/wp-content\/uploads\/2021\/04\/ref_0006_logo.jpg 500w, https:\/\/hermess.com.tr\/en\/wp-content\/uploads\/2021\/04\/ref_0006_logo-300x180.jpg 300w\" sizes=\"(max-width: 500px) 100vw, 500px\" \/><\/a>\n\t\t\t<\/div><\/figure>\n\t\t<\/div>\n\t\t<\/div>\n\t\t\t\t<\/div>\n\t\t\t\t<\/div>\n\t\t\t\t\t<\/div>\n\t\t<\/div>\n\t\t\t\t\t<\/div>\n\t\t<\/section>\n\t\t\t\t<\/div>\n\t\t","protected":false},"excerpt":{"rendered":"<p>References<\/p>\n","protected":false},"author":1,"featured_media":0,"parent":0,"menu_order":0,"comment_status":"closed","ping_status":"closed","template":"elementor_header_footer","meta":{"_acf_changed":false,"_joinchat":[],"footnotes":""},"class_list":["post-936","page","type-page","status-publish","hentry"],"acf":[],"yoast_head":"<!-- This site is optimized with the Yoast SEO plugin v21.1 - https:\/\/yoast.com\/wordpress\/plugins\/seo\/ -->\n<title>References - Hermes End\u00fcstriyel Kap\u0131<\/title>\n<meta name=\"robots\" content=\"index, follow, max-snippet:-1, max-image-preview:large, max-video-preview:-1\" \/>\n<link rel=\"canonical\" href=\"https:\/\/hermess.com.tr\/en\/references\/\" \/>\n<meta property=\"og:locale\" content=\"tr_TR\" \/>\n<meta property=\"og:type\" content=\"article\" \/>\n<meta property=\"og:title\" content=\"References - Hermes End\u00fcstriyel Kap\u0131\" \/>\n<meta property=\"og:description\" content=\"References\" \/>\n<meta property=\"og:url\" content=\"https:\/\/hermess.com.tr\/en\/references\/\" \/>\n<meta property=\"og:site_name\" content=\"Hermes End\u00fcstriyel Kap\u0131\" \/>\n<meta property=\"article:modified_time\" content=\"2021-04-29T11:11:47+00:00\" \/>\n<meta property=\"og:image\" content=\"http:\/\/hermess.com.tr\/wp-content\/uploads\/2021\/04\/BMR2.png\" \/>\n<meta name=\"twitter:card\" content=\"summary_large_image\" \/>\n<script type=\"application\/ld+json\" class=\"yoast-schema-graph\">{\"@context\":\"https:\/\/schema.org\",\"@graph\":[{\"@type\":\"WebPage\",\"@id\":\"https:\/\/hermess.com.tr\/en\/references\/\",\"url\":\"https:\/\/hermess.com.tr\/en\/references\/\",\"name\":\"References - Hermes End\u00fcstriyel Kap\u0131\",\"isPartOf\":{\"@id\":\"https:\/\/hermess.com.tr\/en\/#website\"},\"datePublished\":\"2021-04-29T11:11:03+00:00\",\"dateModified\":\"2021-04-29T11:11:47+00:00\",\"breadcrumb\":{\"@id\":\"https:\/\/hermess.com.tr\/en\/references\/#breadcrumb\"},\"inLanguage\":\"tr\",\"potentialAction\":[{\"@type\":\"ReadAction\",\"target\":[\"https:\/\/hermess.com.tr\/en\/references\/\"]}]},{\"@type\":\"BreadcrumbList\",\"@id\":\"https:\/\/hermess.com.tr\/en\/references\/#breadcrumb\",\"itemListElement\":[{\"@type\":\"ListItem\",\"position\":1,\"name\":\"Anasayfa\",\"item\":\"https:\/\/hermess.com.tr\/en\/\"},{\"@type\":\"ListItem\",\"position\":2,\"name\":\"References\"}]},{\"@type\":\"WebSite\",\"@id\":\"https:\/\/hermess.com.tr\/en\/#website\",\"url\":\"https:\/\/hermess.com.tr\/en\/\",\"name\":\"Hermes End\u00fcstriyel Kap\u0131\",\"description\":\"End\u00fcstriyel Kap\u0131 \u00dcreticisi\",\"potentialAction\":[{\"@type\":\"SearchAction\",\"target\":{\"@type\":\"EntryPoint\",\"urlTemplate\":\"https:\/\/hermess.com.tr\/en\/?s={search_term_string}\"},\"query-input\":\"required name=search_term_string\"}],\"inLanguage\":\"tr\"}]}<\/script>\n<!-- \/ Yoast SEO plugin. -->","yoast_head_json":{"title":"References - Hermes End\u00fcstriyel Kap\u0131","robots":{"index":"index","follow":"follow","max-snippet":"max-snippet:-1","max-image-preview":"max-image-preview:large","max-video-preview":"max-video-preview:-1"},"canonical":"https:\/\/hermess.com.tr\/en\/references\/","og_locale":"tr_TR","og_type":"article","og_title":"References - Hermes End\u00fcstriyel Kap\u0131","og_description":"References","og_url":"https:\/\/hermess.com.tr\/en\/references\/","og_site_name":"Hermes End\u00fcstriyel Kap\u0131","article_modified_time":"2021-04-29T11:11:47+00:00","og_image":[{"url":"http:\/\/hermess.com.tr\/wp-content\/uploads\/2021\/04\/BMR2.png"}],"twitter_card":"summary_large_image","schema":{"@context":"https:\/\/schema.org","@graph":[{"@type":"WebPage","@id":"https:\/\/hermess.com.tr\/en\/references\/","url":"https:\/\/hermess.com.tr\/en\/references\/","name":"References - Hermes End\u00fcstriyel Kap\u0131","isPartOf":{"@id":"https:\/\/hermess.com.tr\/en\/#website"},"datePublished":"2021-04-29T11:11:03+00:00","dateModified":"2021-04-29T11:11:47+00:00","breadcrumb":{"@id":"https:\/\/hermess.com.tr\/en\/references\/#breadcrumb"},"inLanguage":"tr","potentialAction":[{"@type":"ReadAction","target":["https:\/\/hermess.com.tr\/en\/references\/"]}]},{"@type":"BreadcrumbList","@id":"https:\/\/hermess.com.tr\/en\/references\/#breadcrumb","itemListElement":[{"@type":"ListItem","position":1,"name":"Anasayfa","item":"https:\/\/hermess.com.tr\/en\/"},{"@type":"ListItem","position":2,"name":"References"}]},{"@type":"WebSite","@id":"https:\/\/hermess.com.tr\/en\/#website","url":"https:\/\/hermess.com.tr\/en\/","name":"Hermes End\u00fcstriyel Kap\u0131","description":"End\u00fcstriyel Kap\u0131 \u00dcreticisi","potentialAction":[{"@type":"SearchAction","target":{"@type":"EntryPoint","urlTemplate":"https:\/\/hermess.com.tr\/en\/?s={search_term_string}"},"query-input":"required name=search_term_string"}],"inLanguage":"tr"}]}},"_links":{"self":[{"href":"https:\/\/hermess.com.tr\/en\/wp-json\/wp\/v2\/pages\/936"}],"collection":[{"href":"https:\/\/hermess.com.tr\/en\/wp-json\/wp\/v2\/pages"}],"about":[{"href":"https:\/\/hermess.com.tr\/en\/wp-json\/wp\/v2\/types\/page"}],"author":[{"embeddable":true,"href":"https:\/\/hermess.com.tr\/en\/wp-json\/wp\/v2\/users\/1"}],"replies":[{"embeddable":true,"href":"https:\/\/hermess.com.tr\/en\/wp-json\/wp\/v2\/comments?post=936"}],"version-history":[{"count":4,"href":"https:\/\/hermess.com.tr\/en\/wp-json\/wp\/v2\/pages\/936\/revisions"}],"predecessor-version":[{"id":940,"href":"https:\/\/hermess.com.tr\/en\/wp-json\/wp\/v2\/pages\/936\/revisions\/940"}],"wp:attachment":[{"href":"https:\/\/hermess.com.tr\/en\/wp-json\/wp\/v2\/media?parent=936"}],"curies":[{"name":"wp","href":"https:\/\/api.w.org\/{rel}","templated":true}]}}