{"id":954,"date":"2021-04-29T14:22:32","date_gmt":"2021-04-29T11:22:32","guid":{"rendered":"http:\/\/hermes.demositeler.xyz\/?page_id=954"},"modified":"2021-05-18T14:45:53","modified_gmt":"2021-05-18T11:45:53","slug":"inflatable-shelters","status":"publish","type":"page","link":"https:\/\/hermess.com.tr\/en\/inflatable-shelters\/","title":{"rendered":"Inflatable Shelters"},"content":{"rendered":"\t\t<div data-elementor-type=\"wp-page\" data-elementor-id=\"954\" class=\"elementor elementor-954\">\n\t\t\t\t\t\t<section class=\"elementor-section elementor-top-section elementor-element elementor-element-65d04a2f elementor-section-boxed elementor-section-height-default elementor-section-height-default\" data-id=\"65d04a2f\" data-element_type=\"section\" data-settings=\"{&quot;jet_parallax_layout_list&quot;:[{&quot;jet_parallax_layout_image&quot;:{&quot;url&quot;:&quot;&quot;,&quot;id&quot;:&quot;&quot;,&quot;size&quot;:&quot;&quot;},&quot;_id&quot;:&quot;3686cc1&quot;,&quot;jet_parallax_layout_image_tablet&quot;:{&quot;url&quot;:&quot;&quot;,&quot;id&quot;:&quot;&quot;,&quot;size&quot;:&quot;&quot;},&quot;jet_parallax_layout_image_mobile&quot;:{&quot;url&quot;:&quot;&quot;,&quot;id&quot;:&quot;&quot;,&quot;size&quot;:&quot;&quot;},&quot;jet_parallax_layout_speed&quot;:{&quot;unit&quot;:&quot;%&quot;,&quot;size&quot;:50,&quot;sizes&quot;:[]},&quot;jet_parallax_layout_type&quot;:&quot;scroll&quot;,&quot;jet_parallax_layout_direction&quot;:null,&quot;jet_parallax_layout_fx_direction&quot;:null,&quot;jet_parallax_layout_z_index&quot;:&quot;&quot;,&quot;jet_parallax_layout_bg_x&quot;:50,&quot;jet_parallax_layout_bg_x_tablet&quot;:&quot;&quot;,&quot;jet_parallax_layout_bg_x_mobile&quot;:&quot;&quot;,&quot;jet_parallax_layout_bg_y&quot;:50,&quot;jet_parallax_layout_bg_y_tablet&quot;:&quot;&quot;,&quot;jet_parallax_layout_bg_y_mobile&quot;:&quot;&quot;,&quot;jet_parallax_layout_bg_size&quot;:&quot;auto&quot;,&quot;jet_parallax_layout_bg_size_tablet&quot;:&quot;&quot;,&quot;jet_parallax_layout_bg_size_mobile&quot;:&quot;&quot;,&quot;jet_parallax_layout_animation_prop&quot;:&quot;transform&quot;,&quot;jet_parallax_layout_on&quot;:[&quot;desktop&quot;,&quot;tablet&quot;]}]}\">\n\t\t\t\t\t\t<div class=\"elementor-container elementor-column-gap-default\">\n\t\t\t\t\t<div class=\"elementor-column elementor-col-100 elementor-top-column elementor-element elementor-element-4624a171\" data-id=\"4624a171\" data-element_type=\"column\">\n\t\t\t<div class=\"elementor-widget-wrap elementor-element-populated\">\n\t\t\t\t\t\t<div class=\"elementor-element elementor-element-10ae937 elementor-arrows-position-inside elementor-pagination-position-outside elementor-widget elementor-widget-image-carousel\" data-id=\"10ae937\" data-element_type=\"widget\" data-settings=\"{&quot;image_spacing_custom&quot;:{&quot;unit&quot;:&quot;px&quot;,&quot;size&quot;:10,&quot;sizes&quot;:[]},&quot;slides_to_show&quot;:&quot;4&quot;,&quot;navigation&quot;:&quot;both&quot;,&quot;autoplay&quot;:&quot;yes&quot;,&quot;pause_on_hover&quot;:&quot;yes&quot;,&quot;pause_on_interaction&quot;:&quot;yes&quot;,&quot;autoplay_speed&quot;:5000,&quot;infinite&quot;:&quot;yes&quot;,&quot;speed&quot;:500,&quot;image_spacing_custom_tablet&quot;:{&quot;unit&quot;:&quot;px&quot;,&quot;size&quot;:&quot;&quot;,&quot;sizes&quot;:[]},&quot;image_spacing_custom_mobile&quot;:{&quot;unit&quot;:&quot;px&quot;,&quot;size&quot;:&quot;&quot;,&quot;sizes&quot;:[]}}\" data-widget_type=\"image-carousel.default\">\n\t\t\t\t<div class=\"elementor-widget-container\">\n\t\t\t\t\t<div class=\"elementor-image-carousel-wrapper swiper\" dir=\"ltr\">\n\t\t\t<div class=\"elementor-image-carousel swiper-wrapper\" aria-live=\"off\">\n\t\t\t\t\t\t\t\t<div class=\"swiper-slide\" role=\"group\" aria-roledescription=\"slide\" aria-label=\"1 \/ 5\"><a data-elementor-open-lightbox=\"yes\" data-elementor-lightbox-slideshow=\"10ae937\" data-elementor-lightbox-title=\"3-s\u0327is\u0327me-ko\u0308ru\u0308k-768x1024\" data-e-action-hash=\"#elementor-action%3Aaction%3Dlightbox%26settings%3DeyJpZCI6MzkyLCJ1cmwiOiJodHRwczpcL1wvaGVybWVzcy5jb20udHJcL2VuXC93cC1jb250ZW50XC91cGxvYWRzXC8yMDIxXC8wNFwvMy1zXHUwMzI3aXNcdTAzMjdtZS1rb1x1MDMwOHJ1XHUwMzA4ay03Njh4MTAyNC0xLmpwZyIsInNsaWRlc2hvdyI6IjEwYWU5MzcifQ%3D%3D\" href=\"https:\/\/hermess.com.tr\/en\/wp-content\/uploads\/2021\/04\/3-s\u0327is\u0327me-ko\u0308ru\u0308k-768x1024-1.jpg\"><figure class=\"swiper-slide-inner\"><img decoding=\"async\" class=\"swiper-slide-image\" src=\"https:\/\/hermess.com.tr\/en\/wp-content\/uploads\/2021\/04\/3-s\u0327is\u0327me-ko\u0308ru\u0308k-768x1024-1-150x150.jpg\" alt=\"3-s\u0327is\u0327me-ko\u0308ru\u0308k-768x1024\" \/><\/figure><\/a><\/div><div class=\"swiper-slide\" role=\"group\" aria-roledescription=\"slide\" aria-label=\"2 \/ 5\"><a data-elementor-open-lightbox=\"yes\" data-elementor-lightbox-slideshow=\"10ae937\" data-elementor-lightbox-title=\"3-is\u0327me-ko\u0308ru\u0308k-3\" data-e-action-hash=\"#elementor-action%3Aaction%3Dlightbox%26settings%3DeyJpZCI6MzkzLCJ1cmwiOiJodHRwczpcL1wvaGVybWVzcy5jb20udHJcL2VuXC93cC1jb250ZW50XC91cGxvYWRzXC8yMDIxXC8wNFwvMy1pc1x1MDMyN21lLWtvXHUwMzA4cnVcdTAzMDhrLTMuanBnIiwic2xpZGVzaG93IjoiMTBhZTkzNyJ9\" href=\"https:\/\/hermess.com.tr\/en\/wp-content\/uploads\/2021\/04\/3-is\u0327me-ko\u0308ru\u0308k-3.jpg\"><figure class=\"swiper-slide-inner\"><img decoding=\"async\" class=\"swiper-slide-image\" src=\"https:\/\/hermess.com.tr\/en\/wp-content\/uploads\/2021\/04\/3-is\u0327me-ko\u0308ru\u0308k-3-150x150.jpg\" alt=\"3-is\u0327me-ko\u0308ru\u0308k-3\" \/><\/figure><\/a><\/div><div class=\"swiper-slide\" role=\"group\" aria-roledescription=\"slide\" aria-label=\"3 \/ 5\"><a data-elementor-open-lightbox=\"yes\" data-elementor-lightbox-slideshow=\"10ae937\" data-elementor-lightbox-title=\"3-s\u0327is\u0327me-ko\u0308ru\u0308k-4\" data-e-action-hash=\"#elementor-action%3Aaction%3Dlightbox%26settings%3DeyJpZCI6Mzk0LCJ1cmwiOiJodHRwczpcL1wvaGVybWVzcy5jb20udHJcL2VuXC93cC1jb250ZW50XC91cGxvYWRzXC8yMDIxXC8wNFwvMy1zXHUwMzI3aXNcdTAzMjdtZS1rb1x1MDMwOHJ1XHUwMzA4ay00LmpwZyIsInNsaWRlc2hvdyI6IjEwYWU5MzcifQ%3D%3D\" href=\"https:\/\/hermess.com.tr\/en\/wp-content\/uploads\/2021\/04\/3-s\u0327is\u0327me-ko\u0308ru\u0308k-4.jpg\"><figure class=\"swiper-slide-inner\"><img decoding=\"async\" class=\"swiper-slide-image\" src=\"https:\/\/hermess.com.tr\/en\/wp-content\/uploads\/2021\/04\/3-s\u0327is\u0327me-ko\u0308ru\u0308k-4-150x150.jpg\" alt=\"3-s\u0327is\u0327me-ko\u0308ru\u0308k-4\" \/><\/figure><\/a><\/div><div class=\"swiper-slide\" role=\"group\" aria-roledescription=\"slide\" aria-label=\"4 \/ 5\"><a data-elementor-open-lightbox=\"yes\" data-elementor-lightbox-slideshow=\"10ae937\" data-elementor-lightbox-title=\"3-s\u0327is\u0327me-ko\u0308ru\u0308k-6\" data-e-action-hash=\"#elementor-action%3Aaction%3Dlightbox%26settings%3DeyJpZCI6Mzk1LCJ1cmwiOiJodHRwczpcL1wvaGVybWVzcy5jb20udHJcL2VuXC93cC1jb250ZW50XC91cGxvYWRzXC8yMDIxXC8wNFwvMy1zXHUwMzI3aXNcdTAzMjdtZS1rb1x1MDMwOHJ1XHUwMzA4ay02LmpwZyIsInNsaWRlc2hvdyI6IjEwYWU5MzcifQ%3D%3D\" href=\"https:\/\/hermess.com.tr\/en\/wp-content\/uploads\/2021\/04\/3-s\u0327is\u0327me-ko\u0308ru\u0308k-6.jpg\"><figure class=\"swiper-slide-inner\"><img decoding=\"async\" class=\"swiper-slide-image\" src=\"https:\/\/hermess.com.tr\/en\/wp-content\/uploads\/2021\/04\/3-s\u0327is\u0327me-ko\u0308ru\u0308k-6-150x150.jpg\" alt=\"3-s\u0327is\u0327me-ko\u0308ru\u0308k-6\" \/><\/figure><\/a><\/div><div class=\"swiper-slide\" role=\"group\" aria-roledescription=\"slide\" aria-label=\"5 \/ 5\"><a data-elementor-open-lightbox=\"yes\" data-elementor-lightbox-slideshow=\"10ae937\" data-elementor-lightbox-title=\"2020_04_09_19_12_IMG_5002\" data-e-action-hash=\"#elementor-action%3Aaction%3Dlightbox%26settings%3DeyJpZCI6MTM2OSwidXJsIjoiaHR0cHM6XC9cL2hlcm1lc3MuY29tLnRyXC9lblwvd3AtY29udGVudFwvdXBsb2Fkc1wvMjAyMVwvMDVcLzIwMjBfMDRfMDlfMTlfMTJfSU1HXzUwMDIuanBnIiwic2xpZGVzaG93IjoiMTBhZTkzNyJ9\" href=\"https:\/\/hermess.com.tr\/en\/wp-content\/uploads\/2021\/05\/2020_04_09_19_12_IMG_5002.jpg\"><figure class=\"swiper-slide-inner\"><img decoding=\"async\" class=\"swiper-slide-image\" src=\"https:\/\/hermess.com.tr\/en\/wp-content\/uploads\/2021\/05\/2020_04_09_19_12_IMG_5002-150x150.jpg\" alt=\"2020_04_09_19_12_IMG_5002\" \/><\/figure><\/a><\/div>\t\t\t<\/div>\n\t\t\t\t\t\t\t\t\t\t\t\t<div class=\"elementor-swiper-button elementor-swiper-button-prev\" role=\"button\" tabindex=\"0\">\n\t\t\t\t\t\t<i aria-hidden=\"true\" class=\"eicon-chevron-left\"><\/i>\t\t\t\t\t<\/div>\n\t\t\t\t\t<div class=\"elementor-swiper-button elementor-swiper-button-next\" role=\"button\" tabindex=\"0\">\n\t\t\t\t\t\t<i aria-hidden=\"true\" class=\"eicon-chevron-right\"><\/i>\t\t\t\t\t<\/div>\n\t\t\t\t\n\t\t\t\t\t\t\t\t\t<div class=\"swiper-pagination\"><\/div>\n\t\t\t\t\t\t\t\t\t<\/div>\n\t\t\t\t<\/div>\n\t\t\t\t<\/div>\n\t\t\t\t\t<\/div>\n\t\t<\/div>\n\t\t\t\t\t<\/div>\n\t\t<\/section>\n\t\t\t\t<section class=\"elementor-section elementor-top-section elementor-element elementor-element-476ec20b elementor-section-boxed elementor-section-height-default elementor-section-height-default\" data-id=\"476ec20b\" data-element_type=\"section\" data-settings=\"{&quot;jet_parallax_layout_list&quot;:[{&quot;jet_parallax_layout_image&quot;:{&quot;url&quot;:&quot;&quot;,&quot;id&quot;:&quot;&quot;,&quot;size&quot;:&quot;&quot;},&quot;_id&quot;:&quot;8008d30&quot;,&quot;jet_parallax_layout_image_tablet&quot;:{&quot;url&quot;:&quot;&quot;,&quot;id&quot;:&quot;&quot;,&quot;size&quot;:&quot;&quot;},&quot;jet_parallax_layout_image_mobile&quot;:{&quot;url&quot;:&quot;&quot;,&quot;id&quot;:&quot;&quot;,&quot;size&quot;:&quot;&quot;},&quot;jet_parallax_layout_speed&quot;:{&quot;unit&quot;:&quot;%&quot;,&quot;size&quot;:50,&quot;sizes&quot;:[]},&quot;jet_parallax_layout_type&quot;:&quot;scroll&quot;,&quot;jet_parallax_layout_direction&quot;:null,&quot;jet_parallax_layout_fx_direction&quot;:null,&quot;jet_parallax_layout_z_index&quot;:&quot;&quot;,&quot;jet_parallax_layout_bg_x&quot;:50,&quot;jet_parallax_layout_bg_x_tablet&quot;:&quot;&quot;,&quot;jet_parallax_layout_bg_x_mobile&quot;:&quot;&quot;,&quot;jet_parallax_layout_bg_y&quot;:50,&quot;jet_parallax_layout_bg_y_tablet&quot;:&quot;&quot;,&quot;jet_parallax_layout_bg_y_mobile&quot;:&quot;&quot;,&quot;jet_parallax_layout_bg_size&quot;:&quot;auto&quot;,&quot;jet_parallax_layout_bg_size_tablet&quot;:&quot;&quot;,&quot;jet_parallax_layout_bg_size_mobile&quot;:&quot;&quot;,&quot;jet_parallax_layout_animation_prop&quot;:&quot;transform&quot;,&quot;jet_parallax_layout_on&quot;:[&quot;desktop&quot;,&quot;tablet&quot;]}]}\">\n\t\t\t\t\t\t<div class=\"elementor-container elementor-column-gap-default\">\n\t\t\t\t\t<div class=\"elementor-column elementor-col-100 elementor-top-column elementor-element elementor-element-2b02623f\" data-id=\"2b02623f\" data-element_type=\"column\">\n\t\t\t<div class=\"elementor-widget-wrap elementor-element-populated\">\n\t\t\t\t\t\t<div class=\"elementor-element elementor-element-45337437 elementor-widget elementor-widget-text-editor\" data-id=\"45337437\" data-element_type=\"widget\" data-widget_type=\"text-editor.default\">\n\t\t\t\t<div class=\"elementor-widget-container\">\n\t\t\t\t\t\t\t<p><strong>INFLATABLE SHELTERS<\/strong><\/p><p>Loading-unloading products Inflatable shelters provide optimum insulation by combining many possible applications. WI-Series inflatable shelters have inflatable side and upper docking cushions to provide virtually airtight sealing with the vehicle.<\/p><p>In this way, the loading and unloading equipments are ideal for sealing against inflow shelters, temperature controlled warehouses and distribution centers against summer temperature, winter cold, circulation, dust and insects<\/p>\t\t\t\t\t\t<\/div>\n\t\t\t\t<\/div>\n\t\t\t\t\t<\/div>\n\t\t<\/div>\n\t\t\t\t\t<\/div>\n\t\t<\/section>\n\t\t\t\t<\/div>\n\t\t","protected":false},"excerpt":{"rendered":"<p>Previous Next INFLATABLE SHELTERS Loading-unloading products Inflatable shelters provide optimum insulation by combining many possible applications. WI-Series inflatable shelters have inflatable side and upper docking cushions to provide virtually airtight sealing with the vehicle. In this way, the loading and unloading equipments are ideal for sealing against inflow shelters, temperature controlled warehouses and distribution centers [&hellip;]<\/p>\n","protected":false},"author":1,"featured_media":0,"parent":0,"menu_order":0,"comment_status":"closed","ping_status":"closed","template":"","meta":{"_acf_changed":false,"_joinchat":[],"footnotes":""},"class_list":["post-954","page","type-page","status-publish","hentry"],"acf":[],"yoast_head":"<!-- This site is optimized with the Yoast SEO plugin v21.1 - https:\/\/yoast.com\/wordpress\/plugins\/seo\/ -->\n<title>Inflatable Shelters - Hermes End\u00fcstriyel Kap\u0131<\/title>\n<meta name=\"robots\" content=\"index, follow, max-snippet:-1, max-image-preview:large, max-video-preview:-1\" \/>\n<link rel=\"canonical\" href=\"https:\/\/hermess.com.tr\/en\/inflatable-shelters\/\" \/>\n<meta property=\"og:locale\" content=\"tr_TR\" \/>\n<meta property=\"og:type\" content=\"article\" \/>\n<meta property=\"og:title\" content=\"Inflatable Shelters - Hermes End\u00fcstriyel Kap\u0131\" \/>\n<meta property=\"og:description\" content=\"Previous Next INFLATABLE SHELTERS Loading-unloading products Inflatable shelters provide optimum insulation by combining many possible applications. WI-Series inflatable shelters have inflatable side and upper docking cushions to provide virtually airtight sealing with the vehicle. In this way, the loading and unloading equipments are ideal for sealing against inflow shelters, temperature controlled warehouses and distribution centers [&hellip;]\" \/>\n<meta property=\"og:url\" content=\"https:\/\/hermess.com.tr\/en\/inflatable-shelters\/\" \/>\n<meta property=\"og:site_name\" content=\"Hermes End\u00fcstriyel Kap\u0131\" \/>\n<meta property=\"article:modified_time\" content=\"2021-05-18T11:45:53+00:00\" \/>\n<meta property=\"og:image\" content=\"http:\/\/hermess.com.tr\/eng\/wp-content\/uploads\/2021\/05\/2020_04_09_19_12_IMG_5002-150x150.jpg\" \/>\n<meta name=\"twitter:card\" content=\"summary_large_image\" \/>\n<script type=\"application\/ld+json\" class=\"yoast-schema-graph\">{\"@context\":\"https:\/\/schema.org\",\"@graph\":[{\"@type\":\"WebPage\",\"@id\":\"https:\/\/hermess.com.tr\/en\/inflatable-shelters\/\",\"url\":\"https:\/\/hermess.com.tr\/en\/inflatable-shelters\/\",\"name\":\"Inflatable Shelters - Hermes End\u00fcstriyel Kap\u0131\",\"isPartOf\":{\"@id\":\"https:\/\/hermess.com.tr\/en\/#website\"},\"datePublished\":\"2021-04-29T11:22:32+00:00\",\"dateModified\":\"2021-05-18T11:45:53+00:00\",\"breadcrumb\":{\"@id\":\"https:\/\/hermess.com.tr\/en\/inflatable-shelters\/#breadcrumb\"},\"inLanguage\":\"tr\",\"potentialAction\":[{\"@type\":\"ReadAction\",\"target\":[\"https:\/\/hermess.com.tr\/en\/inflatable-shelters\/\"]}]},{\"@type\":\"BreadcrumbList\",\"@id\":\"https:\/\/hermess.com.tr\/en\/inflatable-shelters\/#breadcrumb\",\"itemListElement\":[{\"@type\":\"ListItem\",\"position\":1,\"name\":\"Anasayfa\",\"item\":\"https:\/\/hermess.com.tr\/en\/\"},{\"@type\":\"ListItem\",\"position\":2,\"name\":\"Inflatable Shelters\"}]},{\"@type\":\"WebSite\",\"@id\":\"https:\/\/hermess.com.tr\/en\/#website\",\"url\":\"https:\/\/hermess.com.tr\/en\/\",\"name\":\"Hermes End\u00fcstriyel Kap\u0131\",\"description\":\"End\u00fcstriyel Kap\u0131 \u00dcreticisi\",\"potentialAction\":[{\"@type\":\"SearchAction\",\"target\":{\"@type\":\"EntryPoint\",\"urlTemplate\":\"https:\/\/hermess.com.tr\/en\/?s={search_term_string}\"},\"query-input\":\"required name=search_term_string\"}],\"inLanguage\":\"tr\"}]}<\/script>\n<!-- \/ Yoast SEO plugin. -->","yoast_head_json":{"title":"Inflatable Shelters - Hermes End\u00fcstriyel Kap\u0131","robots":{"index":"index","follow":"follow","max-snippet":"max-snippet:-1","max-image-preview":"max-image-preview:large","max-video-preview":"max-video-preview:-1"},"canonical":"https:\/\/hermess.com.tr\/en\/inflatable-shelters\/","og_locale":"tr_TR","og_type":"article","og_title":"Inflatable Shelters - Hermes End\u00fcstriyel Kap\u0131","og_description":"Previous Next INFLATABLE SHELTERS Loading-unloading products Inflatable shelters provide optimum insulation by combining many possible applications. WI-Series inflatable shelters have inflatable side and upper docking cushions to provide virtually airtight sealing with the vehicle. In this way, the loading and unloading equipments are ideal for sealing against inflow shelters, temperature controlled warehouses and distribution centers [&hellip;]","og_url":"https:\/\/hermess.com.tr\/en\/inflatable-shelters\/","og_site_name":"Hermes End\u00fcstriyel Kap\u0131","article_modified_time":"2021-05-18T11:45:53+00:00","og_image":[{"url":"http:\/\/hermess.com.tr\/eng\/wp-content\/uploads\/2021\/05\/2020_04_09_19_12_IMG_5002-150x150.jpg"}],"twitter_card":"summary_large_image","schema":{"@context":"https:\/\/schema.org","@graph":[{"@type":"WebPage","@id":"https:\/\/hermess.com.tr\/en\/inflatable-shelters\/","url":"https:\/\/hermess.com.tr\/en\/inflatable-shelters\/","name":"Inflatable Shelters - Hermes End\u00fcstriyel Kap\u0131","isPartOf":{"@id":"https:\/\/hermess.com.tr\/en\/#website"},"datePublished":"2021-04-29T11:22:32+00:00","dateModified":"2021-05-18T11:45:53+00:00","breadcrumb":{"@id":"https:\/\/hermess.com.tr\/en\/inflatable-shelters\/#breadcrumb"},"inLanguage":"tr","potentialAction":[{"@type":"ReadAction","target":["https:\/\/hermess.com.tr\/en\/inflatable-shelters\/"]}]},{"@type":"BreadcrumbList","@id":"https:\/\/hermess.com.tr\/en\/inflatable-shelters\/#breadcrumb","itemListElement":[{"@type":"ListItem","position":1,"name":"Anasayfa","item":"https:\/\/hermess.com.tr\/en\/"},{"@type":"ListItem","position":2,"name":"Inflatable Shelters"}]},{"@type":"WebSite","@id":"https:\/\/hermess.com.tr\/en\/#website","url":"https:\/\/hermess.com.tr\/en\/","name":"Hermes End\u00fcstriyel Kap\u0131","description":"End\u00fcstriyel Kap\u0131 \u00dcreticisi","potentialAction":[{"@type":"SearchAction","target":{"@type":"EntryPoint","urlTemplate":"https:\/\/hermess.com.tr\/en\/?s={search_term_string}"},"query-input":"required name=search_term_string"}],"inLanguage":"tr"}]}},"_links":{"self":[{"href":"https:\/\/hermess.com.tr\/en\/wp-json\/wp\/v2\/pages\/954"}],"collection":[{"href":"https:\/\/hermess.com.tr\/en\/wp-json\/wp\/v2\/pages"}],"about":[{"href":"https:\/\/hermess.com.tr\/en\/wp-json\/wp\/v2\/types\/page"}],"author":[{"embeddable":true,"href":"https:\/\/hermess.com.tr\/en\/wp-json\/wp\/v2\/users\/1"}],"replies":[{"embeddable":true,"href":"https:\/\/hermess.com.tr\/en\/wp-json\/wp\/v2\/comments?post=954"}],"version-history":[{"count":9,"href":"https:\/\/hermess.com.tr\/en\/wp-json\/wp\/v2\/pages\/954\/revisions"}],"predecessor-version":[{"id":1372,"href":"https:\/\/hermess.com.tr\/en\/wp-json\/wp\/v2\/pages\/954\/revisions\/1372"}],"wp:attachment":[{"href":"https:\/\/hermess.com.tr\/en\/wp-json\/wp\/v2\/media?parent=954"}],"curies":[{"name":"wp","href":"https:\/\/api.w.org\/{rel}","templated":true}]}}