{"id":959,"date":"2021-04-29T14:34:42","date_gmt":"2021-04-29T11:34:42","guid":{"rendered":"http:\/\/hermes.demositeler.xyz\/?page_id=959"},"modified":"2021-06-23T12:01:36","modified_gmt":"2021-06-23T09:01:36","slug":"telescopic-lip-dock-leveller","status":"publish","type":"page","link":"https:\/\/hermess.com.tr\/en\/telescopic-lip-dock-leveller\/","title":{"rendered":"Telescopic Lip Dock Leveler"},"content":{"rendered":"\t\t<div data-elementor-type=\"wp-page\" data-elementor-id=\"959\" class=\"elementor elementor-959\">\n\t\t\t\t\t\t<section class=\"elementor-section elementor-top-section elementor-element elementor-element-13e5450c elementor-section-boxed elementor-section-height-default elementor-section-height-default\" data-id=\"13e5450c\" data-element_type=\"section\" data-settings=\"{&quot;jet_parallax_layout_list&quot;:[{&quot;jet_parallax_layout_image&quot;:{&quot;url&quot;:&quot;&quot;,&quot;id&quot;:&quot;&quot;,&quot;size&quot;:&quot;&quot;},&quot;_id&quot;:&quot;3686cc1&quot;,&quot;jet_parallax_layout_image_tablet&quot;:{&quot;url&quot;:&quot;&quot;,&quot;id&quot;:&quot;&quot;,&quot;size&quot;:&quot;&quot;},&quot;jet_parallax_layout_image_mobile&quot;:{&quot;url&quot;:&quot;&quot;,&quot;id&quot;:&quot;&quot;,&quot;size&quot;:&quot;&quot;},&quot;jet_parallax_layout_speed&quot;:{&quot;unit&quot;:&quot;%&quot;,&quot;size&quot;:50,&quot;sizes&quot;:[]},&quot;jet_parallax_layout_type&quot;:&quot;scroll&quot;,&quot;jet_parallax_layout_direction&quot;:null,&quot;jet_parallax_layout_fx_direction&quot;:null,&quot;jet_parallax_layout_z_index&quot;:&quot;&quot;,&quot;jet_parallax_layout_bg_x&quot;:50,&quot;jet_parallax_layout_bg_x_tablet&quot;:&quot;&quot;,&quot;jet_parallax_layout_bg_x_mobile&quot;:&quot;&quot;,&quot;jet_parallax_layout_bg_y&quot;:50,&quot;jet_parallax_layout_bg_y_tablet&quot;:&quot;&quot;,&quot;jet_parallax_layout_bg_y_mobile&quot;:&quot;&quot;,&quot;jet_parallax_layout_bg_size&quot;:&quot;auto&quot;,&quot;jet_parallax_layout_bg_size_tablet&quot;:&quot;&quot;,&quot;jet_parallax_layout_bg_size_mobile&quot;:&quot;&quot;,&quot;jet_parallax_layout_animation_prop&quot;:&quot;transform&quot;,&quot;jet_parallax_layout_on&quot;:[&quot;desktop&quot;,&quot;tablet&quot;]}]}\">\n\t\t\t\t\t\t<div class=\"elementor-container elementor-column-gap-default\">\n\t\t\t\t\t<div class=\"elementor-column elementor-col-100 elementor-top-column elementor-element elementor-element-3642a05e\" data-id=\"3642a05e\" data-element_type=\"column\">\n\t\t\t<div class=\"elementor-widget-wrap elementor-element-populated\">\n\t\t\t\t\t\t<div class=\"elementor-element elementor-element-4b68fd00 elementor-arrows-position-inside elementor-pagination-position-outside elementor-widget elementor-widget-image-carousel\" data-id=\"4b68fd00\" data-element_type=\"widget\" data-settings=\"{&quot;image_spacing_custom&quot;:{&quot;unit&quot;:&quot;px&quot;,&quot;size&quot;:10,&quot;sizes&quot;:[]},&quot;navigation&quot;:&quot;both&quot;,&quot;autoplay&quot;:&quot;yes&quot;,&quot;pause_on_hover&quot;:&quot;yes&quot;,&quot;pause_on_interaction&quot;:&quot;yes&quot;,&quot;autoplay_speed&quot;:5000,&quot;infinite&quot;:&quot;yes&quot;,&quot;speed&quot;:500,&quot;image_spacing_custom_tablet&quot;:{&quot;unit&quot;:&quot;px&quot;,&quot;size&quot;:&quot;&quot;,&quot;sizes&quot;:[]},&quot;image_spacing_custom_mobile&quot;:{&quot;unit&quot;:&quot;px&quot;,&quot;size&quot;:&quot;&quot;,&quot;sizes&quot;:[]}}\" data-widget_type=\"image-carousel.default\">\n\t\t\t\t<div class=\"elementor-widget-container\">\n\t\t\t\t\t<div class=\"elementor-image-carousel-wrapper swiper\" dir=\"ltr\">\n\t\t\t<div class=\"elementor-image-carousel swiper-wrapper\" aria-live=\"off\">\n\t\t\t\t\t\t\t\t<div class=\"swiper-slide\" role=\"group\" aria-roledescription=\"slide\" aria-label=\"1 \/ 4\"><a data-elementor-open-lightbox=\"yes\" data-elementor-lightbox-slideshow=\"4b68fd00\" data-elementor-lightbox-title=\"1-Hidrolik-teleskoipk-yu\u0308kleme-rampas\u0131-5\" data-e-action-hash=\"#elementor-action%3Aaction%3Dlightbox%26settings%3DeyJpZCI6Mzc0LCJ1cmwiOiJodHRwczpcL1wvaGVybWVzcy5jb20udHJcL2VuXC93cC1jb250ZW50XC91cGxvYWRzXC8yMDIxXC8wNFwvMS1IaWRyb2xpay10ZWxlc2tvaXBrLXl1XHUwMzA4a2xlbWUtcmFtcGFzaS01LmpwZyIsInNsaWRlc2hvdyI6IjRiNjhmZDAwIn0%3D\" href=\"https:\/\/hermess.com.tr\/en\/wp-content\/uploads\/2021\/04\/1-Hidrolik-teleskoipk-yu\u0308kleme-rampasi-5.jpg\"><figure class=\"swiper-slide-inner\"><img decoding=\"async\" class=\"swiper-slide-image\" src=\"https:\/\/hermess.com.tr\/en\/wp-content\/uploads\/elementor\/thumbs\/1-Hidrolik-teleskoipk-yu\u0308kleme-rampasi-5-p5lpra83an2dksluconl9lpe8sqjcmj1ypzqeqp6wc.jpg\" alt=\"1-Hidrolik-teleskoipk-yu\u0308kleme-rampas\u0131-5\" \/><\/figure><\/a><\/div><div class=\"swiper-slide\" role=\"group\" aria-roledescription=\"slide\" aria-label=\"2 \/ 4\"><a data-elementor-open-lightbox=\"yes\" data-elementor-lightbox-slideshow=\"4b68fd00\" data-elementor-lightbox-title=\"1-hidrolik-Teleskopik-yu\u0308kleme-rampas\u0131-7\" data-e-action-hash=\"#elementor-action%3Aaction%3Dlightbox%26settings%3DeyJpZCI6Mzc2LCJ1cmwiOiJodHRwczpcL1wvaGVybWVzcy5jb20udHJcL2VuXC93cC1jb250ZW50XC91cGxvYWRzXC8yMDIxXC8wNFwvMS1oaWRyb2xpay1UZWxlc2tvcGlrLXl1XHUwMzA4a2xlbWUtcmFtcGFzaS03LmpwZyIsInNsaWRlc2hvdyI6IjRiNjhmZDAwIn0%3D\" href=\"https:\/\/hermess.com.tr\/en\/wp-content\/uploads\/2021\/04\/1-hidrolik-Teleskopik-yu\u0308kleme-rampasi-7.jpg\"><figure class=\"swiper-slide-inner\"><img decoding=\"async\" class=\"swiper-slide-image\" src=\"https:\/\/hermess.com.tr\/en\/wp-content\/uploads\/elementor\/thumbs\/1-hidrolik-Teleskopik-yu\u0308kleme-rampasi-7-p5lprdzg1z7iv8gdqqa3jkr8mc807exzb8lobujm7g.jpg\" alt=\"1-hidrolik-Teleskopik-yu\u0308kleme-rampas\u0131-7\" \/><\/figure><\/a><\/div><div class=\"swiper-slide\" role=\"group\" aria-roledescription=\"slide\" aria-label=\"3 \/ 4\"><a data-elementor-open-lightbox=\"yes\" data-elementor-lightbox-slideshow=\"4b68fd00\" data-elementor-lightbox-title=\"1-Hidrolik-teleskopik-yu\u0308kleme-rampas\u01313-1024x580\" data-e-action-hash=\"#elementor-action%3Aaction%3Dlightbox%26settings%3DeyJpZCI6Mzc1LCJ1cmwiOiJodHRwczpcL1wvaGVybWVzcy5jb20udHJcL2VuXC93cC1jb250ZW50XC91cGxvYWRzXC8yMDIxXC8wNFwvMS1IaWRyb2xpay10ZWxlc2tvcGlrLXl1XHUwMzA4a2xlbWUtcmFtcGFzaTMtMTAyNHg1ODAtMS5qcGciLCJzbGlkZXNob3ciOiI0YjY4ZmQwMCJ9\" href=\"https:\/\/hermess.com.tr\/en\/wp-content\/uploads\/2021\/04\/1-Hidrolik-teleskopik-yu\u0308kleme-rampasi3-1024x580-1.jpg\"><figure class=\"swiper-slide-inner\"><img decoding=\"async\" class=\"swiper-slide-image\" src=\"https:\/\/hermess.com.tr\/en\/wp-content\/uploads\/elementor\/thumbs\/1-Hidrolik-teleskopik-yu\u0308kleme-rampasi3-1024x580-1-p5lprd1lv568jmhqw7vgz2zs0ycmzpu8z3y6ukl0do.jpg\" alt=\"1-Hidrolik-teleskopik-yu\u0308kleme-rampas\u01313-1024x580\" \/><\/figure><\/a><\/div><div class=\"swiper-slide\" role=\"group\" aria-roledescription=\"slide\" aria-label=\"4 \/ 4\"><a data-elementor-open-lightbox=\"yes\" data-elementor-lightbox-slideshow=\"4b68fd00\" data-elementor-lightbox-title=\"Mentes\u0327eli-yu\u0308kleme-rampas\u01311-1-1024x640\" data-e-action-hash=\"#elementor-action%3Aaction%3Dlightbox%26settings%3DeyJpZCI6Mzc3LCJ1cmwiOiJodHRwczpcL1wvaGVybWVzcy5jb20udHJcL2VuXC93cC1jb250ZW50XC91cGxvYWRzXC8yMDIxXC8wNFwvTWVudGVzXHUwMzI3ZWxpLXl1XHUwMzA4a2xlbWUtcmFtcGFzaTEtMS0xMDI0eDY0MC0xLmpwZyIsInNsaWRlc2hvdyI6IjRiNjhmZDAwIn0%3D\" href=\"https:\/\/hermess.com.tr\/en\/wp-content\/uploads\/2021\/04\/Mentes\u0327eli-yu\u0308kleme-rampasi1-1-1024x640-1.jpg\"><figure class=\"swiper-slide-inner\"><img decoding=\"async\" class=\"swiper-slide-image\" src=\"https:\/\/hermess.com.tr\/en\/wp-content\/uploads\/elementor\/thumbs\/Mentes\u0327eli-yu\u0308kleme-rampasi1-1-1024x640-1-p5lprfv4fna3igdnfr3coka5t3yqmt5fzhwnaegtv0.jpg\" alt=\"Mentes\u0327eli-yu\u0308kleme-rampas\u01311-1-1024x640\" \/><\/figure><\/a><\/div>\t\t\t<\/div>\n\t\t\t\t\t\t\t\t\t\t\t\t<div class=\"elementor-swiper-button elementor-swiper-button-prev\" role=\"button\" tabindex=\"0\">\n\t\t\t\t\t\t<i aria-hidden=\"true\" class=\"eicon-chevron-left\"><\/i>\t\t\t\t\t<\/div>\n\t\t\t\t\t<div class=\"elementor-swiper-button elementor-swiper-button-next\" role=\"button\" tabindex=\"0\">\n\t\t\t\t\t\t<i aria-hidden=\"true\" class=\"eicon-chevron-right\"><\/i>\t\t\t\t\t<\/div>\n\t\t\t\t\n\t\t\t\t\t\t\t\t\t<div class=\"swiper-pagination\"><\/div>\n\t\t\t\t\t\t\t\t\t<\/div>\n\t\t\t\t<\/div>\n\t\t\t\t<\/div>\n\t\t\t\t\t<\/div>\n\t\t<\/div>\n\t\t\t\t\t<\/div>\n\t\t<\/section>\n\t\t\t\t<section class=\"elementor-section elementor-top-section elementor-element elementor-element-279e06df elementor-section-boxed elementor-section-height-default elementor-section-height-default\" data-id=\"279e06df\" data-element_type=\"section\" data-settings=\"{&quot;jet_parallax_layout_list&quot;:[{&quot;jet_parallax_layout_image&quot;:{&quot;url&quot;:&quot;&quot;,&quot;id&quot;:&quot;&quot;,&quot;size&quot;:&quot;&quot;},&quot;_id&quot;:&quot;8008d30&quot;,&quot;jet_parallax_layout_image_tablet&quot;:{&quot;url&quot;:&quot;&quot;,&quot;id&quot;:&quot;&quot;,&quot;size&quot;:&quot;&quot;},&quot;jet_parallax_layout_image_mobile&quot;:{&quot;url&quot;:&quot;&quot;,&quot;id&quot;:&quot;&quot;,&quot;size&quot;:&quot;&quot;},&quot;jet_parallax_layout_speed&quot;:{&quot;unit&quot;:&quot;%&quot;,&quot;size&quot;:50,&quot;sizes&quot;:[]},&quot;jet_parallax_layout_type&quot;:&quot;scroll&quot;,&quot;jet_parallax_layout_direction&quot;:null,&quot;jet_parallax_layout_fx_direction&quot;:null,&quot;jet_parallax_layout_z_index&quot;:&quot;&quot;,&quot;jet_parallax_layout_bg_x&quot;:50,&quot;jet_parallax_layout_bg_x_tablet&quot;:&quot;&quot;,&quot;jet_parallax_layout_bg_x_mobile&quot;:&quot;&quot;,&quot;jet_parallax_layout_bg_y&quot;:50,&quot;jet_parallax_layout_bg_y_tablet&quot;:&quot;&quot;,&quot;jet_parallax_layout_bg_y_mobile&quot;:&quot;&quot;,&quot;jet_parallax_layout_bg_size&quot;:&quot;auto&quot;,&quot;jet_parallax_layout_bg_size_tablet&quot;:&quot;&quot;,&quot;jet_parallax_layout_bg_size_mobile&quot;:&quot;&quot;,&quot;jet_parallax_layout_animation_prop&quot;:&quot;transform&quot;,&quot;jet_parallax_layout_on&quot;:[&quot;desktop&quot;,&quot;tablet&quot;]}]}\">\n\t\t\t\t\t\t<div class=\"elementor-container elementor-column-gap-default\">\n\t\t\t\t\t<div class=\"elementor-column elementor-col-100 elementor-top-column elementor-element elementor-element-594dca9a\" data-id=\"594dca9a\" data-element_type=\"column\">\n\t\t\t<div class=\"elementor-widget-wrap elementor-element-populated\">\n\t\t\t\t\t\t<div class=\"elementor-element elementor-element-b0e25cb elementor-widget elementor-widget-text-editor\" data-id=\"b0e25cb\" data-element_type=\"widget\" data-widget_type=\"text-editor.default\">\n\t\t\t\t<div class=\"elementor-widget-container\">\n\t\t\t\t\t\t\t<p><strong>TELESCOPIC LIP DOCK LEVELER<\/strong><\/p><p>Telescopic ramp; it is very useful with the adaptation of the hydraulic equipment and design which does not occupy any space by being buried in the concrete and especially the ramp which is longer for the cases where the loading of the hinged ramps is not enough in the container loads.<\/p><p>The 12 \/ 13mm thick hydraulic tongue, manufactured from 600mm to 1000mm, provides a complete solution for container loads<\/p><p>Increases business efficiency by shortening load time<\/p><p>High range of motion ensures adapts to every vehicle with the loading and unloading<\/p><p>Thanks to hydraulic and electrical compliance allows easy use<\/p><p>Fabricated teardrop pattern that prevents the forklift from slipping through sheet<\/p><p>Automatically adjusts its level according to vehicle height<\/p><p>Provides safe operation by stopping at the desired position<\/p><p>Yellow black safety tape that show its working<\/p><p>Exist 100x100x300 mm 2 rubber crash pads<\/p><p>Side protective sheets preventing foot jam<\/p><p>600 mm in length high strengthly 12\/13 teardrop pattern lip<\/p><p>Hose bursting valve that locks the system in sudden situations<\/p><p>Safety valve to prevent engine overload in maximum lift<\/p>\t\t\t\t\t\t<\/div>\n\t\t\t\t<\/div>\n\t\t\t\t\t<\/div>\n\t\t<\/div>\n\t\t\t\t\t<\/div>\n\t\t<\/section>\n\t\t\t\t<section class=\"elementor-section elementor-top-section elementor-element elementor-element-27b9d08 elementor-section-boxed elementor-section-height-default elementor-section-height-default\" data-id=\"27b9d08\" data-element_type=\"section\" data-settings=\"{&quot;jet_parallax_layout_list&quot;:[{&quot;jet_parallax_layout_image&quot;:{&quot;url&quot;:&quot;&quot;,&quot;id&quot;:&quot;&quot;,&quot;size&quot;:&quot;&quot;},&quot;_id&quot;:&quot;14887aa&quot;,&quot;jet_parallax_layout_image_tablet&quot;:{&quot;url&quot;:&quot;&quot;,&quot;id&quot;:&quot;&quot;,&quot;size&quot;:&quot;&quot;},&quot;jet_parallax_layout_image_mobile&quot;:{&quot;url&quot;:&quot;&quot;,&quot;id&quot;:&quot;&quot;,&quot;size&quot;:&quot;&quot;},&quot;jet_parallax_layout_speed&quot;:{&quot;unit&quot;:&quot;%&quot;,&quot;size&quot;:50,&quot;sizes&quot;:[]},&quot;jet_parallax_layout_type&quot;:&quot;scroll&quot;,&quot;jet_parallax_layout_direction&quot;:null,&quot;jet_parallax_layout_fx_direction&quot;:null,&quot;jet_parallax_layout_z_index&quot;:&quot;&quot;,&quot;jet_parallax_layout_bg_x&quot;:50,&quot;jet_parallax_layout_bg_x_tablet&quot;:&quot;&quot;,&quot;jet_parallax_layout_bg_x_mobile&quot;:&quot;&quot;,&quot;jet_parallax_layout_bg_y&quot;:50,&quot;jet_parallax_layout_bg_y_tablet&quot;:&quot;&quot;,&quot;jet_parallax_layout_bg_y_mobile&quot;:&quot;&quot;,&quot;jet_parallax_layout_bg_size&quot;:&quot;auto&quot;,&quot;jet_parallax_layout_bg_size_tablet&quot;:&quot;&quot;,&quot;jet_parallax_layout_bg_size_mobile&quot;:&quot;&quot;,&quot;jet_parallax_layout_animation_prop&quot;:&quot;transform&quot;,&quot;jet_parallax_layout_on&quot;:[&quot;desktop&quot;,&quot;tablet&quot;]}]}\">\n\t\t\t\t\t\t<div class=\"elementor-container elementor-column-gap-default\">\n\t\t\t\t\t<div class=\"elementor-column elementor-col-100 elementor-top-column elementor-element elementor-element-59470ad\" data-id=\"59470ad\" data-element_type=\"column\">\n\t\t\t<div class=\"elementor-widget-wrap elementor-element-populated\">\n\t\t\t\t\t\t<div class=\"elementor-element elementor-element-c267051 elementor-widget elementor-widget-toggle\" data-id=\"c267051\" data-element_type=\"widget\" data-widget_type=\"toggle.default\">\n\t\t\t\t<div class=\"elementor-widget-container\">\n\t\t\t\t\t<div class=\"elementor-toggle\">\n\t\t\t\t\t\t\t<div class=\"elementor-toggle-item\">\n\t\t\t\t\t<div id=\"elementor-tab-title-2031\" class=\"elementor-tab-title\" data-tab=\"1\" role=\"button\" aria-controls=\"elementor-tab-content-2031\" aria-expanded=\"false\">\n\t\t\t\t\t\t\t\t\t\t\t\t<span class=\"elementor-toggle-icon elementor-toggle-icon-left\" aria-hidden=\"true\">\n\t\t\t\t\t\t\t\t\t\t\t\t\t\t\t<span class=\"elementor-toggle-icon-closed\"><i class=\"fas fa-caret-right\"><\/i><\/span>\n\t\t\t\t\t\t\t\t<span class=\"elementor-toggle-icon-opened\"><i class=\"elementor-toggle-icon-opened fas fa-caret-up\"><\/i><\/span>\n\t\t\t\t\t\t\t\t\t\t\t\t\t<\/span>\n\t\t\t\t\t\t\t\t\t\t\t\t<a class=\"elementor-toggle-title\" tabindex=\"0\">Telescopic Door<\/a>\n\t\t\t\t\t<\/div>\n\n\t\t\t\t\t<div id=\"elementor-tab-content-2031\" class=\"elementor-tab-content elementor-clearfix\" data-tab=\"1\" role=\"region\" aria-labelledby=\"elementor-tab-title-2031\"><p>A <strong>loading dock leveler<\/strong> is a specialized piece of equipment that is used to counter the effects of slippage on a loading dock.<\/p><p>The main difference between an ordinary level and a loading dock leveler is in how they work. An ordinary level simply moves loads up and down an incline, while a loading dock leveler applies a rotary motion to load up a space by gradually lowering the ramp.<\/p><p>Unlike an ordinary level, a level loader has the capacity to perform much heavier loads. It is best suited for leveling off a large loading dock that is not in use on a regular basis. Levelers are often rented on a weekly or monthly basis.<\/p><p>There are many factors to consider when choosing a <strong>loading dock leveler<\/strong> selection. Factors such as the rate of the water level, the size and length of the line, and the weight of the goods to be loaded should all be taken into consideration when making a selection.<\/p><p>The initial cost of the equipment should also be a factor to take into consideration, since the cost of the leveler may eventually become higher than the initial investment.<\/p><p>When it comes to renting a leveler, it is always wise to do a thorough check of the company that you are going to rent from.<\/p><p>Always read through the terms of the agreement so that there are no surprises when it comes time to pay for the equipment.<\/p><p>If you are looking for a secure, economical, easy-to-use and high security door to install in your home or business premises, then it&#8217;s worth consulting an industry expert who can provide you with a top-notch range of <strong>telescopic door<\/strong> options.<\/p><p>With so many different types of doors on the market, it&#8217;s important to choose one that will give your facility access whilst also meeting your security and safety requirements.<\/p><p>As well as being easy to install, safe and secure, a top quality, custom-designed door from a leading supplier of security equipment and access solutions is the best way to ensure you get exactly what you need at an affordable price &#8211; with minimum fuss.<\/p><h2>Dock Door Levelers<\/h2><p>When it comes to choosing between all the different types of <strong>dock door levelers<\/strong>, there are a variety of factors you have to take into account.<\/p><p>First of all, what is your budget? You also have to decide between having your deck or dock raised, between a deck that&#8217;s on top of your house or on top of the ground, between soft and hard docks, between an open or enclosed system, among other things. Luckily, because of modern engineering advancements, there are now more options available than ever before.<\/p><p>For the best loading dock leveler and <strong>telescopic door<\/strong> options, you should definitely visit the website of Hermes.<\/p><\/div>\n\t\t\t\t<\/div>\n\t\t\t\t\t\t\t\t<\/div>\n\t\t\t\t<\/div>\n\t\t\t\t<\/div>\n\t\t\t\t\t<\/div>\n\t\t<\/div>\n\t\t\t\t\t<\/div>\n\t\t<\/section>\n\t\t\t\t<\/div>\n\t\t","protected":false},"excerpt":{"rendered":"<p>Previous Next TELESCOPIC LIP DOCK LEVELER Telescopic ramp; it is very useful with the adaptation of the hydraulic equipment and design which does not occupy any space by being buried in the concrete and especially the ramp which is longer for the cases where the loading of the hinged ramps is not enough in the [&hellip;]<\/p>\n","protected":false},"author":1,"featured_media":0,"parent":0,"menu_order":0,"comment_status":"closed","ping_status":"closed","template":"","meta":{"_acf_changed":false,"_joinchat":[],"footnotes":""},"class_list":["post-959","page","type-page","status-publish","hentry"],"acf":[],"yoast_head":"<!-- This site is optimized with the Yoast SEO plugin v21.1 - https:\/\/yoast.com\/wordpress\/plugins\/seo\/ -->\n<title>Telescopic Lip Dock Leveler - Hermes End\u00fcstriyel Kap\u0131<\/title>\n<meta name=\"robots\" content=\"index, follow, max-snippet:-1, max-image-preview:large, max-video-preview:-1\" \/>\n<link rel=\"canonical\" href=\"https:\/\/hermess.com.tr\/en\/telescopic-lip-dock-leveller\/\" \/>\n<meta property=\"og:locale\" content=\"tr_TR\" \/>\n<meta property=\"og:type\" content=\"article\" \/>\n<meta property=\"og:title\" content=\"Telescopic Lip Dock Leveler - Hermes End\u00fcstriyel Kap\u0131\" \/>\n<meta property=\"og:description\" content=\"Previous Next TELESCOPIC LIP DOCK LEVELER Telescopic ramp; it is very useful with the adaptation of the hydraulic equipment and design which does not occupy any space by being buried in the concrete and especially the ramp which is longer for the cases where the loading of the hinged ramps is not enough in the [&hellip;]\" \/>\n<meta property=\"og:url\" content=\"https:\/\/hermess.com.tr\/en\/telescopic-lip-dock-leveller\/\" \/>\n<meta property=\"og:site_name\" content=\"Hermes End\u00fcstriyel Kap\u0131\" \/>\n<meta property=\"article:modified_time\" content=\"2021-06-23T09:01:36+00:00\" \/>\n<meta name=\"twitter:card\" content=\"summary_large_image\" \/>\n<meta name=\"twitter:label1\" content=\"Tahmini okuma s\u00fcresi\" \/>\n\t<meta name=\"twitter:data1\" content=\"5 dakika\" \/>\n<script type=\"application\/ld+json\" class=\"yoast-schema-graph\">{\"@context\":\"https:\/\/schema.org\",\"@graph\":[{\"@type\":\"WebPage\",\"@id\":\"https:\/\/hermess.com.tr\/en\/telescopic-lip-dock-leveller\/\",\"url\":\"https:\/\/hermess.com.tr\/en\/telescopic-lip-dock-leveller\/\",\"name\":\"Telescopic Lip Dock Leveler - Hermes End\u00fcstriyel Kap\u0131\",\"isPartOf\":{\"@id\":\"https:\/\/hermess.com.tr\/en\/#website\"},\"datePublished\":\"2021-04-29T11:34:42+00:00\",\"dateModified\":\"2021-06-23T09:01:36+00:00\",\"breadcrumb\":{\"@id\":\"https:\/\/hermess.com.tr\/en\/telescopic-lip-dock-leveller\/#breadcrumb\"},\"inLanguage\":\"tr\",\"potentialAction\":[{\"@type\":\"ReadAction\",\"target\":[\"https:\/\/hermess.com.tr\/en\/telescopic-lip-dock-leveller\/\"]}]},{\"@type\":\"BreadcrumbList\",\"@id\":\"https:\/\/hermess.com.tr\/en\/telescopic-lip-dock-leveller\/#breadcrumb\",\"itemListElement\":[{\"@type\":\"ListItem\",\"position\":1,\"name\":\"Anasayfa\",\"item\":\"https:\/\/hermess.com.tr\/en\/\"},{\"@type\":\"ListItem\",\"position\":2,\"name\":\"Telescopic Lip Dock Leveler\"}]},{\"@type\":\"WebSite\",\"@id\":\"https:\/\/hermess.com.tr\/en\/#website\",\"url\":\"https:\/\/hermess.com.tr\/en\/\",\"name\":\"Hermes End\u00fcstriyel Kap\u0131\",\"description\":\"End\u00fcstriyel Kap\u0131 \u00dcreticisi\",\"potentialAction\":[{\"@type\":\"SearchAction\",\"target\":{\"@type\":\"EntryPoint\",\"urlTemplate\":\"https:\/\/hermess.com.tr\/en\/?s={search_term_string}\"},\"query-input\":\"required name=search_term_string\"}],\"inLanguage\":\"tr\"}]}<\/script>\n<!-- \/ Yoast SEO plugin. -->","yoast_head_json":{"title":"Telescopic Lip Dock Leveler - Hermes End\u00fcstriyel Kap\u0131","robots":{"index":"index","follow":"follow","max-snippet":"max-snippet:-1","max-image-preview":"max-image-preview:large","max-video-preview":"max-video-preview:-1"},"canonical":"https:\/\/hermess.com.tr\/en\/telescopic-lip-dock-leveller\/","og_locale":"tr_TR","og_type":"article","og_title":"Telescopic Lip Dock Leveler - Hermes End\u00fcstriyel Kap\u0131","og_description":"Previous Next TELESCOPIC LIP DOCK LEVELER Telescopic ramp; it is very useful with the adaptation of the hydraulic equipment and design which does not occupy any space by being buried in the concrete and especially the ramp which is longer for the cases where the loading of the hinged ramps is not enough in the [&hellip;]","og_url":"https:\/\/hermess.com.tr\/en\/telescopic-lip-dock-leveller\/","og_site_name":"Hermes End\u00fcstriyel Kap\u0131","article_modified_time":"2021-06-23T09:01:36+00:00","twitter_card":"summary_large_image","twitter_misc":{"Tahmini okuma s\u00fcresi":"5 dakika"},"schema":{"@context":"https:\/\/schema.org","@graph":[{"@type":"WebPage","@id":"https:\/\/hermess.com.tr\/en\/telescopic-lip-dock-leveller\/","url":"https:\/\/hermess.com.tr\/en\/telescopic-lip-dock-leveller\/","name":"Telescopic Lip Dock Leveler - Hermes End\u00fcstriyel Kap\u0131","isPartOf":{"@id":"https:\/\/hermess.com.tr\/en\/#website"},"datePublished":"2021-04-29T11:34:42+00:00","dateModified":"2021-06-23T09:01:36+00:00","breadcrumb":{"@id":"https:\/\/hermess.com.tr\/en\/telescopic-lip-dock-leveller\/#breadcrumb"},"inLanguage":"tr","potentialAction":[{"@type":"ReadAction","target":["https:\/\/hermess.com.tr\/en\/telescopic-lip-dock-leveller\/"]}]},{"@type":"BreadcrumbList","@id":"https:\/\/hermess.com.tr\/en\/telescopic-lip-dock-leveller\/#breadcrumb","itemListElement":[{"@type":"ListItem","position":1,"name":"Anasayfa","item":"https:\/\/hermess.com.tr\/en\/"},{"@type":"ListItem","position":2,"name":"Telescopic Lip Dock Leveler"}]},{"@type":"WebSite","@id":"https:\/\/hermess.com.tr\/en\/#website","url":"https:\/\/hermess.com.tr\/en\/","name":"Hermes End\u00fcstriyel Kap\u0131","description":"End\u00fcstriyel Kap\u0131 \u00dcreticisi","potentialAction":[{"@type":"SearchAction","target":{"@type":"EntryPoint","urlTemplate":"https:\/\/hermess.com.tr\/en\/?s={search_term_string}"},"query-input":"required name=search_term_string"}],"inLanguage":"tr"}]}},"_links":{"self":[{"href":"https:\/\/hermess.com.tr\/en\/wp-json\/wp\/v2\/pages\/959"}],"collection":[{"href":"https:\/\/hermess.com.tr\/en\/wp-json\/wp\/v2\/pages"}],"about":[{"href":"https:\/\/hermess.com.tr\/en\/wp-json\/wp\/v2\/types\/page"}],"author":[{"embeddable":true,"href":"https:\/\/hermess.com.tr\/en\/wp-json\/wp\/v2\/users\/1"}],"replies":[{"embeddable":true,"href":"https:\/\/hermess.com.tr\/en\/wp-json\/wp\/v2\/comments?post=959"}],"version-history":[{"count":21,"href":"https:\/\/hermess.com.tr\/en\/wp-json\/wp\/v2\/pages\/959\/revisions"}],"predecessor-version":[{"id":1573,"href":"https:\/\/hermess.com.tr\/en\/wp-json\/wp\/v2\/pages\/959\/revisions\/1573"}],"wp:attachment":[{"href":"https:\/\/hermess.com.tr\/en\/wp-json\/wp\/v2\/media?parent=959"}],"curies":[{"name":"wp","href":"https:\/\/api.w.org\/{rel}","templated":true}]}}